{"id":32639,"date":"2023-12-21T17:25:51","date_gmt":"2023-12-21T17:25:51","guid":{"rendered":"https:\/\/e.kosmolat.eu\/product\/dd-sejas-krems-kumelite-un-timians-250-ml\/"},"modified":"2026-04-22T10:32:25","modified_gmt":"2026-04-22T10:32:25","slug":"dd-sejas-krems-kumelite-un-timians-250-ml","status":"publish","type":"product","link":"https:\/\/e.kosmolat.eu\/lv\/product\/dd-sejas-krems-kumelite-un-timians-250-ml\/","title":{"rendered":"&#8220;DD&#8221; Sejas kr\u0113ms &#8220;Kumel\u012bte un timi\u0101ns&#8221;, 250 ml"},"content":{"rendered":"<p>Kumel\u012bte nov\u0113r\u0161 kairin\u0101jumu un iekaisumu. Univers\u0101ls kr\u0113ms nomierina \u0101du un pie\u0161\u0137ir maigu gludumu. Ir bag\u0101tin\u0101ts ar kumel\u012btes ekstraktu &#8211; dab\u012bgu antisepti\u0137i, efekt\u012bvu l\u012bdzekli kairin\u0101jumu no\u0146em\u0161anai. Pa\u0101trina atjauno\u0161anas procesus. M\u0101rsilam piem\u012bt izteiktas antiseptisks, pretiekaisuma un toniz\u0113jo\u0161s efekts.<\/p>\n<p>Lieto\u0161ana: uzkl\u0101t kr\u0113mu uz t\u012bras sausas \u0101das. Lietot sejai, kaklam, \u0137ermenim.<\/p>\n<p>Piesardz\u012bbas pas\u0101kumi: paaugstin\u0101ta individu\u0101l\u0101 jut\u012bba uz atsevi\u0161\u0137\u0101m sast\u0101vda\u013c\u0101m.\u00a0<\/p>\n","protected":false},"excerpt":{"rendered":"<p>Kumel\u012bte nov\u0113r\u0161 kairin\u0101jumu un iekaisumu. Univers\u0101ls kr\u0113ms nomierina \u0101du un pie\u0161\u0137ir maigu gludumu. Ir bag\u0101tin\u0101ts ar kumel\u012btes ekstraktu &#8211; dab\u012bgu antisepti\u0137i, efekt\u012bvu l\u012bdzekli kairin\u0101jumu no\u0146em\u0161anai. Pa\u0101trina atjauno\u0161anas procesus. M\u0101rsilam piem\u012bt izteiktas antiseptisks, pretiekaisuma un toniz\u0113jo\u0161s efekts. Lieto\u0161ana: uzkl\u0101t kr\u0113mu uz t\u012bras sausas \u0101das. Lietot sejai, kaklam, \u0137ermenim. Piesardz\u012bbas pas\u0101kumi: paaugstin\u0101ta individu\u0101l\u0101 jut\u012bba uz atsevi\u0161\u0137\u0101m sast\u0101vda\u013c\u0101m.\u00a0<\/p>\n","protected":false},"featured_media":79662,"template":"","meta":[],"product_cat":[1999],"product_tag":[],"class_list":{"0":"post-32639","1":"product","2":"type-product","3":"status-publish","4":"has-post-thumbnail","6":"product_brand-elfa_ua","7":"product_cat-bez-kategorijas","9":"first","10":"instock","11":"taxable","12":"shipping-taxable","13":"product-type-simple"},"_links":{"self":[{"href":"https:\/\/e.kosmolat.eu\/lv\/wp-json\/wp\/v2\/product\/32639","targetHints":{"allow":["GET"]}}],"collection":[{"href":"https:\/\/e.kosmolat.eu\/lv\/wp-json\/wp\/v2\/product"}],"about":[{"href":"https:\/\/e.kosmolat.eu\/lv\/wp-json\/wp\/v2\/types\/product"}],"wp:featuredmedia":[{"embeddable":true,"href":"https:\/\/e.kosmolat.eu\/lv\/wp-json\/wp\/v2\/media\/79662"}],"wp:attachment":[{"href":"https:\/\/e.kosmolat.eu\/lv\/wp-json\/wp\/v2\/media?parent=32639"}],"wp:term":[{"taxonomy":"product_cat","embeddable":true,"href":"https:\/\/e.kosmolat.eu\/lv\/wp-json\/wp\/v2\/product_cat?post=32639"},{"taxonomy":"product_tag","embeddable":true,"href":"https:\/\/e.kosmolat.eu\/lv\/wp-json\/wp\/v2\/product_tag?post=32639"}],"curies":[{"name":"wp","href":"https:\/\/api.w.org\/{rel}","templated":true}]}}