{"id":32635,"date":"2023-12-21T17:25:31","date_gmt":"2023-12-21T17:25:31","guid":{"rendered":"https:\/\/e.kosmolat.eu\/product\/dd-sejas-krems-smiltserkiskis-pretgrumbu-42-ml\/"},"modified":"2026-04-22T13:29:27","modified_gmt":"2026-04-22T13:29:27","slug":"the-dr-hc-sejas-krems-smiltserkiskis-pretgrumbu-42-ml","status":"publish","type":"product","link":"https:\/\/e.kosmolat.eu\/lv\/product\/the-dr-hc-sejas-krems-smiltserkiskis-pretgrumbu-42-ml\/","title":{"rendered":"The Dr. H&#038;C Sejas kr\u0113ms &#8220;Smilts\u0113rki\u0161\u0137is&#8221; pretgrumbu, 42 ml"},"content":{"rendered":"<p>Kr\u0113ms bag\u0101tin\u0101ts ar smilts\u0113rk\u0161\u0137u e\u013c\u013cu. Smilts\u0113rk\u0161\u0137u e\u013c\u013c\u0101 eso\u0161ie A un E vitam\u012bniem piem\u012bt sp\u0113ja nov\u0113rst grumbu par\u0101d\u012b\u0161anos. E\u013c\u013ca baro un m\u012bkstina \u0101du, pies\u0101tina ar v\u0113rt\u012bg\u0101m viel\u0101m.<\/p>\n<h4>Lieto\u0161ana:<\/h4>\n<p>uzkl\u0101t uz sausas t\u012bras sejas \u0101das.\u00a0<\/p>\n","protected":false},"excerpt":{"rendered":"<p>Kr\u0113ms bag\u0101tin\u0101ts ar smilts\u0113rk\u0161\u0137u e\u013c\u013cu. Smilts\u0113rk\u0161\u0137u e\u013c\u013c\u0101 eso\u0161ie A un E vitam\u012bniem piem\u012bt sp\u0113ja nov\u0113rst grumbu par\u0101d\u012b\u0161anos. E\u013c\u013ca baro un m\u012bkstina \u0101du, pies\u0101tina ar v\u0113rt\u012bg\u0101m viel\u0101m. Lieto\u0161ana: uzkl\u0101t uz sausas t\u012bras sejas \u0101das.\u00a0<\/p>\n","protected":false},"featured_media":79014,"template":"","meta":[],"product_cat":[1999],"product_tag":[],"class_list":{"0":"post-32635","1":"product","2":"type-product","3":"status-publish","4":"has-post-thumbnail","6":"product_brand-elfa_ua","7":"product_cat-bez-kategorijas","9":"first","10":"instock","11":"taxable","12":"shipping-taxable","13":"product-type-simple"},"_links":{"self":[{"href":"https:\/\/e.kosmolat.eu\/lv\/wp-json\/wp\/v2\/product\/32635","targetHints":{"allow":["GET"]}}],"collection":[{"href":"https:\/\/e.kosmolat.eu\/lv\/wp-json\/wp\/v2\/product"}],"about":[{"href":"https:\/\/e.kosmolat.eu\/lv\/wp-json\/wp\/v2\/types\/product"}],"wp:featuredmedia":[{"embeddable":true,"href":"https:\/\/e.kosmolat.eu\/lv\/wp-json\/wp\/v2\/media\/79014"}],"wp:attachment":[{"href":"https:\/\/e.kosmolat.eu\/lv\/wp-json\/wp\/v2\/media?parent=32635"}],"wp:term":[{"taxonomy":"product_cat","embeddable":true,"href":"https:\/\/e.kosmolat.eu\/lv\/wp-json\/wp\/v2\/product_cat?post=32635"},{"taxonomy":"product_tag","embeddable":true,"href":"https:\/\/e.kosmolat.eu\/lv\/wp-json\/wp\/v2\/product_tag?post=32635"}],"curies":[{"name":"wp","href":"https:\/\/api.w.org\/{rel}","templated":true}]}}