{"id":32631,"date":"2023-12-21T17:25:12","date_gmt":"2023-12-21T17:25:12","guid":{"rendered":"https:\/\/e.kosmolat.eu\/product\/dd-sejas-krems-klingerite-barojoss-42-ml\/"},"modified":"2026-04-22T10:31:58","modified_gmt":"2026-04-22T10:31:58","slug":"the-dr-hc-sejas-krems-klingerite-barojoss-42-ml","status":"publish","type":"product","link":"https:\/\/e.kosmolat.eu\/lv\/product\/the-dr-hc-sejas-krems-klingerite-barojoss-42-ml\/","title":{"rendered":"The Dr. H&#038;C Sejas kr\u0113ms &#8220;Klin\u0123er\u012bte&#8221; barojo\u0161s, 42 ml"},"content":{"rendered":"<p>Barojo\u0161s kr\u0113ms ir paredz\u0113ts ikdienas sejas \u0101das kop\u0161anai. T\u0101 sast\u0101v\u0101 ietilpst \u0101rstniecisk\u0101 kli\u0146\u0123er\u012bte, kura nov\u0113r\u0161 iekaisumus un kairinajumus, ir bag\u0101ta ar &#8220;jaun\u012bbas vitam\u012bniem&#8221; &#8211; A un E. Pateicoties kr\u0113ma lieto\u0161anai, \u0101da k\u013c\u016bst maiga, gluda un tvirta. Izskat\u0101s svaiga, saglab\u0101 savu skaistumu.<\/p>\n<h4>Lieto\u0161ana:<\/h4>\n<p>uzkl\u0101t uz t\u012bras sausas sejas \u0101das.\u00a0<\/p>\n","protected":false},"excerpt":{"rendered":"<p>Barojo\u0161s kr\u0113ms ir paredz\u0113ts ikdienas sejas \u0101das kop\u0161anai. T\u0101 sast\u0101v\u0101 ietilpst \u0101rstniecisk\u0101 kli\u0146\u0123er\u012bte, kura nov\u0113r\u0161 iekaisumus un kairinajumus, ir bag\u0101ta ar &#8220;jaun\u012bbas vitam\u012bniem&#8221; &#8211; A un E. Pateicoties kr\u0113ma lieto\u0161anai, \u0101da k\u013c\u016bst maiga, gluda un tvirta. Izskat\u0101s svaiga, saglab\u0101 savu skaistumu. Lieto\u0161ana: uzkl\u0101t uz t\u012bras sausas sejas \u0101das.\u00a0<\/p>\n","protected":false},"featured_media":79010,"template":"","meta":[],"product_cat":[1999],"product_tag":[],"class_list":{"0":"post-32631","1":"product","2":"type-product","3":"status-publish","4":"has-post-thumbnail","6":"product_brand-elfa_ua","7":"product_cat-bez-kategorijas","9":"first","10":"instock","11":"taxable","12":"shipping-taxable","13":"product-type-simple"},"_links":{"self":[{"href":"https:\/\/e.kosmolat.eu\/lv\/wp-json\/wp\/v2\/product\/32631","targetHints":{"allow":["GET"]}}],"collection":[{"href":"https:\/\/e.kosmolat.eu\/lv\/wp-json\/wp\/v2\/product"}],"about":[{"href":"https:\/\/e.kosmolat.eu\/lv\/wp-json\/wp\/v2\/types\/product"}],"wp:featuredmedia":[{"embeddable":true,"href":"https:\/\/e.kosmolat.eu\/lv\/wp-json\/wp\/v2\/media\/79010"}],"wp:attachment":[{"href":"https:\/\/e.kosmolat.eu\/lv\/wp-json\/wp\/v2\/media?parent=32631"}],"wp:term":[{"taxonomy":"product_cat","embeddable":true,"href":"https:\/\/e.kosmolat.eu\/lv\/wp-json\/wp\/v2\/product_cat?post=32631"},{"taxonomy":"product_tag","embeddable":true,"href":"https:\/\/e.kosmolat.eu\/lv\/wp-json\/wp\/v2\/product_tag?post=32631"}],"curies":[{"name":"wp","href":"https:\/\/api.w.org\/{rel}","templated":true}]}}