{"id":32627,"date":"2023-12-21T17:24:52","date_gmt":"2023-12-21T17:24:52","guid":{"rendered":"https:\/\/e.kosmolat.eu\/product\/dd-sejas-krems-zensens-atjaunojoss-42-ml\/"},"modified":"2026-04-22T10:31:43","modified_gmt":"2026-04-22T10:31:43","slug":"the-dr-hc-sejas-krems-zensens-atjaunojoss-42-ml","status":"publish","type":"product","link":"https:\/\/e.kosmolat.eu\/lv\/product\/the-dr-hc-sejas-krems-zensens-atjaunojoss-42-ml\/","title":{"rendered":"The Dr. H&#038;C Sejas kr\u0113ms &#8220;\u017den\u0161e\u0146s&#8221; atjaunojo\u0161s, 42 ml"},"content":{"rendered":"<p>Atjaunino&scaron;s kr\u0113ms atgrie\u017e \u0101dai tvirtumu, elast\u012bbu un svaigumu. T\u0101 sast\u0101v\u0101 ir \u0136\u012bnas \u017ee\u0146&scaron;e\u0146s &#8211; &quot;jaun\u012bbas kataliz\u0101tors&quot;. Tas ne tikai veicina \u0101das atjaunin\u0101&scaron;anos un kav\u0113 grumbu par\u0101d\u012b&scaron;anos, bet ar\u012b pal\u012bdz nov\u0113rst noguruma p\u0113das. Man\u0101mi kav\u0113 \u0101das v\u012b&scaron;anu un noveco&scaron;anos.&nbsp;<\/p>\n<p><strong>Lieto&scaron;ana:<\/strong>&nbsp;uzkl\u0101t uz sausas t\u012bras sejas \u0101das.&nbsp;<\/p>\n","protected":false},"excerpt":{"rendered":"<p>Atjaunino&scaron;s kr\u0113ms atgrie\u017e \u0101dai tvirtumu, elast\u012bbu un svaigumu. T\u0101 sast\u0101v\u0101 ir \u0136\u012bnas \u017ee\u0146&scaron;e\u0146s &#8211; &quot;jaun\u012bbas kataliz\u0101tors&quot;. Tas ne tikai veicina \u0101das atjaunin\u0101&scaron;anos un kav\u0113 grumbu par\u0101d\u012b&scaron;anos, bet ar\u012b pal\u012bdz nov\u0113rst noguruma p\u0113das. Man\u0101mi kav\u0113 \u0101das v\u012b&scaron;anu un noveco&scaron;anos.&nbsp; Lieto&scaron;ana:&nbsp;uzkl\u0101t uz sausas t\u012bras sejas \u0101das.&nbsp;<\/p>\n","protected":false},"featured_media":79006,"template":"","meta":[],"product_cat":[1999],"product_tag":[],"class_list":{"0":"post-32627","1":"product","2":"type-product","3":"status-publish","4":"has-post-thumbnail","6":"product_brand-elfa_ua","7":"product_cat-bez-kategorijas","9":"first","10":"instock","11":"taxable","12":"shipping-taxable","13":"product-type-simple"},"_links":{"self":[{"href":"https:\/\/e.kosmolat.eu\/lv\/wp-json\/wp\/v2\/product\/32627","targetHints":{"allow":["GET"]}}],"collection":[{"href":"https:\/\/e.kosmolat.eu\/lv\/wp-json\/wp\/v2\/product"}],"about":[{"href":"https:\/\/e.kosmolat.eu\/lv\/wp-json\/wp\/v2\/types\/product"}],"wp:featuredmedia":[{"embeddable":true,"href":"https:\/\/e.kosmolat.eu\/lv\/wp-json\/wp\/v2\/media\/79006"}],"wp:attachment":[{"href":"https:\/\/e.kosmolat.eu\/lv\/wp-json\/wp\/v2\/media?parent=32627"}],"wp:term":[{"taxonomy":"product_cat","embeddable":true,"href":"https:\/\/e.kosmolat.eu\/lv\/wp-json\/wp\/v2\/product_cat?post=32627"},{"taxonomy":"product_tag","embeddable":true,"href":"https:\/\/e.kosmolat.eu\/lv\/wp-json\/wp\/v2\/product_tag?post=32627"}],"curies":[{"name":"wp","href":"https:\/\/api.w.org\/{rel}","templated":true}]}}