{"id":32623,"date":"2023-12-21T17:24:31","date_gmt":"2023-12-21T17:24:31","guid":{"rendered":"https:\/\/e.kosmolat.eu\/product\/dd-sejas-krems-alveja-mitrinoss-42-ml\/"},"modified":"2026-04-22T10:31:29","modified_gmt":"2026-04-22T10:31:29","slug":"the-dr-hc-sejas-krems-alveja-mitrinoss-42-ml","status":"publish","type":"product","link":"https:\/\/e.kosmolat.eu\/lv\/product\/the-dr-hc-sejas-krems-alveja-mitrinoss-42-ml\/","title":{"rendered":"The Dr. H&#038;C Sejas kr\u0113ms &#8220;Alveja&#8221; mitrino\u0161s, 42 ml"},"content":{"rendered":"<p>Kr\u0113ma sast\u0101vda\u013cas kav\u0113 \u0101das p\u0101rm\u0113r\u012bgu sausumu, nov\u0113r&scaron; \u0101das lob\u012b&scaron;anos, k\u0101 rezult\u0101t\u0101 \u0101da k\u013c\u016bst gluda un pat\u012bkama, ilgsto&scaron;i saglab\u0101 svaigumu. T\u0101 iedarb\u012bbas pamat\u0101 ir unik\u0101las alvejas \u012bpa&scaron;\u012bbas, kas ide\u0101li mitrina un atjauno&nbsp;\u0101du.<\/p>\n<p><strong>Lieto&scaron;ana:<\/strong> uzkl\u0101t uz sausas t\u012bras sejas \u0101das.<\/p>\n<p><strong>Uzglab\u0101&scaron;anas temperat\u016bra:<\/strong> no +5 &deg;C l\u012bdz +25 &deg;C.<\/p>\n","protected":false},"excerpt":{"rendered":"<p>Kr\u0113ma sast\u0101vda\u013cas kav\u0113 \u0101das p\u0101rm\u0113r\u012bgu sausumu, nov\u0113r&scaron; \u0101das lob\u012b&scaron;anos, k\u0101 rezult\u0101t\u0101 \u0101da k\u013c\u016bst gluda un pat\u012bkama, ilgsto&scaron;i saglab\u0101 svaigumu. T\u0101 iedarb\u012bbas pamat\u0101 ir unik\u0101las alvejas \u012bpa&scaron;\u012bbas, kas ide\u0101li mitrina un atjauno&nbsp;\u0101du. Lieto&scaron;ana: uzkl\u0101t uz sausas t\u012bras sejas \u0101das. Uzglab\u0101&scaron;anas temperat\u016bra: no +5 &deg;C l\u012bdz +25 &deg;C.<\/p>\n","protected":false},"featured_media":79002,"template":"","meta":[],"product_cat":[1999],"product_tag":[],"class_list":{"0":"post-32623","1":"product","2":"type-product","3":"status-publish","4":"has-post-thumbnail","6":"product_brand-elfa_ua","7":"product_cat-bez-kategorijas","9":"first","10":"instock","11":"taxable","12":"shipping-taxable","13":"product-type-simple"},"_links":{"self":[{"href":"https:\/\/e.kosmolat.eu\/lv\/wp-json\/wp\/v2\/product\/32623","targetHints":{"allow":["GET"]}}],"collection":[{"href":"https:\/\/e.kosmolat.eu\/lv\/wp-json\/wp\/v2\/product"}],"about":[{"href":"https:\/\/e.kosmolat.eu\/lv\/wp-json\/wp\/v2\/types\/product"}],"wp:featuredmedia":[{"embeddable":true,"href":"https:\/\/e.kosmolat.eu\/lv\/wp-json\/wp\/v2\/media\/79002"}],"wp:attachment":[{"href":"https:\/\/e.kosmolat.eu\/lv\/wp-json\/wp\/v2\/media?parent=32623"}],"wp:term":[{"taxonomy":"product_cat","embeddable":true,"href":"https:\/\/e.kosmolat.eu\/lv\/wp-json\/wp\/v2\/product_cat?post=32623"},{"taxonomy":"product_tag","embeddable":true,"href":"https:\/\/e.kosmolat.eu\/lv\/wp-json\/wp\/v2\/product_tag?post=32623"}],"curies":[{"name":"wp","href":"https:\/\/api.w.org\/{rel}","templated":true}]}}