{"id":32619,"date":"2023-12-21T17:24:08","date_gmt":"2023-12-21T17:24:08","guid":{"rendered":"https:\/\/e.kosmolat.eu\/product\/caramel-mitrinoss-krems-pec-depilacijas-loti-jutigai-adai-150-ml\/"},"modified":"2026-04-22T13:29:12","modified_gmt":"2026-04-22T13:29:12","slug":"caramel-mitrinoss-krems-pec-depilacijas-loti-jutigai-adai-150-ml","status":"publish","type":"product","link":"https:\/\/e.kosmolat.eu\/lv\/product\/caramel-mitrinoss-krems-pec-depilacijas-loti-jutigai-adai-150-ml\/","title":{"rendered":"&#8220;Caramel&#8221; Mitrino\u0161s kr\u0113ms p\u0113c depil\u0101cijas \u013coti jut\u012bgai \u0101dai, 150 ml"},"content":{"rendered":"<p>\u013boti jut\u012bgai \u0101dai. Pret mati\u0146u ieaug&scaron;anu. Ar &scaron;\u012b sviestu un narci&scaron;u ekstraktu. Mitrino&scaron;s kr\u0113ms padara \u0101du \u012bpa&scaron;i gludu p\u0113c depil\u0101cijas. Atst\u0101j pat\u012bkamu arom\u0101tu. Bag\u0101tin\u0101ts ar &scaron;\u012b sviestu un r\u012bsu e\u013c\u013cu, hialuronsk\u0101bi, kuras veicina \u0101tru \u0101das hidrol\u012bdzsvara atjauno&scaron;anu. Argana e\u013c\u013ca lieliski mitrina un m\u012bkstina, pantenols un \u012arijas s\u016bnu ekstrakts nomierina aps\u0101rtumu un kairin\u0101jumu. Narci&scaron;u sak\u0146u ekstrakts pal\u0113nina jaunu mati\u0146u aug&scaron;anu, taj\u0101 laik\u0101 papa\u012bns kav\u0113 mati\u0146u ieaug&scaron;anu. Mati\u0146u ieaug&scaron;anas profilaksei tiek rekomend\u0113ts lietot skrubi.<\/p>\n<p><strong>Lieto&scaron;ana: <\/strong>ar viegl\u0101m kust\u012bb\u0101m uzkl\u0101t uz \u0101das p\u0113c depil\u0101cijas.<\/p>\n<p><strong>Piesardz\u012bbas pas\u0101kumi: <\/strong>paaugstin\u0101ta individu\u0101la jut\u012bba pret atsevi&scaron;\u0137\u0101m sast\u0101vda\u013c\u0101m.&nbsp;&nbsp;<\/p>\n","protected":false},"excerpt":{"rendered":"<p>\u013boti jut\u012bgai \u0101dai. Pret mati\u0146u ieaug&scaron;anu. Ar &scaron;\u012b sviestu un narci&scaron;u ekstraktu. Mitrino&scaron;s kr\u0113ms padara \u0101du \u012bpa&scaron;i gludu p\u0113c depil\u0101cijas. Atst\u0101j pat\u012bkamu arom\u0101tu. Bag\u0101tin\u0101ts ar &scaron;\u012b sviestu un r\u012bsu e\u013c\u013cu, hialuronsk\u0101bi, kuras veicina \u0101tru \u0101das hidrol\u012bdzsvara atjauno&scaron;anu. Argana e\u013c\u013ca lieliski mitrina un m\u012bkstina, pantenols un \u012arijas s\u016bnu ekstrakts nomierina aps\u0101rtumu un kairin\u0101jumu. Narci&scaron;u sak\u0146u ekstrakts [&#8230;]\n","protected":false},"featured_media":104448,"template":"","meta":[],"product_cat":[1999],"product_tag":[],"class_list":{"0":"post-32619","1":"product","2":"type-product","3":"status-publish","4":"has-post-thumbnail","6":"product_brand-elfa_ua","7":"product_cat-bez-kategorijas","9":"first","10":"instock","11":"taxable","12":"shipping-taxable","13":"product-type-simple"},"_links":{"self":[{"href":"https:\/\/e.kosmolat.eu\/lv\/wp-json\/wp\/v2\/product\/32619","targetHints":{"allow":["GET"]}}],"collection":[{"href":"https:\/\/e.kosmolat.eu\/lv\/wp-json\/wp\/v2\/product"}],"about":[{"href":"https:\/\/e.kosmolat.eu\/lv\/wp-json\/wp\/v2\/types\/product"}],"wp:featuredmedia":[{"embeddable":true,"href":"https:\/\/e.kosmolat.eu\/lv\/wp-json\/wp\/v2\/media\/104448"}],"wp:attachment":[{"href":"https:\/\/e.kosmolat.eu\/lv\/wp-json\/wp\/v2\/media?parent=32619"}],"wp:term":[{"taxonomy":"product_cat","embeddable":true,"href":"https:\/\/e.kosmolat.eu\/lv\/wp-json\/wp\/v2\/product_cat?post=32619"},{"taxonomy":"product_tag","embeddable":true,"href":"https:\/\/e.kosmolat.eu\/lv\/wp-json\/wp\/v2\/product_tag?post=32619"}],"curies":[{"name":"wp","href":"https:\/\/api.w.org\/{rel}","templated":true}]}}