{"id":32603,"date":"2023-12-21T17:22:21","date_gmt":"2023-12-21T17:22:21","guid":{"rendered":"https:\/\/e.kosmolat.eu\/product\/dr-s-femme-intime-pienins-intim-hig-maigs-pieskariens-230-ml\/"},"modified":"2026-04-17T07:12:20","modified_gmt":"2026-04-17T07:12:20","slug":"dr-s-femme-intime-pienins-intim-hig-maigs-pieskariens-230-ml","status":"publish","type":"product","link":"https:\/\/e.kosmolat.eu\/lv\/product\/dr-s-femme-intime-pienins-intim-hig-maigs-pieskariens-230-ml\/","title":{"rendered":"Dr.S.Femme Intime Pieni\u0146\u0161 int\u012bm.hig. &#8220;Maigs piesk\u0101riens&#8221;, 230 ml"},"content":{"rendered":"<ul>\n<li>fiziolo\u0123isks pH l\u012bmenis 4,8&#8230;5,2<\/li>\n<li>satur piensk\u0101bi<\/li>\n<li>bez SLS, SLES, ziep\u0113m, spirta un kr\u0101sviel\u0101m<\/li>\n<li>sniedz aizsarg\u0101jo\u0161u un mitrino\u0161u iedarb\u012bbu<\/li>\n<li>nodro\u0161ina t\u012br\u012bbas un svaiguma saj\u016btu visas dienas garum\u0101<\/li>\n<li>tiek rekomend\u0113ts ikdienas lieto\u0161an\u0101<\/li>\n<\/ul>\n<p>Ide\u0101li piem\u0113rots sieviet\u0113m, kur\u0101m ir jut\u012bg\u0101 g\u013cot\u0101da pret cieto \u016bdeni un mazg\u0101jo\u0161iem l\u012bdzek\u013ciem. Satur dab\u012bgu piensk\u0101bi, bisabololu, klin\u0123er\u012btes e\u013c\u013cu.<\/p>\n<p>Satur mazg\u0101jo\u0161\u0101s sast\u0101vda\u013cas, kuras ir ieg\u016btas no kokosriekstu e\u013c\u013cas, kuras, sal\u012bdzin\u0101jum\u0101 ar klasiskiem mazg\u0101jo\u0161iem l\u012bdzek\u013ciem, saudz\u012bgi att\u012bra g\u013cot\u0101du bez p\u0101rm\u0113r\u012bg\u0101 sausuma saj\u016btas.<\/p>\n<p>Piensk\u0101be uztur sk\u0101bu vidi, kas \u013cauj att\u012bst\u012bties int\u012bmo zonu norm\u0101lai mikroflorai un kav\u0113 pato\u0123\u0113no bakt\u0113riju un s\u0113n\u012b\u0161u att\u012bst\u012bbu.<\/p>\n<p>Bisabololam (akt\u012bv\u0101 kumel\u012btes sast\u0101vda\u013ca) piem\u012bt pretiekaisuma un atjaunojo\u0161s efekts, tas likvid\u0113 diskomforta saj\u016btu un \u0101das aps\u0101rtumu.<\/p>\n<p>Kli\u0146\u0123er\u012btes e\u013c\u013cai piem\u012bt m\u012bkstino\u0161a un re\u0123ener\u0113jo\u0161\u0101 iedarb\u012bba. Ide\u0101li piem\u0113rots \u013coti maigai int\u012bmo zonu \u0101dai.<\/p>\n","protected":false},"excerpt":{"rendered":"<p>fiziolo\u0123isks pH l\u012bmenis 4,8&#8230;5,2 satur piensk\u0101bi bez SLS, SLES, ziep\u0113m, spirta un kr\u0101sviel\u0101m sniedz aizsarg\u0101jo\u0161u un mitrino\u0161u iedarb\u012bbu nodro\u0161ina t\u012br\u012bbas un svaiguma saj\u016btu visas dienas garum\u0101 tiek rekomend\u0113ts ikdienas lieto\u0161an\u0101 Ide\u0101li piem\u0113rots sieviet\u0113m, kur\u0101m ir jut\u012bg\u0101 g\u013cot\u0101da pret cieto \u016bdeni un mazg\u0101jo\u0161iem l\u012bdzek\u013ciem. Satur dab\u012bgu piensk\u0101bi, bisabololu, klin\u0123er\u012btes e\u013c\u013cu. Satur mazg\u0101jo\u0161\u0101s sast\u0101vda\u013cas, kuras ir ieg\u016btas [&#8230;]\n","protected":false},"featured_media":79638,"template":"","meta":[],"product_cat":[1999],"product_tag":[],"class_list":{"0":"post-32603","1":"product","2":"type-product","3":"status-publish","4":"has-post-thumbnail","6":"product_brand-elfa_ua","7":"product_cat-bez-kategorijas","9":"first","10":"instock","11":"taxable","12":"shipping-taxable","13":"product-type-simple"},"_links":{"self":[{"href":"https:\/\/e.kosmolat.eu\/lv\/wp-json\/wp\/v2\/product\/32603","targetHints":{"allow":["GET"]}}],"collection":[{"href":"https:\/\/e.kosmolat.eu\/lv\/wp-json\/wp\/v2\/product"}],"about":[{"href":"https:\/\/e.kosmolat.eu\/lv\/wp-json\/wp\/v2\/types\/product"}],"wp:featuredmedia":[{"embeddable":true,"href":"https:\/\/e.kosmolat.eu\/lv\/wp-json\/wp\/v2\/media\/79638"}],"wp:attachment":[{"href":"https:\/\/e.kosmolat.eu\/lv\/wp-json\/wp\/v2\/media?parent=32603"}],"wp:term":[{"taxonomy":"product_cat","embeddable":true,"href":"https:\/\/e.kosmolat.eu\/lv\/wp-json\/wp\/v2\/product_cat?post=32603"},{"taxonomy":"product_tag","embeddable":true,"href":"https:\/\/e.kosmolat.eu\/lv\/wp-json\/wp\/v2\/product_tag?post=32603"}],"curies":[{"name":"wp","href":"https:\/\/api.w.org\/{rel}","templated":true}]}}