{"id":32599,"date":"2023-12-21T17:21:55","date_gmt":"2023-12-21T17:21:55","guid":{"rendered":"https:\/\/e.kosmolat.eu\/product\/dr-s-femme-intime-gels-intimai-higienai-maiga-kopsana-230-ml\/"},"modified":"2026-04-22T11:30:48","modified_gmt":"2026-04-22T11:30:48","slug":"dr-s-femme-intime-gels-intimai-higienai-maiga-kopsana-230-ml","status":"publish","type":"product","link":"https:\/\/e.kosmolat.eu\/lv\/product\/dr-s-femme-intime-gels-intimai-higienai-maiga-kopsana-230-ml\/","title":{"rendered":"&#8220;Dr.S.Femme Intime&#8221; G\u0113ls int\u012bmai higi\u0113nai &#8220;Maiga kop\u0161ana&#8221;, 230 ml"},"content":{"rendered":"<ul>\n<li>fiziolo\u0123isks pH l\u012bmenis 4,8&#8230;5,2&nbsp;<\/li>\n<li>satur piensk\u0101bij un allanto\u012bns<\/li>\n<li>bez SLS, SLES, ziep\u0113m, spirta un kr\u0101sviel\u0101m<\/li>\n<li>sniedz aizsarg\u0101jo\u0161u un mitrino\u0161u iedarb\u012bbu<\/li>\n<li>nodro\u0161ina t\u012br\u012bbas un svaiguma saj\u016btu vis\u0101 dienas garum\u0101<\/li>\n<li>tiek rekomend\u0113ts ikdienas lieto\u0161anai&nbsp;<\/li>\n<\/ul>\n<p>Satur mazg\u0101jo\u0161\u0101s sast\u0101vda\u013cas, ieg\u016btas no kokosriekstu e\u013c\u013cas, kuras, at\u0161\u0137ir\u012bb\u0101 no tradicion\u0101liem mazg\u0101jo\u0161iem l\u012bdzek\u013ciem, saudz\u012bgi att\u012bra g\u013cot\u0101du bez p\u0101rm\u0113r\u012bg\u0101 sausuma saj\u016btas.<\/p>\n<p>Piensk\u0101be uztur sk\u0101bo vidi, kas \u013cauj att\u012bst\u012bties int\u012bmo zonu norm\u0101lai mikroflorai un kav\u0113 patog\u0113no bakt\u0113riju un s\u0113n\u012b\u0161u att\u012bst\u012bbu.<\/p>\n<p>Allanto\u012bnam, kur\u0161 ir tauksaknes saknes satur\u0101, piem\u012bt nomierino\u0161a iedarb\u012bba, tas likvid\u0113 kairin\u0101jumus un aps\u0101rtumus.<\/p>\n<p>Kumel\u012bte<strong> <\/strong>satur pretiekaisuma un antiseptisk\u0101s sast\u0101vda\u013cas, sniedz nomierino\u0161u efektu un nov\u0113r\u0161 nepat\u012bkamus arom\u0101tus.<\/p>\n","protected":false},"excerpt":{"rendered":"<p>fiziolo\u0123isks pH l\u012bmenis 4,8&#8230;5,2&nbsp; satur piensk\u0101bij un allanto\u012bns bez SLS, SLES, ziep\u0113m, spirta un kr\u0101sviel\u0101m sniedz aizsarg\u0101jo\u0161u un mitrino\u0161u iedarb\u012bbu nodro\u0161ina t\u012br\u012bbas un svaiguma saj\u016btu vis\u0101 dienas garum\u0101 tiek rekomend\u0113ts ikdienas lieto\u0161anai&nbsp; Satur mazg\u0101jo\u0161\u0101s sast\u0101vda\u013cas, ieg\u016btas no kokosriekstu e\u013c\u013cas, kuras, at\u0161\u0137ir\u012bb\u0101 no tradicion\u0101liem mazg\u0101jo\u0161iem l\u012bdzek\u013ciem, saudz\u012bgi att\u012bra g\u013cot\u0101du bez p\u0101rm\u0113r\u012bg\u0101 sausuma saj\u016btas. Piensk\u0101be uztur sk\u0101bo [&#8230;]\n","protected":false},"featured_media":79634,"template":"","meta":[],"product_cat":[1999],"product_tag":[],"class_list":{"0":"post-32599","1":"product","2":"type-product","3":"status-publish","4":"has-post-thumbnail","6":"product_brand-elfa_ua","7":"product_cat-bez-kategorijas","9":"first","10":"instock","11":"taxable","12":"shipping-taxable","13":"product-type-simple"},"_links":{"self":[{"href":"https:\/\/e.kosmolat.eu\/lv\/wp-json\/wp\/v2\/product\/32599","targetHints":{"allow":["GET"]}}],"collection":[{"href":"https:\/\/e.kosmolat.eu\/lv\/wp-json\/wp\/v2\/product"}],"about":[{"href":"https:\/\/e.kosmolat.eu\/lv\/wp-json\/wp\/v2\/types\/product"}],"wp:featuredmedia":[{"embeddable":true,"href":"https:\/\/e.kosmolat.eu\/lv\/wp-json\/wp\/v2\/media\/79634"}],"wp:attachment":[{"href":"https:\/\/e.kosmolat.eu\/lv\/wp-json\/wp\/v2\/media?parent=32599"}],"wp:term":[{"taxonomy":"product_cat","embeddable":true,"href":"https:\/\/e.kosmolat.eu\/lv\/wp-json\/wp\/v2\/product_cat?post=32599"},{"taxonomy":"product_tag","embeddable":true,"href":"https:\/\/e.kosmolat.eu\/lv\/wp-json\/wp\/v2\/product_tag?post=32599"}],"curies":[{"name":"wp","href":"https:\/\/api.w.org\/{rel}","templated":true}]}}