{"id":32591,"date":"2023-12-21T17:21:11","date_gmt":"2023-12-21T17:21:11","guid":{"rendered":"https:\/\/e.kosmolat.eu\/product\/za-masazas-ella-sildosa-200-ml\/"},"modified":"2026-04-23T11:41:16","modified_gmt":"2026-04-23T11:41:16","slug":"gp-masazas-ella-sildosa-200-ml","status":"publish","type":"product","link":"https:\/\/e.kosmolat.eu\/lv\/product\/gp-masazas-ella-sildosa-200-ml\/","title":{"rendered":"GP Mas\u0101\u017eas e\u013c\u013ca Sildo\u0161a, 200 ml"},"content":{"rendered":"<p>Bez konservantiem, kr\u0101sviel\u0101m. Satur apels\u012bna, kan\u0113\u013ca un meln\u0101 pipara \u0113terisk\u0101s e\u013c\u013cas, mande\u013cu e\u013c\u013cu. Izstr\u0101d\u0101ta mas\u0101\u017eai ar nol\u016bku sasild\u012bt \u0101du. Nodro&scaron;ina labu roku sl\u012bdam\u012bbu un vieglu ies\u016bk&scaron;anos, neizraisa lip\u012bguma saj\u016btu p\u0113c mas\u0101\u017eas. Pastiprina limfodren\u0101\u017eo iedarb\u012bbu, kas izvada toks\u012bnus un nov\u0113r&scaron; t\u016bsku. Aktiviz\u0113 mikrocirkul\u0101ciju, kas uzlabo audu apg\u0101d\u0101&scaron;anu ar bar\u012bbas viel\u0101m un pastiprina atjauno&scaron;an\u0101s procesus.<\/p>\n<p><strong>Lieto&scaron;ana:<\/strong>&nbsp;Lietot jebkura tipa mas\u0101\u017eai. Pirms uzkl\u0101&scaron;anas uz \u0101das sasild\u012bt plaukst\u0101s.<\/p>\n<p>Uzman\u012bbu!&nbsp;Da\u017eos gad\u012bjumos, uzkl\u0101jot uz \u0101das, var izrais\u012bt intens\u012bvu \u0101das aps\u0101rtumu. Reakcija ir dabiska.&nbsp;<\/p>\n","protected":false},"excerpt":{"rendered":"<p>Bez konservantiem, kr\u0101sviel\u0101m. Satur apels\u012bna, kan\u0113\u013ca un meln\u0101 pipara \u0113terisk\u0101s e\u013c\u013cas, mande\u013cu e\u013c\u013cu. Izstr\u0101d\u0101ta mas\u0101\u017eai ar nol\u016bku sasild\u012bt \u0101du. Nodro&scaron;ina labu roku sl\u012bdam\u012bbu un vieglu ies\u016bk&scaron;anos, neizraisa lip\u012bguma saj\u016btu p\u0113c mas\u0101\u017eas. Pastiprina limfodren\u0101\u017eo iedarb\u012bbu, kas izvada toks\u012bnus un nov\u0113r&scaron; t\u016bsku. Aktiviz\u0113 mikrocirkul\u0101ciju, kas uzlabo audu apg\u0101d\u0101&scaron;anu ar bar\u012bbas viel\u0101m un pastiprina atjauno&scaron;an\u0101s procesus. Lieto&scaron;ana:&nbsp;Lietot jebkura [&#8230;]\n","protected":false},"featured_media":79622,"template":"","meta":[],"product_cat":[1620],"product_tag":[],"class_list":{"0":"post-32591","1":"product","2":"type-product","3":"status-publish","4":"has-post-thumbnail","6":"product_brand-elfa_ua","7":"product_cat-1620","9":"first","10":"instock","11":"taxable","12":"shipping-taxable","13":"product-type-simple"},"_links":{"self":[{"href":"https:\/\/e.kosmolat.eu\/lv\/wp-json\/wp\/v2\/product\/32591","targetHints":{"allow":["GET"]}}],"collection":[{"href":"https:\/\/e.kosmolat.eu\/lv\/wp-json\/wp\/v2\/product"}],"about":[{"href":"https:\/\/e.kosmolat.eu\/lv\/wp-json\/wp\/v2\/types\/product"}],"wp:featuredmedia":[{"embeddable":true,"href":"https:\/\/e.kosmolat.eu\/lv\/wp-json\/wp\/v2\/media\/79622"}],"wp:attachment":[{"href":"https:\/\/e.kosmolat.eu\/lv\/wp-json\/wp\/v2\/media?parent=32591"}],"wp:term":[{"taxonomy":"product_cat","embeddable":true,"href":"https:\/\/e.kosmolat.eu\/lv\/wp-json\/wp\/v2\/product_cat?post=32591"},{"taxonomy":"product_tag","embeddable":true,"href":"https:\/\/e.kosmolat.eu\/lv\/wp-json\/wp\/v2\/product_tag?post=32591"}],"curies":[{"name":"wp","href":"https:\/\/api.w.org\/{rel}","templated":true}]}}