{"id":32587,"date":"2023-12-21T17:20:52","date_gmt":"2023-12-21T17:20:52","guid":{"rendered":"https:\/\/e.kosmolat.eu\/product\/za-masazas-ella-neitrala-200-ml\/"},"modified":"2026-04-02T06:02:30","modified_gmt":"2026-04-02T06:02:30","slug":"gp-masazas-ella-neitrala-200-ml","status":"publish","type":"product","link":"https:\/\/e.kosmolat.eu\/lv\/product\/gp-masazas-ella-neitrala-200-ml\/","title":{"rendered":"GP Mas\u0101\u017eas e\u013c\u013ca Neitr\u0101la, 200 ml"},"content":{"rendered":"<p>Bez konservantiem, kr\u0101sviel\u0101m.<\/p>\n<p>Satur mande\u013cu e\u013c\u013cu. Nesatur \u0113terisk\u0101s e\u013c\u013cas. Izstr\u0101d\u0101ta k\u0101 b\u0101zes prepar\u0101ts, kuru var papildin\u0101t ar individu\u0101li izv\u0113l\u0113tu \u0113terisko e\u013c\u013cu kompoz\u012bciju.<\/p>\n<p>E\u013c\u013ca piem\u0113rota visiem \u0101du tipiem un at&scaron;\u0137ir\u012bg\u0101m mas\u0101\u017eas tehnik\u0101m. E\u013c\u013ca viegli izsm\u0113r\u0113jas pa \u0101du un ies\u016bcas, neatst\u0101jot lip\u012bguma un smaguma saj\u016btu uz \u0101das. \u012apa&scaron;i labi atdz\u012bvina sausu un lobo&scaron;u \u0101du.<\/p>\n<p><strong>Lieto&scaron;ana:<\/strong>&nbsp;lietot jebkura tipa mas\u0101\u017eai. Pirms uzkl\u0101&scaron;anas uz \u0101das sasild\u012bt plaukst\u0101s.&nbsp;<\/p>\n","protected":false},"excerpt":{"rendered":"<p>Bez konservantiem, kr\u0101sviel\u0101m. Satur mande\u013cu e\u013c\u013cu. Nesatur \u0113terisk\u0101s e\u013c\u013cas. Izstr\u0101d\u0101ta k\u0101 b\u0101zes prepar\u0101ts, kuru var papildin\u0101t ar individu\u0101li izv\u0113l\u0113tu \u0113terisko e\u013c\u013cu kompoz\u012bciju. E\u013c\u013ca piem\u0113rota visiem \u0101du tipiem un at&scaron;\u0137ir\u012bg\u0101m mas\u0101\u017eas tehnik\u0101m. E\u013c\u013ca viegli izsm\u0113r\u0113jas pa \u0101du un ies\u016bcas, neatst\u0101jot lip\u012bguma un smaguma saj\u016btu uz \u0101das. \u012apa&scaron;i labi atdz\u012bvina sausu un lobo&scaron;u \u0101du. Lieto&scaron;ana:&nbsp;lietot jebkura tipa [&#8230;]\n","protected":false},"featured_media":104420,"template":"","meta":[],"product_cat":[1999],"product_tag":[],"class_list":{"0":"post-32587","1":"product","2":"type-product","3":"status-publish","4":"has-post-thumbnail","6":"product_brand-elfa_ua","7":"product_cat-bez-kategorijas","9":"first","10":"instock","11":"taxable","12":"shipping-taxable","13":"product-type-simple"},"_links":{"self":[{"href":"https:\/\/e.kosmolat.eu\/lv\/wp-json\/wp\/v2\/product\/32587","targetHints":{"allow":["GET"]}}],"collection":[{"href":"https:\/\/e.kosmolat.eu\/lv\/wp-json\/wp\/v2\/product"}],"about":[{"href":"https:\/\/e.kosmolat.eu\/lv\/wp-json\/wp\/v2\/types\/product"}],"wp:featuredmedia":[{"embeddable":true,"href":"https:\/\/e.kosmolat.eu\/lv\/wp-json\/wp\/v2\/media\/104420"}],"wp:attachment":[{"href":"https:\/\/e.kosmolat.eu\/lv\/wp-json\/wp\/v2\/media?parent=32587"}],"wp:term":[{"taxonomy":"product_cat","embeddable":true,"href":"https:\/\/e.kosmolat.eu\/lv\/wp-json\/wp\/v2\/product_cat?post=32587"},{"taxonomy":"product_tag","embeddable":true,"href":"https:\/\/e.kosmolat.eu\/lv\/wp-json\/wp\/v2\/product_tag?post=32587"}],"curies":[{"name":"wp","href":"https:\/\/api.w.org\/{rel}","templated":true}]}}