{"id":32583,"date":"2023-12-21T17:20:29","date_gmt":"2023-12-21T17:20:29","guid":{"rendered":"https:\/\/e.kosmolat.eu\/product\/za-sampuns-lielais-dizdadzis-pret-matu-izkrisanu-350-ml\/"},"modified":"2026-04-23T11:40:35","modified_gmt":"2026-04-23T11:40:35","slug":"gp-sampuns-pret-matu-izkrisanu-dizdadzis-un-kviesu-proteini-350-ml","status":"publish","type":"product","link":"https:\/\/e.kosmolat.eu\/lv\/product\/gp-sampuns-pret-matu-izkrisanu-dizdadzis-un-kviesu-proteini-350-ml\/","title":{"rendered":"GP \u0160amp\u016bns pret matu izkri\u0161anu Di\u017edadzis un kvie\u0161u prote\u012bni, 350 ml"},"content":{"rendered":"<ul>\n<li>Visiem matu tipiem<\/li>\n<li>0% parab\u0113nu, kr\u0101svielu, silikonu<\/li>\n<\/ul>\n<p>Efekt\u012bvi att\u012bra un kopj matus, kas ir tend\u0113ti uz izkri\u0161anu.<\/p>\n<p><b>Di\u017edad\u017ea ekstrakts<\/b> efekt\u012bvi iedarbojas uz v\u0101j\u0101m matu sakn\u0113m, pies\u0101tinot matu folikulas ar nepiecie\u0161am\u0101s v\u0113rt\u012bg\u0101m viel\u0101m to stiprin\u0101\u0161anai.<\/p>\n<p><b>Kvie\u0161u prote\u012bni <\/b>baro saknes un stimul\u0113 matu aug\u0161anu.\u00a0<\/p>\n<h4>Lieto\u0161ana:<\/h4>\n<p>uzkl\u0101t uz mitriem matiem, saputot, nomazg\u0101t ar \u016bdeni.<\/p>\n<p>Lab\u0101ka stiprino\u0161a efekta sasnieg\u0161anai tiek rekomend\u0113ts lietot \u0161amp\u016bnu kompleks\u0101 ar balzamu-masku vai masku, papildinot kop\u0161anu ar nov\u0101r\u012bjumu un matu e\u013c\u013cu.<\/p>\n","protected":false},"excerpt":{"rendered":"<p>Visiem matu tipiem 0% parab\u0113nu, kr\u0101svielu, silikonu Efekt\u012bvi att\u012bra un kopj matus, kas ir tend\u0113ti uz izkri\u0161anu. Di\u017edad\u017ea ekstrakts efekt\u012bvi iedarbojas uz v\u0101j\u0101m matu sakn\u0113m, pies\u0101tinot matu folikulas ar nepiecie\u0161am\u0101s v\u0113rt\u012bg\u0101m viel\u0101m to stiprin\u0101\u0161anai. Kvie\u0161u prote\u012bni baro saknes un stimul\u0113 matu aug\u0161anu.\u00a0 Lieto\u0161ana: uzkl\u0101t uz mitriem matiem, saputot, nomazg\u0101t ar \u016bdeni. Lab\u0101ka stiprino\u0161a efekta sasnieg\u0161anai [&#8230;]\n","protected":false},"featured_media":78942,"template":"","meta":[],"product_cat":[1252],"product_tag":[],"class_list":{"0":"post-32583","1":"product","2":"type-product","3":"status-publish","4":"has-post-thumbnail","6":"product_brand-elfa_ua","7":"product_cat-1252","9":"first","10":"instock","11":"taxable","12":"shipping-taxable","13":"product-type-simple"},"_links":{"self":[{"href":"https:\/\/e.kosmolat.eu\/lv\/wp-json\/wp\/v2\/product\/32583","targetHints":{"allow":["GET"]}}],"collection":[{"href":"https:\/\/e.kosmolat.eu\/lv\/wp-json\/wp\/v2\/product"}],"about":[{"href":"https:\/\/e.kosmolat.eu\/lv\/wp-json\/wp\/v2\/types\/product"}],"wp:featuredmedia":[{"embeddable":true,"href":"https:\/\/e.kosmolat.eu\/lv\/wp-json\/wp\/v2\/media\/78942"}],"wp:attachment":[{"href":"https:\/\/e.kosmolat.eu\/lv\/wp-json\/wp\/v2\/media?parent=32583"}],"wp:term":[{"taxonomy":"product_cat","embeddable":true,"href":"https:\/\/e.kosmolat.eu\/lv\/wp-json\/wp\/v2\/product_cat?post=32583"},{"taxonomy":"product_tag","embeddable":true,"href":"https:\/\/e.kosmolat.eu\/lv\/wp-json\/wp\/v2\/product_tag?post=32583"}],"curies":[{"name":"wp","href":"https:\/\/api.w.org\/{rel}","templated":true}]}}