{"id":32579,"date":"2023-12-21T17:20:10","date_gmt":"2023-12-21T17:20:10","guid":{"rendered":"https:\/\/e.kosmolat.eu\/product\/za-roku-krems-ar-smiltsersku-ellu-300-ml\/"},"modified":"2026-04-22T13:27:26","modified_gmt":"2026-04-22T13:27:26","slug":"gp-roku-krems-ekstr-saus-ad-ar-smiltserksku-ellu-300-ml","status":"publish","type":"product","link":"https:\/\/e.kosmolat.eu\/lv\/product\/gp-roku-krems-ekstr-saus-ad-ar-smiltserksku-ellu-300-ml\/","title":{"rendered":"GP Roku kr\u0113ms ekstr. saus. \u0101d. ar smilts\u0113rk\u0161\u0137u e\u013c\u013cu, 300 ml"},"content":{"rendered":"<p>Ekstr\u0113mi sausai roku \u0101dai. Nodro\u0161ina \u013coti sausas roku \u0101das kop\u0161anu ar noslieci uz lob\u012b\u0161anos un plais\u0101\u0161anu. Kr\u0113ms intens\u012bvi m\u012bkstina un aizsarg\u0101 \u0101du, uzturot t\u0101s vesel\u012bgu izskatu.<\/p>\n<p>\u2022 Smilts\u0113rk\u0161\u0137u un ol\u012bvu e\u013c\u013cas intens\u012bvi baro \u0101du, nov\u0113r\u0161ot t\u0101s savilk\u0161anos.<br \/>\n\u2022 E vitam\u012bns uztur \u0101das hidrolip\u012bdu l\u012bdzsvaru un nov\u0113r\u0161 sausumu.<br \/>\n\u2022 Elast\u012bns un kerat\u012bns veicina sausas, nov\u012btu\u0161as \u0101das atjauno\u0161anos.<\/p>\n<p>Lieto\u0161ana: uzkl\u0101t uz t\u012bras roku \u0101das ar viegl\u0101m mas\u0113jo\u0161\u0101m kust\u012bb\u0101m.<\/p>\n<p>Piesardz\u012bbas pas\u0101kumi: iesp\u0113jama paaugstin\u0101ta individu\u0101l\u0101 jut\u012bba pret atsevi\u0161\u0137\u0101m sast\u0101vda\u013c\u0101m.<\/p>\n<p>Uzglab\u0101\u0161anas temperat\u016bra: no +5 \u00b0C l\u012bdz +25 \u00b0C.<\/p>\n<p>Der\u012bguma termi\u0146\u0161: 30 m\u0113ne\u0161i no izgatavo\u0161anas datuma.<\/p>\n","protected":false},"excerpt":{"rendered":"<p>Ekstr\u0113mi sausai roku \u0101dai. Nodro\u0161ina \u013coti sausas roku \u0101das kop\u0161anu ar noslieci uz lob\u012b\u0161anos un plais\u0101\u0161anu. Kr\u0113ms intens\u012bvi m\u012bkstina un aizsarg\u0101 \u0101du, uzturot t\u0101s vesel\u012bgu izskatu. \u2022 Smilts\u0113rk\u0161\u0137u un ol\u012bvu e\u013c\u013cas intens\u012bvi baro \u0101du, nov\u0113r\u0161ot t\u0101s savilk\u0161anos. \u2022 E vitam\u012bns uztur \u0101das hidrolip\u012bdu l\u012bdzsvaru un nov\u0113r\u0161 sausumu. \u2022 Elast\u012bns un kerat\u012bns veicina sausas, nov\u012btu\u0161as \u0101das [&#8230;]\n","protected":false},"featured_media":104400,"template":"","meta":[],"product_cat":[1999],"product_tag":[],"class_list":{"0":"post-32579","1":"product","2":"type-product","3":"status-publish","4":"has-post-thumbnail","6":"product_brand-elfa_ua","7":"product_cat-bez-kategorijas","9":"first","10":"instock","11":"taxable","12":"shipping-taxable","13":"product-type-simple"},"_links":{"self":[{"href":"https:\/\/e.kosmolat.eu\/lv\/wp-json\/wp\/v2\/product\/32579","targetHints":{"allow":["GET"]}}],"collection":[{"href":"https:\/\/e.kosmolat.eu\/lv\/wp-json\/wp\/v2\/product"}],"about":[{"href":"https:\/\/e.kosmolat.eu\/lv\/wp-json\/wp\/v2\/types\/product"}],"wp:featuredmedia":[{"embeddable":true,"href":"https:\/\/e.kosmolat.eu\/lv\/wp-json\/wp\/v2\/media\/104400"}],"wp:attachment":[{"href":"https:\/\/e.kosmolat.eu\/lv\/wp-json\/wp\/v2\/media?parent=32579"}],"wp:term":[{"taxonomy":"product_cat","embeddable":true,"href":"https:\/\/e.kosmolat.eu\/lv\/wp-json\/wp\/v2\/product_cat?post=32579"},{"taxonomy":"product_tag","embeddable":true,"href":"https:\/\/e.kosmolat.eu\/lv\/wp-json\/wp\/v2\/product_tag?post=32579"}],"curies":[{"name":"wp","href":"https:\/\/api.w.org\/{rel}","templated":true}]}}