{"id":32575,"date":"2023-12-21T17:19:50","date_gmt":"2023-12-21T17:19:50","guid":{"rendered":"https:\/\/e.kosmolat.eu\/product\/za-roku-krems-ar-malvu-un-liposomam-300-ml\/"},"modified":"2026-04-24T05:34:05","modified_gmt":"2026-04-24T05:34:05","slug":"gp-roku-krems-barosanaatjaun-300-ml","status":"publish","type":"product","link":"https:\/\/e.kosmolat.eu\/lv\/product\/gp-roku-krems-barosanaatjaun-300-ml\/","title":{"rendered":"GP Roku kr\u0113ms Baro\u0161ana&#038;Atjaun., 300 ml"},"content":{"rendered":"<p>Akt\u012bv\u0101s sast\u0101vda\u013cas:<br \/>\nmalvas un arnikas ekstrakti, augu keram\u012bdi, smilts\u0113rk\u0161\u0137u un kokosriekstu e\u013c\u013cas, alanto\u012bns.<\/p>\n<p>Dermatolo\u0123iski test\u0113ts.<\/p>\n<p>Lieto\u0161ana:<br \/>\nuzkl\u0101t uz t\u012bras roku \u0101das ar mas\u0113jo\u0161\u0101m kust\u012bb\u0101m l\u012bdz piln\u012bgai ies\u016bk\u0161anai.<\/p>\n","protected":false},"excerpt":{"rendered":"<p>Akt\u012bv\u0101s sast\u0101vda\u013cas: malvas un arnikas ekstrakti, augu keram\u012bdi, smilts\u0113rk\u0161\u0137u un kokosriekstu e\u013c\u013cas, alanto\u012bns. Dermatolo\u0123iski test\u0113ts. Lieto\u0161ana: uzkl\u0101t uz t\u012bras roku \u0101das ar mas\u0113jo\u0161\u0101m kust\u012bb\u0101m l\u012bdz piln\u012bgai ies\u016bk\u0161anai.<\/p>\n","protected":false},"featured_media":104476,"template":"","meta":[],"product_cat":[1302],"product_tag":[],"class_list":{"0":"post-32575","1":"product","2":"type-product","3":"status-publish","4":"has-post-thumbnail","6":"product_brand-elfa_ua","7":"product_cat-roku-kopsanas-kosmetika","9":"first","10":"instock","11":"taxable","12":"shipping-taxable","13":"product-type-simple"},"_links":{"self":[{"href":"https:\/\/e.kosmolat.eu\/lv\/wp-json\/wp\/v2\/product\/32575","targetHints":{"allow":["GET"]}}],"collection":[{"href":"https:\/\/e.kosmolat.eu\/lv\/wp-json\/wp\/v2\/product"}],"about":[{"href":"https:\/\/e.kosmolat.eu\/lv\/wp-json\/wp\/v2\/types\/product"}],"wp:featuredmedia":[{"embeddable":true,"href":"https:\/\/e.kosmolat.eu\/lv\/wp-json\/wp\/v2\/media\/104476"}],"wp:attachment":[{"href":"https:\/\/e.kosmolat.eu\/lv\/wp-json\/wp\/v2\/media?parent=32575"}],"wp:term":[{"taxonomy":"product_cat","embeddable":true,"href":"https:\/\/e.kosmolat.eu\/lv\/wp-json\/wp\/v2\/product_cat?post=32575"},{"taxonomy":"product_tag","embeddable":true,"href":"https:\/\/e.kosmolat.eu\/lv\/wp-json\/wp\/v2\/product_tag?post=32575"}],"curies":[{"name":"wp","href":"https:\/\/api.w.org\/{rel}","templated":true}]}}