{"id":32555,"date":"2023-12-21T17:18:30","date_gmt":"2023-12-21T17:18:30","guid":{"rendered":"https:\/\/e.kosmolat.eu\/product\/antibakterials-gels-rokam-d-pantenols-50-ml\/"},"modified":"2026-04-16T08:53:05","modified_gmt":"2026-04-16T08:53:05","slug":"vc-gels-roku-higienai-d-pantenols-bez-smarzas-50-ml","status":"publish","type":"product","link":"https:\/\/e.kosmolat.eu\/lv\/product\/vc-gels-roku-higienai-d-pantenols-bez-smarzas-50-ml\/","title":{"rendered":"VC Gels roku higi\u0113nai D-Pantenols, bez smar\u017eas, 50 ml"},"content":{"rendered":"<p>\u0112rts izm\u0113rs n\u0113s\u0101\u0161anai somi\u0146\u0101! Paredz\u0113ts roku \u0101das att\u012br\u012b\u0161anai bez \u016bdens, salve\u0161u un ziepju lieto\u0161anas. Atsvaidzina un m\u012bkstina roku \u0101du. Satur spirtu, glicer\u012bnu un D-pantenolu.<\/p>\n<p>Lieto\u0161ana: uzkl\u0101t uz plaukst\u0101m un izsm\u0113r\u0113t l\u012bdz l\u012bdzeklis piln\u012bb\u0101 iz\u017e\u016bst (30 sekundes).<\/p>\n<p>Piesardz\u012bbas pas\u0101kumi: lietot atbilsto\u0161i nor\u0101d\u012bjumiem. Nedr\u012bkst non\u0101kt saskar\u0113 ar uguni. Uzglab\u0101t b\u0113rniem un m\u0101jdz\u012bvniekiem nepieejam\u0101 viet\u0101. Tikai \u0101r\u012bgai lieto\u0161anai. Ja nok\u013c\u016bst ac\u012bs, izskalot ar lielu daudzumu \u016bdens.<\/p>\n<p>Uzglab\u0101\u0161anas noteikumi: uzglab\u0101t cie\u0161i nosl\u0113gt\u0101 ra\u017eot\u0101ja iepakojum\u0101 temperat\u016br\u0101 no +5 \u00b0C l\u012bdz +25 \u00b0C un relat\u012bvaj\u0101 gaisa mitrum\u0101, kas nep\u0101rsniedz 75 %, prom no apkures ier\u012bc\u0113m un tie\u0161iem saules stariem.<\/p>\n<p>Der\u012bguma termi\u0146\u0161: 24 m\u0113ne\u0161i no izgatavo\u0161anas datuma.<\/p>\n","protected":false},"excerpt":{"rendered":"<p>\u0112rts izm\u0113rs n\u0113s\u0101\u0161anai somi\u0146\u0101! Paredz\u0113ts roku \u0101das att\u012br\u012b\u0161anai bez \u016bdens, salve\u0161u un ziepju lieto\u0161anas. Atsvaidzina un m\u012bkstina roku \u0101du. Satur spirtu, glicer\u012bnu un D-pantenolu. Lieto\u0161ana: uzkl\u0101t uz plaukst\u0101m un izsm\u0113r\u0113t l\u012bdz l\u012bdzeklis piln\u012bb\u0101 iz\u017e\u016bst (30 sekundes). Piesardz\u012bbas pas\u0101kumi: lietot atbilsto\u0161i nor\u0101d\u012bjumiem. Nedr\u012bkst non\u0101kt saskar\u0113 ar uguni. Uzglab\u0101t b\u0113rniem un m\u0101jdz\u012bvniekiem nepieejam\u0101 viet\u0101. Tikai \u0101r\u012bgai lieto\u0161anai. [&#8230;]\n","protected":false},"featured_media":105352,"template":"","meta":[],"product_cat":[1302],"product_tag":[],"class_list":{"0":"post-32555","1":"product","2":"type-product","3":"status-publish","4":"has-post-thumbnail","6":"product_brand-aqua-cosmetics_ua","7":"product_cat-roku-kopsanas-kosmetika","9":"first","10":"instock","11":"taxable","12":"shipping-taxable","13":"product-type-simple"},"_links":{"self":[{"href":"https:\/\/e.kosmolat.eu\/lv\/wp-json\/wp\/v2\/product\/32555","targetHints":{"allow":["GET"]}}],"collection":[{"href":"https:\/\/e.kosmolat.eu\/lv\/wp-json\/wp\/v2\/product"}],"about":[{"href":"https:\/\/e.kosmolat.eu\/lv\/wp-json\/wp\/v2\/types\/product"}],"wp:featuredmedia":[{"embeddable":true,"href":"https:\/\/e.kosmolat.eu\/lv\/wp-json\/wp\/v2\/media\/105352"}],"wp:attachment":[{"href":"https:\/\/e.kosmolat.eu\/lv\/wp-json\/wp\/v2\/media?parent=32555"}],"wp:term":[{"taxonomy":"product_cat","embeddable":true,"href":"https:\/\/e.kosmolat.eu\/lv\/wp-json\/wp\/v2\/product_cat?post=32555"},{"taxonomy":"product_tag","embeddable":true,"href":"https:\/\/e.kosmolat.eu\/lv\/wp-json\/wp\/v2\/product_tag?post=32555"}],"curies":[{"name":"wp","href":"https:\/\/api.w.org\/{rel}","templated":true}]}}