{"id":32551,"date":"2023-12-21T17:18:13","date_gmt":"2023-12-21T17:18:13","guid":{"rendered":"https:\/\/e.kosmolat.eu\/product\/vannas-sals-magnijs-500-g\/"},"modified":"2026-04-22T09:54:40","modified_gmt":"2026-04-22T09:54:40","slug":"vannas-sals-magnijs-500-g","status":"publish","type":"product","link":"https:\/\/e.kosmolat.eu\/lv\/product\/vannas-sals-magnijs-500-g\/","title":{"rendered":"Vannas s\u0101ls &#8220;Magnijs&#8221;, 500 g"},"content":{"rendered":"<p> Att\u012br\u012b\u0161ana un \u0101r\u0113ja izskata uzlabo\u0161ana, t\u0101s uztur\u0113\u0161ana lab\u0101 st\u0101vokl\u012b.<\/p>\n<p>Piem\u012bt pretaler\u0123iska iedarb\u012bba. Vanno\u0161an\u0101s ar j\u016bras s\u0101li nostiprina \u0101du, pastiprina t\u0101s aizsargfunkcijas, no\u0146em nogurumu, uzlabo organisma tonusu. S\u0101ls vanni\u0146a var tikt izmantota roku un k\u0101ju \u0101das m\u012bkstin\u0101\u0161anai un nagu nostiprin\u0101\u0161anai.\n<\/p>\n<h4>\n<p>Lieto\u0161ana:<\/h4>\n<p> Vannai &#8211; iz\u0161\u0137\u012bdin\u0101t 1\/2 paci\u0146as vann\u0101 ar \u016bdens temp. 37\u00b0-38\u00b0 C. Vanno\u0161an\u0101s ilgums 10-15 min. Roku \u0101das m\u012bkstin\u0101\u0161anai un nagu nostiprin\u0101\u0161anai &#8211; iz\u0161\u0137\u012bdin\u0101t 25 g (1 \u0113damkar.) s\u0101ls 1 litr\u0101 \u016bdens vai 75 g (3 \u0113damkar.) iz\u0161\u0137\u012bdin\u0101t 3 litros \u016bdens k\u0101ju \u0101das m\u012bkstin\u0101\u0161anai pie \u016bdens temp. 37\u00b0-38\u00b0 C. Proced\u016bras ilgums 15 min.<\/p>\n","protected":false},"excerpt":{"rendered":"<p>Att\u012br\u012b\u0161ana un \u0101r\u0113ja izskata uzlabo\u0161ana, t\u0101s uztur\u0113\u0161ana lab\u0101 st\u0101vokl\u012b. Piem\u012bt pretaler\u0123iska iedarb\u012bba. Vanno\u0161an\u0101s ar j\u016bras s\u0101li nostiprina \u0101du, pastiprina t\u0101s aizsargfunkcijas, no\u0146em nogurumu, uzlabo organisma tonusu. S\u0101ls vanni\u0146a var tikt izmantota roku un k\u0101ju \u0101das m\u012bkstin\u0101\u0161anai un nagu nostiprin\u0101\u0161anai. Lieto\u0161ana: Vannai &#8211; iz\u0161\u0137\u012bdin\u0101t 1\/2 paci\u0146as vann\u0101 ar \u016bdens temp. 37\u00b0-38\u00b0 C. Vanno\u0161an\u0101s ilgums 10-15 min. [&#8230;]\n","protected":false},"featured_media":78758,"template":"","meta":[],"product_cat":[2181],"product_tag":[],"class_list":{"0":"post-32551","1":"product","2":"type-product","3":"status-publish","4":"has-post-thumbnail","6":"product_brand-aqua-cosmetics_ua","7":"product_cat-bez-kategorijas-lt","9":"first","10":"instock","11":"taxable","12":"shipping-taxable","13":"product-type-simple"},"_links":{"self":[{"href":"https:\/\/e.kosmolat.eu\/lv\/wp-json\/wp\/v2\/product\/32551","targetHints":{"allow":["GET"]}}],"collection":[{"href":"https:\/\/e.kosmolat.eu\/lv\/wp-json\/wp\/v2\/product"}],"about":[{"href":"https:\/\/e.kosmolat.eu\/lv\/wp-json\/wp\/v2\/types\/product"}],"wp:featuredmedia":[{"embeddable":true,"href":"https:\/\/e.kosmolat.eu\/lv\/wp-json\/wp\/v2\/media\/78758"}],"wp:attachment":[{"href":"https:\/\/e.kosmolat.eu\/lv\/wp-json\/wp\/v2\/media?parent=32551"}],"wp:term":[{"taxonomy":"product_cat","embeddable":true,"href":"https:\/\/e.kosmolat.eu\/lv\/wp-json\/wp\/v2\/product_cat?post=32551"},{"taxonomy":"product_tag","embeddable":true,"href":"https:\/\/e.kosmolat.eu\/lv\/wp-json\/wp\/v2\/product_tag?post=32551"}],"curies":[{"name":"wp","href":"https:\/\/api.w.org\/{rel}","templated":true}]}}