{"id":32539,"date":"2023-12-21T17:17:15","date_gmt":"2023-12-21T17:17:15","guid":{"rendered":"https:\/\/e.kosmolat.eu\/product\/srk-krems-kajam-kirbis-un-kukur-ella-mikstinoss-80-ml\/"},"modified":"2025-09-19T16:09:20","modified_gmt":"2025-09-19T16:09:20","slug":"srk-krems-kajam-kirbis-un-kukur-ella-mikstinoss-80-ml","status":"publish","type":"product","link":"https:\/\/e.kosmolat.eu\/lv\/product\/srk-krems-kajam-kirbis-un-kukur-ella-mikstinoss-80-ml\/","title":{"rendered":"SRK Kr\u0113ms k\u0101j\u0101m &#8220;\u0136irbis un kukur. e\u013c\u013ca&#8221; m\u012bkstino\u0161s, 80 ml"},"content":{"rendered":"<p>Efekt\u012bvi m\u012bkstina un atjauno sausu k\u0101ju \u0101du, nov\u0113r\u0161 lob\u012b\u0161an\u0101s un plaisu veido\u0161anos, izr\u0101da br\u016b\u010du dzied\u0113jo\u0161u un vitaminiz\u0113jo\u0161u iedarb\u012bbu. <\/p>\n<p>LIETO\u0160ANA: Nelielu daudzumu kr\u0113ma uzkl\u0101t uz t\u012bras p\u0113du \u0101das un viegli pamas\u0113t. Lietot p\u0113c nepiecie\u0161am\u012bbas.<\/p>\n","protected":false},"excerpt":{"rendered":"<p>Efekt\u012bvi m\u012bkstina un atjauno sausu k\u0101ju \u0101du, nov\u0113r\u0161 lob\u012b\u0161an\u0101s un plaisu veido\u0161anos, izr\u0101da br\u016b\u010du dzied\u0113jo\u0161u un vitaminiz\u0113jo\u0161u iedarb\u012bbu. LIETO\u0160ANA: Nelielu daudzumu kr\u0113ma uzkl\u0101t uz t\u012bras p\u0113du \u0101das un viegli pamas\u0113t. Lietot p\u0113c nepiecie\u0161am\u012bbas.<\/p>\n","protected":false},"featured_media":79382,"template":"","meta":[],"product_cat":[1761],"product_tag":[],"class_list":{"0":"post-32539","1":"product","2":"type-product","3":"status-publish","4":"has-post-thumbnail","6":"product_brand-unilever-rus","7":"product_cat-kaju-kopsanas-kosmetika","9":"first","10":"outofstock","11":"taxable","12":"shipping-taxable","13":"product-type-simple"},"_links":{"self":[{"href":"https:\/\/e.kosmolat.eu\/lv\/wp-json\/wp\/v2\/product\/32539","targetHints":{"allow":["GET"]}}],"collection":[{"href":"https:\/\/e.kosmolat.eu\/lv\/wp-json\/wp\/v2\/product"}],"about":[{"href":"https:\/\/e.kosmolat.eu\/lv\/wp-json\/wp\/v2\/types\/product"}],"wp:featuredmedia":[{"embeddable":true,"href":"https:\/\/e.kosmolat.eu\/lv\/wp-json\/wp\/v2\/media\/79382"}],"wp:attachment":[{"href":"https:\/\/e.kosmolat.eu\/lv\/wp-json\/wp\/v2\/media?parent=32539"}],"wp:term":[{"taxonomy":"product_cat","embeddable":true,"href":"https:\/\/e.kosmolat.eu\/lv\/wp-json\/wp\/v2\/product_cat?post=32539"},{"taxonomy":"product_tag","embeddable":true,"href":"https:\/\/e.kosmolat.eu\/lv\/wp-json\/wp\/v2\/product_tag?post=32539"}],"curies":[{"name":"wp","href":"https:\/\/api.w.org\/{rel}","templated":true}]}}