{"id":32535,"date":"2023-12-21T17:16:56","date_gmt":"2023-12-21T17:16:56","guid":{"rendered":"https:\/\/e.kosmolat.eu\/product\/br-roku-krems-makadamijas-greznums-80-ml\/"},"modified":"2025-09-19T16:18:32","modified_gmt":"2025-09-19T16:18:32","slug":"br-roku-krems-makadamijas-greznums-80-ml","status":"publish","type":"product","link":"https:\/\/e.kosmolat.eu\/lv\/product\/br-roku-krems-makadamijas-greznums-80-ml\/","title":{"rendered":"BR  Roku kr\u0113ms &#8220;Makad\u0101mijas greznums&#8221;, 80 ml"},"content":{"rendered":"<p>Ar makad\u0101mijas riekstu. Bag\u0101t\u012bga kr\u0113ma tekst\u016bra dzi\u013ci baro un atjauno \u0101du, pie\u0161\u0137irot maigu aizsardz\u012bbu J\u016bsu roku \u0101das skaistuma saglab\u0101\u0161anai.<\/p>\n<p><strong>Lieto\u0161ana:<\/strong>&nbsp;uzkl\u0101t kr\u0113mu uz t\u012bras sausas roku \u0101das l\u012bdz piln\u012bgi uzs\u016bcas 1 min\u016btes laik\u0101.<\/p>\n","protected":false},"excerpt":{"rendered":"<p>Ar makad\u0101mijas riekstu. Bag\u0101t\u012bga kr\u0113ma tekst\u016bra dzi\u013ci baro un atjauno \u0101du, pie\u0161\u0137irot maigu aizsardz\u012bbu J\u016bsu roku \u0101das skaistuma saglab\u0101\u0161anai. Lieto\u0161ana:&nbsp;uzkl\u0101t kr\u0113mu uz t\u012bras sausas roku \u0101das l\u012bdz piln\u012bgi uzs\u016bcas 1 min\u016btes laik\u0101.<\/p>\n","protected":false},"featured_media":79542,"template":"","meta":[],"product_cat":[1302],"product_tag":[],"class_list":{"0":"post-32535","1":"product","2":"type-product","3":"status-publish","4":"has-post-thumbnail","6":"product_brand-unilever-rus","7":"product_cat-roku-kopsanas-kosmetika","9":"first","10":"outofstock","11":"taxable","12":"shipping-taxable","13":"product-type-simple"},"_links":{"self":[{"href":"https:\/\/e.kosmolat.eu\/lv\/wp-json\/wp\/v2\/product\/32535","targetHints":{"allow":["GET"]}}],"collection":[{"href":"https:\/\/e.kosmolat.eu\/lv\/wp-json\/wp\/v2\/product"}],"about":[{"href":"https:\/\/e.kosmolat.eu\/lv\/wp-json\/wp\/v2\/types\/product"}],"wp:featuredmedia":[{"embeddable":true,"href":"https:\/\/e.kosmolat.eu\/lv\/wp-json\/wp\/v2\/media\/79542"}],"wp:attachment":[{"href":"https:\/\/e.kosmolat.eu\/lv\/wp-json\/wp\/v2\/media?parent=32535"}],"wp:term":[{"taxonomy":"product_cat","embeddable":true,"href":"https:\/\/e.kosmolat.eu\/lv\/wp-json\/wp\/v2\/product_cat?post=32535"},{"taxonomy":"product_tag","embeddable":true,"href":"https:\/\/e.kosmolat.eu\/lv\/wp-json\/wp\/v2\/product_tag?post=32535"}],"curies":[{"name":"wp","href":"https:\/\/api.w.org\/{rel}","templated":true}]}}