{"id":32531,"date":"2023-12-21T17:16:33","date_gmt":"2023-12-21T17:16:33","guid":{"rendered":"https:\/\/e.kosmolat.eu\/product\/cl-sampuns-stiprin-natre-visiem-matu-tipiem-250-ml\/"},"modified":"2025-09-19T16:09:35","modified_gmt":"2025-09-19T16:09:35","slug":"cl-sampuns-stiprin-natre-visiem-matu-tipiem-250-ml","status":"publish","type":"product","link":"https:\/\/e.kosmolat.eu\/lv\/product\/cl-sampuns-stiprin-natre-visiem-matu-tipiem-250-ml\/","title":{"rendered":"CL \u0160amp\u016bns stiprin. &#8220;N\u0101tre&#8221; visiem matu tipiem, 250 ml"},"content":{"rendered":"<p>Jaun\u0101 formula Nature Plus ar 5 ekstraktiem un e\u013c\u013c\u0101m &ndash; (verbenas ekstrakts, salvijas ekstrakts, me\u017eroz\u012b\u0161u ekstrakts, mande\u013cu un linu e\u013c\u013ca). Akt\u012bvas dab\u012bgas sast\u0101vda\u013cas kav\u0113 matu izkri\u0161anu, baro un aizsarg\u0101 matus pret boj\u0101jumiem. N\u0101tre stiprina matu saknes un stimul\u0113 to aug\u0161anu.<\/p>\n<p><strong>Lieto\u0161ana:&nbsp;<\/strong>nelielu daudzumu uzkl\u0101t uz mitriem matiem, saputot, nomazg\u0101t ar \u016bdeni. Ja iek\u013c\u016bst ac\u012bs, r\u016bp\u012bgi nomazg\u0101t ar \u016bdeni. Ir pie\u013caujamas nelielas produkta kr\u0101sas izmai\u0146as, kuras neietekm\u0113 produkta dro\u0161umu un kvalit\u0101ti.<\/p>\n","protected":false},"excerpt":{"rendered":"<p>Jaun\u0101 formula Nature Plus ar 5 ekstraktiem un e\u013c\u013c\u0101m &ndash; (verbenas ekstrakts, salvijas ekstrakts, me\u017eroz\u012b\u0161u ekstrakts, mande\u013cu un linu e\u013c\u013ca). Akt\u012bvas dab\u012bgas sast\u0101vda\u013cas kav\u0113 matu izkri\u0161anu, baro un aizsarg\u0101 matus pret boj\u0101jumiem. N\u0101tre stiprina matu saknes un stimul\u0113 to aug\u0161anu. Lieto\u0161ana:&nbsp;nelielu daudzumu uzkl\u0101t uz mitriem matiem, saputot, nomazg\u0101t ar \u016bdeni. Ja iek\u013c\u016bst ac\u012bs, r\u016bp\u012bgi nomazg\u0101t [&#8230;]\n","protected":false},"featured_media":79394,"template":"","meta":[],"product_cat":[1248],"product_tag":[],"class_list":{"0":"post-32531","1":"product","2":"type-product","3":"status-publish","4":"has-post-thumbnail","6":"product_brand-unilever-rus","7":"product_cat-sampuni","9":"first","10":"outofstock","11":"taxable","12":"shipping-taxable","13":"product-type-simple"},"_links":{"self":[{"href":"https:\/\/e.kosmolat.eu\/lv\/wp-json\/wp\/v2\/product\/32531","targetHints":{"allow":["GET"]}}],"collection":[{"href":"https:\/\/e.kosmolat.eu\/lv\/wp-json\/wp\/v2\/product"}],"about":[{"href":"https:\/\/e.kosmolat.eu\/lv\/wp-json\/wp\/v2\/types\/product"}],"wp:featuredmedia":[{"embeddable":true,"href":"https:\/\/e.kosmolat.eu\/lv\/wp-json\/wp\/v2\/media\/79394"}],"wp:attachment":[{"href":"https:\/\/e.kosmolat.eu\/lv\/wp-json\/wp\/v2\/media?parent=32531"}],"wp:term":[{"taxonomy":"product_cat","embeddable":true,"href":"https:\/\/e.kosmolat.eu\/lv\/wp-json\/wp\/v2\/product_cat?post=32531"},{"taxonomy":"product_tag","embeddable":true,"href":"https:\/\/e.kosmolat.eu\/lv\/wp-json\/wp\/v2\/product_tag?post=32531"}],"curies":[{"name":"wp","href":"https:\/\/api.w.org\/{rel}","templated":true}]}}