{"id":32527,"date":"2023-12-21T17:16:12","date_gmt":"2023-12-21T17:16:12","guid":{"rendered":"https:\/\/e.kosmolat.eu\/product\/cl-losjons-toniks-norm-jaukta-tipa-adai-rudzupuke-100-ml\/"},"modified":"2025-09-19T17:05:44","modified_gmt":"2025-09-19T17:05:44","slug":"cl-losjons-toniks-norm-jaukta-tipa-adai-rudzupuke-100-ml","status":"publish","type":"product","link":"https:\/\/e.kosmolat.eu\/lv\/product\/cl-losjons-toniks-norm-jaukta-tipa-adai-rudzupuke-100-ml\/","title":{"rendered":"CL Losjons-toniks norm., jaukta tipa \u0101dai &#8220;Rudzupu\u0137e&#8221;, 100 ml"},"content":{"rendered":"<p>Losjons-toniks + hialurons. \u0100rstniecisko z\u0101\u013cu nov\u0101r\u012bjums + rudzupu\u0137es ekstrakts.&nbsp;Mitrin\u0101\u0161ana un svaigums. Norm\u0101lai un kombin\u0113tai \u0101dai.<\/p>\n<p><strong>Lieto\u0161ana:<\/strong> uzkl\u0101t losjonu-toniku uz vates diska un not\u012br\u012bt seju un kaklu, iev\u0113rojot mas\u0101\u017eas l\u012bnijas.<\/p>\n<p>Nav \u0101rstniecisks l\u012bdzeklis. Ir pie\u013caujamas nelielas nogulsnes sakar\u0101 ar dab\u012bg\u0101m l\u012bdzek\u013ca sast\u0101vda\u013c\u0101m. Tas neietekm\u0113 produkta kvalit\u0101ti un dro\u0161umu. Ieteicams sakrat\u012bt pudel\u012bti pirms lieto\u0161anas.&nbsp;<\/p>\n","protected":false},"excerpt":{"rendered":"<p>Losjons-toniks + hialurons. \u0100rstniecisko z\u0101\u013cu nov\u0101r\u012bjums + rudzupu\u0137es ekstrakts.&nbsp;Mitrin\u0101\u0161ana un svaigums. Norm\u0101lai un kombin\u0113tai \u0101dai. Lieto\u0161ana: uzkl\u0101t losjonu-toniku uz vates diska un not\u012br\u012bt seju un kaklu, iev\u0113rojot mas\u0101\u017eas l\u012bnijas. Nav \u0101rstniecisks l\u012bdzeklis. Ir pie\u013caujamas nelielas nogulsnes sakar\u0101 ar dab\u012bg\u0101m l\u012bdzek\u013ca sast\u0101vda\u013c\u0101m. Tas neietekm\u0113 produkta kvalit\u0101ti un dro\u0161umu. Ieteicams sakrat\u012bt pudel\u012bti pirms lieto\u0161anas.&nbsp;<\/p>\n","protected":false},"featured_media":80450,"template":"","meta":[],"product_cat":[1578],"product_tag":[],"class_list":{"0":"post-32527","1":"product","2":"type-product","3":"status-publish","4":"has-post-thumbnail","6":"product_brand-unilever-rus","7":"product_cat-losjoni-un-toniki","9":"first","10":"outofstock","11":"taxable","12":"shipping-taxable","13":"product-type-simple"},"_links":{"self":[{"href":"https:\/\/e.kosmolat.eu\/lv\/wp-json\/wp\/v2\/product\/32527","targetHints":{"allow":["GET"]}}],"collection":[{"href":"https:\/\/e.kosmolat.eu\/lv\/wp-json\/wp\/v2\/product"}],"about":[{"href":"https:\/\/e.kosmolat.eu\/lv\/wp-json\/wp\/v2\/types\/product"}],"wp:featuredmedia":[{"embeddable":true,"href":"https:\/\/e.kosmolat.eu\/lv\/wp-json\/wp\/v2\/media\/80450"}],"wp:attachment":[{"href":"https:\/\/e.kosmolat.eu\/lv\/wp-json\/wp\/v2\/media?parent=32527"}],"wp:term":[{"taxonomy":"product_cat","embeddable":true,"href":"https:\/\/e.kosmolat.eu\/lv\/wp-json\/wp\/v2\/product_cat?post=32527"},{"taxonomy":"product_tag","embeddable":true,"href":"https:\/\/e.kosmolat.eu\/lv\/wp-json\/wp\/v2\/product_tag?post=32527"}],"curies":[{"name":"wp","href":"https:\/\/api.w.org\/{rel}","templated":true}]}}