{"id":32523,"date":"2023-12-21T17:15:45","date_gmt":"2023-12-21T17:15:45","guid":{"rendered":"https:\/\/e.kosmolat.eu\/product\/cl-krems-pret-pinnem-ideala-ada-40-ml\/"},"modified":"2025-09-19T16:17:14","modified_gmt":"2025-09-19T16:17:14","slug":"cl-krems-pret-pinnem-ideala-ada-40-ml","status":"publish","type":"product","link":"https:\/\/e.kosmolat.eu\/lv\/product\/cl-krems-pret-pinnem-ideala-ada-40-ml\/","title":{"rendered":"CL Kr\u0113ms pret pinn\u0113m &#8220;Ide\u0101la \u0101da&#8221;, 40 ml"},"content":{"rendered":"<p>Kr\u0113ms-akt\u012bvs pret p\u016bt\u012bt\u0113m. Ide\u0101la \u0101da.<br \/>\nCinks, t\u0113jas koks. \u0100tri neitraliz\u0113 iekaisumus, nov\u0113r\u0161 p\u016bt\u012b\u0161u un to p\u0113du ra\u0161anos.<br \/>\n\u0100das probl\u0113mu risin\u0101\u0161ana bez \u0101das sausuma.<br \/>\nDermatologu apstiprin\u0101ts.\n<\/p>\n<p>\nKr\u0113ms-akt\u012bvs rad\u012bts speci\u0101li c\u012b\u0146ai ar \u0101das nepiln\u012bb\u0101m. T\u0101 augsti efekt\u012bva formula satur speci\u0101li izv\u0113l\u0113tus \u0101das probl\u0113mu risin\u0101\u0161anai komponentus: <\/p>\n<ul>\n<li>cinks regul\u0113 \u0101das tauku izdal\u012b\u0161anos, <\/li>\n<li>t\u0113jas kokam piemit att\u012bro\u0161\u0101s un nomierino\u0161\u0101s \u012bpa\u0161\u012bbas.<br \/>\nIekaisumi un to p\u0113das samazin\u0101s, \u0101da k\u013c\u016bst gluda, t\u012bra un skaista.\n<\/li>\n<\/ul>\n<h4>\nLieto\u0161ana:<\/h4>\n<p> uzkl\u0101jiet kr\u0113mu uz att\u012br\u012btas \u0101das no r\u012btiem un vakaros.<br \/>\nLieliska b\u0101ze zem makij\u0101\u017eas.<\/p>\n<p>Man\u0101ms rezult\u0101ts: \u0100da tiek mitrin\u0101ta uz 24 stund\u0101m bez poru aizsprosto\u0161anas. Jaunu iekaisumu daudzums samazin\u0101s. \u0100da k\u013c\u016bst man\u0101mi t\u012br\u0101ka jau p\u0113c tr\u012bm dien\u0101m!\u00a0<\/p>\n","protected":false},"excerpt":{"rendered":"<p>Kr\u0113ms-akt\u012bvs pret p\u016bt\u012bt\u0113m. Ide\u0101la \u0101da. Cinks, t\u0113jas koks. \u0100tri neitraliz\u0113 iekaisumus, nov\u0113r\u0161 p\u016bt\u012b\u0161u un to p\u0113du ra\u0161anos. \u0100das probl\u0113mu risin\u0101\u0161ana bez \u0101das sausuma. Dermatologu apstiprin\u0101ts. Kr\u0113ms-akt\u012bvs rad\u012bts speci\u0101li c\u012b\u0146ai ar \u0101das nepiln\u012bb\u0101m. T\u0101 augsti efekt\u012bva formula satur speci\u0101li izv\u0113l\u0113tus \u0101das probl\u0113mu risin\u0101\u0161anai komponentus: cinks regul\u0113 \u0101das tauku izdal\u012b\u0161anos, t\u0113jas kokam piemit att\u012bro\u0161\u0101s un nomierino\u0161\u0101s \u012bpa\u0161\u012bbas. [&#8230;]\n","protected":false},"featured_media":79518,"template":"","meta":[],"product_cat":[1320],"product_tag":[],"class_list":{"0":"post-32523","1":"product","2":"type-product","3":"status-publish","4":"has-post-thumbnail","6":"product_brand-unilever-rus","7":"product_cat-sejas-kremi","9":"first","10":"outofstock","11":"taxable","12":"shipping-taxable","13":"product-type-simple"},"_links":{"self":[{"href":"https:\/\/e.kosmolat.eu\/lv\/wp-json\/wp\/v2\/product\/32523","targetHints":{"allow":["GET"]}}],"collection":[{"href":"https:\/\/e.kosmolat.eu\/lv\/wp-json\/wp\/v2\/product"}],"about":[{"href":"https:\/\/e.kosmolat.eu\/lv\/wp-json\/wp\/v2\/types\/product"}],"wp:featuredmedia":[{"embeddable":true,"href":"https:\/\/e.kosmolat.eu\/lv\/wp-json\/wp\/v2\/media\/79518"}],"wp:attachment":[{"href":"https:\/\/e.kosmolat.eu\/lv\/wp-json\/wp\/v2\/media?parent=32523"}],"wp:term":[{"taxonomy":"product_cat","embeddable":true,"href":"https:\/\/e.kosmolat.eu\/lv\/wp-json\/wp\/v2\/product_cat?post=32523"},{"taxonomy":"product_tag","embeddable":true,"href":"https:\/\/e.kosmolat.eu\/lv\/wp-json\/wp\/v2\/product_tag?post=32523"}],"curies":[{"name":"wp","href":"https:\/\/api.w.org\/{rel}","templated":true}]}}