{"id":32519,"date":"2023-12-21T17:15:24","date_gmt":"2023-12-21T17:15:24","guid":{"rendered":"https:\/\/e.kosmolat.eu\/product\/cl-mitrinoss-dienas-krems-sausai-adai-40-ml\/"},"modified":"2025-09-19T15:18:48","modified_gmt":"2025-09-19T15:18:48","slug":"cl-mitrinoss-dienas-krems-sausai-adai-40-ml","status":"publish","type":"product","link":"https:\/\/e.kosmolat.eu\/lv\/product\/cl-mitrinoss-dienas-krems-sausai-adai-40-ml\/","title":{"rendered":"CL  Mitrino\u0161s dienas kr\u0113ms sausai \u0101dai, 40 ml"},"content":{"rendered":"<p>Kr\u0113ms satur NATURE PLUS 5 ekstraktus un e\u013c\u013cas (verbenas ekstrakts, peonijas ekstrakts, mande\u013cu, linu un ol\u012bvu e\u013c\u013ca) + hialurons.<br \/>\nAkt\u012bvas dab\u012bgas sast\u0101vda\u013cas baro, dzi\u013ci mitrina \u0101du, kav\u0113 s\u012bku grumbi\u0146u par\u0101d\u012b\u0161anos. Ro\u017eu ekstrakts nomierina, atsvaidzina, pie\u0161\u0137ir \u0101dai gludumu un vesel\u012bgu mirdzumu.<\/p>\n<p><strong>Rezult\u0101ts:<\/strong><\/p>\n<p>dabiski skaista, mirdzo\u0161a \u0101da.<\/p>\n<p><strong>Lieto\u0161ana: <\/strong><\/p>\n<p>no r\u012bta uzkl\u0101jiet kr\u0113mu uz att\u012br\u012btas sejas un kakla \u0101das. &nbsp;<\/p>\n","protected":false},"excerpt":{"rendered":"<p>Kr\u0113ms satur NATURE PLUS 5 ekstraktus un e\u013c\u013cas (verbenas ekstrakts, peonijas ekstrakts, mande\u013cu, linu un ol\u012bvu e\u013c\u013ca) + hialurons. Akt\u012bvas dab\u012bgas sast\u0101vda\u013cas baro, dzi\u013ci mitrina \u0101du, kav\u0113 s\u012bku grumbi\u0146u par\u0101d\u012b\u0161anos. Ro\u017eu ekstrakts nomierina, atsvaidzina, pie\u0161\u0137ir \u0101dai gludumu un vesel\u012bgu mirdzumu. Rezult\u0101ts: dabiski skaista, mirdzo\u0161a \u0101da. Lieto\u0161ana: no r\u012bta uzkl\u0101jiet kr\u0113mu uz att\u012br\u012btas sejas un kakla [&#8230;]\n","protected":false},"featured_media":78618,"template":"","meta":[],"product_cat":[1323],"product_tag":[],"class_list":{"0":"post-32519","1":"product","2":"type-product","3":"status-publish","4":"has-post-thumbnail","6":"product_brand-unilever-rus","7":"product_cat-1323","9":"first","10":"outofstock","11":"taxable","12":"shipping-taxable","13":"product-type-simple"},"_links":{"self":[{"href":"https:\/\/e.kosmolat.eu\/lv\/wp-json\/wp\/v2\/product\/32519","targetHints":{"allow":["GET"]}}],"collection":[{"href":"https:\/\/e.kosmolat.eu\/lv\/wp-json\/wp\/v2\/product"}],"about":[{"href":"https:\/\/e.kosmolat.eu\/lv\/wp-json\/wp\/v2\/types\/product"}],"wp:featuredmedia":[{"embeddable":true,"href":"https:\/\/e.kosmolat.eu\/lv\/wp-json\/wp\/v2\/media\/78618"}],"wp:attachment":[{"href":"https:\/\/e.kosmolat.eu\/lv\/wp-json\/wp\/v2\/media?parent=32519"}],"wp:term":[{"taxonomy":"product_cat","embeddable":true,"href":"https:\/\/e.kosmolat.eu\/lv\/wp-json\/wp\/v2\/product_cat?post=32519"},{"taxonomy":"product_tag","embeddable":true,"href":"https:\/\/e.kosmolat.eu\/lv\/wp-json\/wp\/v2\/product_tag?post=32519"}],"curies":[{"name":"wp","href":"https:\/\/api.w.org\/{rel}","templated":true}]}}