{"id":32515,"date":"2023-12-21T17:15:01","date_gmt":"2023-12-21T17:15:01","guid":{"rendered":"https:\/\/e.kosmolat.eu\/product\/cl-roku-krems-aizsardziba-un-kopsana-sos-75-ml\/"},"modified":"2025-09-19T17:06:11","modified_gmt":"2025-09-19T17:06:11","slug":"cl-roku-krems-aizsardziba-un-kopsana-sos-75-ml","status":"publish","type":"product","link":"https:\/\/e.kosmolat.eu\/lv\/product\/cl-roku-krems-aizsardziba-un-kopsana-sos-75-ml\/","title":{"rendered":"CL  Roku kr\u0113ms &#8220;Aizsardz\u012bba un kop\u0161ana&#8221; SOS, 75 ml"},"content":{"rendered":"<p>Kr\u0113ms satur esenci NATURE PLUS 5 ekstraktus un e\u013c\u013cas (verbenas ekstrakts, peonijas ekstrakts, mande\u013cu e\u013c\u013ca, linu, ol\u012bvu un mande\u013cu e\u013c\u013cas) + pantenols.&nbsp;<br \/>\nAkt\u012bvas dab\u012bgas sast\u0101vda\u013cas:&nbsp;<\/p>\n<ul>\n<li>Efekt\u012bvi un ilgsto\u0161i nov\u0113r\u0161 sausumu<\/li>\n<li>Intens\u012bvi baro un mitrina<\/li>\n<li>Atjauno u m\u012bkstina<\/li>\n<\/ul>\n<p><strong>Lieto\u0161ana: <\/strong><\/p>\n<p>uzkl\u0101jiet uz t\u012bras sausas roku \u0101das. Kr\u0113ms ir piem\u0113rots ikdienas lieto\u0161anai. Nav \u0101rstniecisks l\u012bdzeklis.&nbsp;<\/p>\n","protected":false},"excerpt":{"rendered":"<p>Kr\u0113ms satur esenci NATURE PLUS 5 ekstraktus un e\u013c\u013cas (verbenas ekstrakts, peonijas ekstrakts, mande\u013cu e\u013c\u013ca, linu, ol\u012bvu un mande\u013cu e\u013c\u013cas) + pantenols.&nbsp; Akt\u012bvas dab\u012bgas sast\u0101vda\u013cas:&nbsp; Efekt\u012bvi un ilgsto\u0161i nov\u0113r\u0161 sausumu Intens\u012bvi baro un mitrina Atjauno u m\u012bkstina Lieto\u0161ana: uzkl\u0101jiet uz t\u012bras sausas roku \u0101das. Kr\u0113ms ir piem\u0113rots ikdienas lieto\u0161anai. Nav \u0101rstniecisks l\u012bdzeklis.&nbsp;<\/p>\n","protected":false},"featured_media":80458,"template":"","meta":[],"product_cat":[1304],"product_tag":[],"class_list":{"0":"post-32515","1":"product","2":"type-product","3":"status-publish","4":"has-post-thumbnail","6":"product_brand-unilever-rus","7":"product_cat-ranku-prieziuros-kosmetika","9":"first","10":"outofstock","11":"taxable","12":"shipping-taxable","13":"product-type-simple"},"_links":{"self":[{"href":"https:\/\/e.kosmolat.eu\/lv\/wp-json\/wp\/v2\/product\/32515","targetHints":{"allow":["GET"]}}],"collection":[{"href":"https:\/\/e.kosmolat.eu\/lv\/wp-json\/wp\/v2\/product"}],"about":[{"href":"https:\/\/e.kosmolat.eu\/lv\/wp-json\/wp\/v2\/types\/product"}],"wp:featuredmedia":[{"embeddable":true,"href":"https:\/\/e.kosmolat.eu\/lv\/wp-json\/wp\/v2\/media\/80458"}],"wp:attachment":[{"href":"https:\/\/e.kosmolat.eu\/lv\/wp-json\/wp\/v2\/media?parent=32515"}],"wp:term":[{"taxonomy":"product_cat","embeddable":true,"href":"https:\/\/e.kosmolat.eu\/lv\/wp-json\/wp\/v2\/product_cat?post=32515"},{"taxonomy":"product_tag","embeddable":true,"href":"https:\/\/e.kosmolat.eu\/lv\/wp-json\/wp\/v2\/product_tag?post=32515"}],"curies":[{"name":"wp","href":"https:\/\/api.w.org\/{rel}","templated":true}]}}