{"id":32511,"date":"2023-12-21T17:14:39","date_gmt":"2023-12-21T17:14:39","guid":{"rendered":"https:\/\/e.kosmolat.eu\/product\/cl-roku-krems-ar-alvejas-sulu-intensiva-mitrinasana-75-ml\/"},"modified":"2025-09-19T17:06:40","modified_gmt":"2025-09-19T17:06:40","slug":"cl-roku-krems-ar-alvejas-sulu-intensiva-mitrinasana-75-ml","status":"publish","type":"product","link":"https:\/\/e.kosmolat.eu\/lv\/product\/cl-roku-krems-ar-alvejas-sulu-intensiva-mitrinasana-75-ml\/","title":{"rendered":"CL Roku kr\u0113ms ar alvejas sulu &#8220;Intens\u012bva mitrin\u0101\u0161ana&#8221;, 75 ml"},"content":{"rendered":"<p>Kr\u0113ms satur esenci &nbsp;NATURE PLUS 5 ekstraktu e\u013c\u013cas (verbenas ekstrakti, peonijas ekstrakti, mande\u013cu, linu un ol\u012bvu e\u013c\u013cas) + hialurons.&nbsp;<br \/>\nAkt\u012bvas dab\u012bgas sast\u0101vda\u013cas dzi\u013ci mitrina roku \u0101du, pie\u0161\u0137ir tai maigumu un gludumu. Alvejas sula intens\u012bvi mitrina un saglab\u0101 mitrumu \u0101d\u0101. Efekt\u012bvi un ilgsto\u0161i saglab\u0101 \u0101das sausumu.<\/p>\n<p><strong>Lieto\u0161ana: <\/strong>uzkl\u0101jiet uz t\u012bras sausas roku \u0101das. Kr\u0113ms ir ide\u0101ls ikdienas lieto\u0161anai.&nbsp;<\/p>\n","protected":false},"excerpt":{"rendered":"<p>Kr\u0113ms satur esenci &nbsp;NATURE PLUS 5 ekstraktu e\u013c\u013cas (verbenas ekstrakti, peonijas ekstrakti, mande\u013cu, linu un ol\u012bvu e\u013c\u013cas) + hialurons.&nbsp; Akt\u012bvas dab\u012bgas sast\u0101vda\u013cas dzi\u013ci mitrina roku \u0101du, pie\u0161\u0137ir tai maigumu un gludumu. Alvejas sula intens\u012bvi mitrina un saglab\u0101 mitrumu \u0101d\u0101. Efekt\u012bvi un ilgsto\u0161i saglab\u0101 \u0101das sausumu. Lieto\u0161ana: uzkl\u0101jiet uz t\u012bras sausas roku \u0101das. Kr\u0113ms ir ide\u0101ls [&#8230;]\n","protected":false},"featured_media":80466,"template":"","meta":[],"product_cat":[1302],"product_tag":[],"class_list":{"0":"post-32511","1":"product","2":"type-product","3":"status-publish","4":"has-post-thumbnail","6":"product_brand-unilever-rus","7":"product_cat-roku-kopsanas-kosmetika","9":"first","10":"outofstock","11":"taxable","12":"shipping-taxable","13":"product-type-simple"},"_links":{"self":[{"href":"https:\/\/e.kosmolat.eu\/lv\/wp-json\/wp\/v2\/product\/32511","targetHints":{"allow":["GET"]}}],"collection":[{"href":"https:\/\/e.kosmolat.eu\/lv\/wp-json\/wp\/v2\/product"}],"about":[{"href":"https:\/\/e.kosmolat.eu\/lv\/wp-json\/wp\/v2\/types\/product"}],"wp:featuredmedia":[{"embeddable":true,"href":"https:\/\/e.kosmolat.eu\/lv\/wp-json\/wp\/v2\/media\/80466"}],"wp:attachment":[{"href":"https:\/\/e.kosmolat.eu\/lv\/wp-json\/wp\/v2\/media?parent=32511"}],"wp:term":[{"taxonomy":"product_cat","embeddable":true,"href":"https:\/\/e.kosmolat.eu\/lv\/wp-json\/wp\/v2\/product_cat?post=32511"},{"taxonomy":"product_tag","embeddable":true,"href":"https:\/\/e.kosmolat.eu\/lv\/wp-json\/wp\/v2\/product_tag?post=32511"}],"curies":[{"name":"wp","href":"https:\/\/api.w.org\/{rel}","templated":true}]}}