{"id":32507,"date":"2023-12-21T17:14:18","date_gmt":"2023-12-21T17:14:18","guid":{"rendered":"https:\/\/e.kosmolat.eu\/product\/cz-acu-plakstinu-kr-serums-no-56-gadu-vec-17-ml\/"},"modified":"2025-09-19T16:16:23","modified_gmt":"2025-09-19T16:16:23","slug":"cz-acu-plakstinu-kr-serums-no-56-gadu-vec-17-ml","status":"publish","type":"product","link":"https:\/\/e.kosmolat.eu\/lv\/product\/cz-acu-plakstinu-kr-serums-no-56-gadu-vec-17-ml\/","title":{"rendered":"CZ  Acu plaksti\u0146u kr.-serums no 56 gadu vec., 17 ml"},"content":{"rendered":"<p>UV-aizsardz\u012bba. Pa\u0161atjaunin\u0101\u0161ana Self-complex56. Samazina grumbas, kompleksi atjauno \u0101du, nov\u0113r\u0161 t\u016bksu un lokus zem ac\u012bm. Satur antioksidantus iek\u0161\u0113ja stresa nov\u0113r\u0161anai un aizsardz\u012bbai pret noveco\u0161anas pamatfaktoriem. <\/p>\n<h4>Lieto\u0161ana: <\/h4>\n<p>no r\u012bta un vakar\u0101 uzkl\u0101t kr\u0113mu-serumu viegl\u0101m kust\u012bb\u0101m: no iek\u0161\u0113j\u0101 acs kakti\u0146a uz \u0101r\u0113jo pa plaksti\u0146u malu, neuzkl\u0101jot kr\u0113mu skropstu tuvum\u0101, lai izvair\u012btos no nok\u013c\u016b\u0161anas uz acu g\u013cot\u0101das. \u0100das paaugstin\u0101tas  jut\u012bbas gad\u012bjum\u0101  ir j\u0101veic individu\u0101l\u0101s nepanesam\u012bbas tests: nelielu daudzumu kr\u0113ma-seruma  uzkl\u0101t uz apak\u0161\u0113j\u0101 plaksti\u0146a, vienm\u0113r\u012bgi izsm\u0113r\u0113t. Ja 24 stundu laik\u0101 nerodas kairin\u0101jums, lietojiet kr\u0113mu saska\u0146\u0101 ar lieto\u0161anas ieteikumiem.<\/p>\n","protected":false},"excerpt":{"rendered":"<p>UV-aizsardz\u012bba. Pa\u0161atjaunin\u0101\u0161ana Self-complex56. Samazina grumbas, kompleksi atjauno \u0101du, nov\u0113r\u0161 t\u016bksu un lokus zem ac\u012bm. Satur antioksidantus iek\u0161\u0113ja stresa nov\u0113r\u0161anai un aizsardz\u012bbai pret noveco\u0161anas pamatfaktoriem. Lieto\u0161ana: no r\u012bta un vakar\u0101 uzkl\u0101t kr\u0113mu-serumu viegl\u0101m kust\u012bb\u0101m: no iek\u0161\u0113j\u0101 acs kakti\u0146a uz \u0101r\u0113jo pa plaksti\u0146u malu, neuzkl\u0101jot kr\u0113mu skropstu tuvum\u0101, lai izvair\u012btos no nok\u013c\u016b\u0161anas uz acu g\u013cot\u0101das. \u0100das paaugstin\u0101tas [&#8230;]\n","protected":false},"featured_media":79502,"template":"","meta":[],"product_cat":[1323],"product_tag":[],"class_list":{"0":"post-32507","1":"product","2":"type-product","3":"status-publish","4":"has-post-thumbnail","6":"product_brand-unilever-rus","7":"product_cat-1323","9":"first","10":"outofstock","11":"taxable","12":"shipping-taxable","13":"product-type-simple"},"_links":{"self":[{"href":"https:\/\/e.kosmolat.eu\/lv\/wp-json\/wp\/v2\/product\/32507","targetHints":{"allow":["GET"]}}],"collection":[{"href":"https:\/\/e.kosmolat.eu\/lv\/wp-json\/wp\/v2\/product"}],"about":[{"href":"https:\/\/e.kosmolat.eu\/lv\/wp-json\/wp\/v2\/types\/product"}],"wp:featuredmedia":[{"embeddable":true,"href":"https:\/\/e.kosmolat.eu\/lv\/wp-json\/wp\/v2\/media\/79502"}],"wp:attachment":[{"href":"https:\/\/e.kosmolat.eu\/lv\/wp-json\/wp\/v2\/media?parent=32507"}],"wp:term":[{"taxonomy":"product_cat","embeddable":true,"href":"https:\/\/e.kosmolat.eu\/lv\/wp-json\/wp\/v2\/product_cat?post=32507"},{"taxonomy":"product_tag","embeddable":true,"href":"https:\/\/e.kosmolat.eu\/lv\/wp-json\/wp\/v2\/product_tag?post=32507"}],"curies":[{"name":"wp","href":"https:\/\/api.w.org\/{rel}","templated":true}]}}