{"id":32499,"date":"2023-12-21T17:13:46","date_gmt":"2023-12-21T17:13:46","guid":{"rendered":"https:\/\/e.kosmolat.eu\/product\/lime-skropstam-9354\/"},"modified":"2026-04-23T13:12:12","modified_gmt":"2026-04-23T13:12:12","slug":"skropstu-lime-caursp-ar-otinu-9354-5-g","status":"publish","type":"product","link":"https:\/\/e.kosmolat.eu\/lv\/product\/skropstu-lime-caursp-ar-otinu-9354-5-g\/","title":{"rendered":"Skropstu l\u012bme Caursp. ar oti\u0146u 9354, 5 g"},"content":{"rendered":"<p><strong>Lieto&scaron;ana:<\/strong><br \/>\n1. Uzkl\u0101jiet pl\u0101nu l\u012bmes k\u0101rtu gar m\u0101ksl\u012bgo skropstu pamatni (nekad neuzkl\u0101jiet l\u012bmi tie&scaron;i uz acu plaksti\u0146a).<br \/>\n2. Pagaidiet apm\u0113ram 30 sekundes, l\u012bdz l\u012bme nedaudz sabiez\u0113. Turot skropstu joslu aiz abiem galiem, viegli izlieciet to uz priek&scaron;u un atpaka\u013c, pie&scaron;\u0137irot tai loka formu, lai skropstas viegl\u0101k piel\u0101gotos plaksti\u0146am.<br \/>\n3. Uzlieciet m\u0101ksl\u012bg\u0101s skropstas un piespiediet t\u0101s gar visu garumu. Dro&scaron;ai fiks\u0101cijai maigi piespiediet skropstas vis\u0101 garum\u0101 l\u012bdz l\u012bme piln\u012bb\u0101 iz\u017e\u016bst.<br \/>\nLai no\u0146emtu m\u0101ksl\u012bg\u0101s skropstas, uzman\u012bgi atlipiniet skropstu joslu, s\u0101kot no acs \u0101r\u0113j\u0101 kakti\u0146a virzien\u0101 uz iek&scaron;\u0113jo. P\u0113c no\u0146em&scaron;anas r\u016bp\u012bgi not\u012briet skropstas un no\u0146emiet visus l\u012bmes atlikumus no aplikatora uzga\u013ca, lai nodro&scaron;in\u0101tu pareizu l\u012bmes doz\u0113&scaron;anu n\u0101kamaj\u0101 lieto&scaron;anas reiz\u0113.<\/p>\n<p><strong>Piesardz\u012bbas pas\u0101kumi:<\/strong> Ja acu plaksti\u0146i ir salipu&scaron;i, nem\u0113\u0123iniet tos atdal\u012bt ar sp\u0113ku &ndash; p\u0101rkl\u0101jiet &nbsp;aci ar \u016bden\u012b samitrin\u0101tu kompresi. Ja \u0101da ir salipusi, uzman\u012bgi atdaliet to, izmantojot siltu \u016bdeni un ziepes. Acu \u0113nas, skropstu tu&scaron;u un acu z\u012bmuli uzkl\u0101jiet pirms m\u0101ksl\u012bgo skropstu piel\u012bm\u0113&scaron;anas!<\/p>\n<p>&nbsp;<\/p>\n<p><img decoding=\"async\" alt=\"\" src=\"data:image\/png;base64,iVBORw0KGgoAAAANSUhEUgAAAD4AAAA+CAYAAAEExpjSAAAAAXNSR0IArs4c6QAAAARnQU1BAACxjwv8YQUAAAAJcEhZcwAAFxEAABcRAcom8z8AAA4LSURBVFhHvVl5bFRVFx+UGlwQ0rgESAFFEc0nfILaskYRKf5NIBhDNCLRhM0QYrQRxA2iBGj4ZKmllG6UEhIWGw2BkKqJJQokRtFAAolgjEBhBqW8KbS93\/n93r133rx5M\/NmaPklL2+775579nPPiyg\/Ojv1hYukAdGJo92L69fds8AOiE4cw3NNTQ3P6sYNnjjAvDx27JiKRCKJQR0dMsAzXZ8+fXgeOXIkz7HpEzQJzyCD6LRinhOLvJEYFJtWoq98XGBh0dIJ+sZF8oAAJA8QIUUnaFloJAZ4JBid8KS+MgO63JeQAQ7ASDUSnTKWF++884565plnVEVFBe8Bp6bSncGMrqqqUhs2bOC1U1vFs12DVZQgXl+tr7yLFEQnjVGO5yWQNMAPzBqd\/JTVbBACJwAlw7kB5edRl0HyEmE2Hnl2yjXEtnr1av1Ej+mI6zs9gf\/DDtiZlvnFixd5vuOOO\/RbFxQa7REQc\/NKEbjtttvUV199xevy8nJVUFDAayD2QrFy6rbxOlkGwqOZaN26dTzWrl3Lc3V1tdhwiajI\/dAgUIhcEQSpERPjNxT9CJ7AQNTn7ND+lwYZJ3CqNumrYKT9GMuNvjje+m0QAj\/mh9qfnQYRmkg7CCkfOzVb7YdXr17lOd5UFzhB0sdOdQWXavD888\/rK5lgZ+oE9mOneotQTHwIS3vooYcY+f79918+80\/Aj0lRop3Bu+++a022uLhYHTp0SL\/RLEx1J4g42ysYJg1uiH5bWlr44ejRo+0kXpgVRCAcp84NHwYYXFRUpI4fP64GDBjA+40bN+q3SnV3SgAVB+OUNHyP\/d59993qyJEjvI7FYqqwsJDXQDfips4Edj0xEZZTn1jBTz\/9pNra2lR9fb1+kqBokMRM7MUJEgG30jWNh5mDkdrnxsmSEEB4Tm2lvtPweZtByscAJojLCggGjtQPgcCPAbIgavQv1Yu0HwOYIBMyfpwJ9DyRA7TU7YmyuSBn4oiHhig06DTg\/r+0tVwXEZq4s71SE5VwEVBsxBtr+B5u0x0Pt4isxJHWwRljlCdfAa+\/\/rq+SoB+i0VgfBZJpCXucirihNF4UnB3d7dqbm7m9dSpU5nvAMdxeDbgIsTEGcLSSCKFOOMiiYoh+fL+33\/\/zTMCzTfffGMjVllZmXruuedUa2sr33vhLmI006CsUD91YYkzpmqifvEaIJODGLjFeejQoWrQoEF2EZWVUnnJOQhGErAZYxORa5vKEzoVkabDww8\/zFjdr18\/lr0g0tTUxHdmMThWrVqlzp07x+dBcBplEVKWxV4o0ZxLEYOQBEPxx3aD06dPWwI4gPb2dp6BOXPm2He\/\/fabfuqBqBBSBfcIvkCyjK5LyBYJQBLe\/GDw559\/MrkgQ\/mxcOFCEv7111\/1Ew3UUiAawFiwgrBKvYi454OdO3eqlStXqg8++EB9\/PHHvP7www\/VJ598oj766CNeb968mWNhrC4j4DRYmsHEDUTHcDV3Ap0lsgF5S6Ifxeur0f3ITFwDXPj1lQKJemZMPE1l6Uco4gbdkAS4giQk8hEkKuINwakfORE36O7qctUhuy0EkGylcDrkRZyQmOBUJsqpfJAf5xA1xS8uacSfB3InjvINhCVK0X+hayl38kFuBmcsGhyjwoPuERkny70kpFwRnrixdFq1x5VkF4win89zXEAo4shCluOAsEt3mz7Rfb8t\/AKyEzcRS\/b1fsJm30OICqJYACUQzgYyE5cyKCqpj0HFR\/i6cPvee+\/pOw0xRjc7igRCGGF64qJjJgYEEdmU+oE+gymhkkAJGBvIvIBg4qJjm5GkNPbi6NGj8jquLly4wBS6bZv7HrWdhaiKNpBlAanEr3dojiVBBIRNpNWZM2eqU6dOkfiQIUP4\/JVXXuHZAhIoneRKbpubZv1IJg6rlkKPK\/aJGjrukgkXLFjAggK53FQueN6\/f3890gNIoFRLoCp1AQni4FjKXHLcWKsfJuORRx5Rb731liWK4\/bbb1ePPfYYF4Qa76+\/\/tKjNSgBWQC8xScBEsc2h5ULVrhjO18EAcTuv\/9+S3jevHn2esqUKeqJJ55QDQ0NerQHRgK+OBBxOdY6li1PEEw1+sADD1hiOFDTjR07NunZvn37ODYFIgFrhHoBEWzwkJedhvQcHz58WK1fv54tZEPE6Liurs4+M51k2Ec6mGR07Yu1KuLUfMkbiAUNh3QwBHBs2rRJ3XfffXy+e\/du9fbbb6t7772XHZ8777yTz4OAhgezoagYIZk6RwsBPs1tb5pVP\/7445b4ihUraFwAfB4w74YPH857P5w6lwYJS00IWGtHTU0JiP7Rq\/Fj\/\/79nPzll19WW7ZsUdeuXdNvFHvRn3\/+Od\/v2rVLP03Azg3m9KKBJD\/nIKxO9OLdmRosXbqUBE6cOKGfuEBrD8+nTZumnySAnADCRtReJBEHUOC7g2WTH2ADMCZwjjCLkArCixYtUj\/\/\/LMekQB1zB1qsDpTiANcgNaP2SZDt++\/\/75avnw5dys4sHPBLuXTTz+lHeDdpUuX3PGUoux6PTr2I5A4wN4LJIA2h3wMjj\/77DN209C3Nr1r77FmzRp1VTad2FhQx77Ggh9piQPYBLgqSO8FfpAwPIeE07sukJE4gB8mrhumGowfKCqpY8nnmTg2yEocwN7LFWN6CRhDxRh\/OyUdQhEH2GLH5Oit+BZggxRdNLOovQhNHDA+i42hWYDbKjMchycM5EQcsEYoemVekDxNHYc0SC9yJg4g58OwkA3JsaTLfJAXcQDb4jDulAl5E88boh7YDiSG+OFs\/zIvld0sbh3jkqPIsMQq2iuaGjgQ\/iWCc4MjFd2tQu8zTg1L7IOGwTByJZxUch6jhq7q+RwWgD5Hnv8tckGvMd4t2kN6Y8tKM4awCGaTTFv81JF6nVtbjMMBC6jeIpuJ3rOAnmccGpa0SkYk7DK9SkHKn+SZgpEUrHGJmvR9RE5xAWxkuLnoBQvoMcaRzBCooi88azUHJqjhXKKvCABpI1bauxZw04yjXmHhJP5JLSG5SgDjzj7Dxmvv3r38yZsWnV3K2VkrsQEC8FhAdUWPCCB\/xlEbSyCiaSIwQTMIWqLhbMXb5cuXuZEfP368On\/+vH6aBmItcQiAvRWhgVghNdzNZoHcGdcaZlqCFqANmLRoONPW2ou2tjY1ffp07usmT56c2kIJAmJAY60bLBE7KACxAAggDwsIz7gEGPhZbGqxZtjVcBwMZ9Hwjh072MJpbGzkvb+Lgo5ah178wYMH1ffff8\/rQEAA+Cmpu2tYC+sA9JpzCILZGUdaAsNoFdGkhRiiNFpG4odhgL9tYHDMmDE085aWFnXXXXdZxtFE27jR\/VGyePFiNWzYMLYWM0JoQwBuGpQ1IbZAAOjyhbCA9IxTwxWMqNQw8\/B4zXDwr2UD7KHRG0EjDl2DV1991TI5adIk9eijj9p7c0A4X3\/9tbrnnnsoFPwXB5IauUFADGgSAcwwMQBBUAvA95\/ci1TGZdFx8ZuED4NhMWkwnMNuBM0BMAQzfu211+yvbnP07ds36Xe390AD+ZdffmHkHzVqlGptbdWzZoCsDTHAzQJP0goQBOOsA1ItIME4orQwbDUMhuHD6HR7K62QqK6uJnNBjOGAOf\/4449s4XifQ0BDhw5NauuiuxYasIBdDVIHJLKALYR0mxCI0KQtwzJo8lM0Gza6c9AwTBKmjVYQOu7\/\/POPmjFjRhJT3uPNN9+0Zrxs2bLAMTjQ6zxz5gzHYd7Q6JIg2FSvYi9NcZusyARwAQrAURHnyy\/cFAEtY7ekq62gnmc2XLlyRZWUlNBPZ82apd544w12\/cEAnqEBj+uioiL1+++\/66+Uam5utmb\/9NNPs1uM6+LiYvp9eXm5qq2tze7vPnQL89wIodbw7gQr\/qdNHVtGFCNmywgzR47EH\/+QudkAfllQUMCFe48HH3yQpo226JIlS9QPP\/ygv1Dq22+\/VZs3u788qqqqUr7HfVADOS1QPsvuz\/JDcxeGZdNk+EkKbvi1gi4WU4TxcwhAtpVhG0vofM+dO9cuGn4+btw4+jT+ihw4cECPTMXWrVvVwIEDObawsNDOga66aednAkpZMsxqUtYPDcOChSf88PYiOJ1BYugfQmLcYbmpDE2vbKkMaG9vV\/Pnz7cLHzx4sPruu+\/4rlO+D\/JVPIcpO5KCZs+encQ0mugZId9ibWQYGsaaoTDhAbwEIZhxA24xtcl4LUCkGqaZiny+Z88e\/tfE3x\/U53AF\/PH1++vJkyc5DsyOGDFClZWVqbNnz+q3weAGyWvSVJBmOEsmysy4ASSKRi4JuFUSJSouEMYCvIC2UZ56tQ4hQKvQehBSgho1rC2SDGM9YpGMSeHWE45xA1iASJhR0mcBXgkjlZWWllpzvZkD\/n72jz\/ciTV9q2GsAS7oox8GuTFuIFLF5gSbFEqbEoeJSdQMGQRzAnwfaclqWA69QcrV4gzyY9xApIw\/PW4WgAbkoAAq5V3+e2UL9u3Q5BCG9fysJhFkc9SwHzfHuAGqJNGIjarGAmCC+VgAsgpcihqGRblZhX07odUT6BnGNZAr8avNVoLIowg6sIAQW0XuF1BHmDYWNIwNkmjYn4dvFj3KuAWiLgQABrTGXBdIEwOgYZs1YDGuSbNRmacPZ0PvMK6B3nq8YbswYX4aeCwA6UyOYA2jb9cLQdKDXmXcAhYgEZguAAvAbmnqszpoCcPj\/0MfdjuzvaNhP24N4xpoRrJn7o0Bco1nYRuVPYVbyrgXMHG0tmTvqJ\/cSij1fz8Grtdd8Jr3AAAAAElFTkSuQmCC\" \/><strong>GHS02 B\u012bstami<br \/>\nH225<\/strong> Viegli uzliesmojo&scaron;s &scaron;\u0137idrums un tvaiki.<br \/>\n<img decoding=\"async\" alt=\"\" src=\"data:image\/png;base64,iVBORw0KGgoAAAANSUhEUgAAAD4AAABACAYAAAE17vRjAAAAAXNSR0IArs4c6QAAAARnQU1BAACxjwv8YQUAAAAJcEhZcwAAFxEAABcRAcom8z8AABNPSURBVGhDzVsJeFRVsm71AbImZCP7AtkDYd8GUJBFIoiggiv6yaAQnuKCgwziDIyA23vD4owKCjozMghPEJ7IE2QRQXCegKzdfbuTztbpTqez7+l0p15V3Xt776Qbgt\/7+Zp77znnnjpVp6pO1Tk3CnCDVbrKcGmgGZMBZRtWg7W9XSpxaqAZmcrXjz\/5BEpfXgI2m9iIGwhDEvmB0K1XT74WPPkA2LAnha2hngtknD5zhq\/tWKlK7C\/2YKup5kLCHT178FVIi+SrfQytujzpDiuzE6Q7Ny4aL57FwaZITyJcGljMZdKdAy4NCKqUUOlOhEuD9Rs3IP820I7NkEqkBtY6kYuI2Bi+Eot5M8bzvUIzLotvCOFRImuEmv3\/5KuCBKodJY48eEA4X5uKdCDPBpOgLtWDRd4t+kK+yrAPkhq5y4DgwaYztOMyQTUoTHryDq8daEelQrulVXoCMK5bCcLwZPu4neEYIv5UwwaiHB06GZ0YD\/2jIqQngJLFj0H+lFHSkwiWkiojBtoMJWKJE7r16QnTZs6QniTgC7oHpkDBQ2I5j8BWXwfqEZ4C8oaG8+dAnewYlYsMLOUmUGfF23k996+f7KZhqS7HqYrzkINXITbrBBDSo\/jeVl8L6qEJXgVI8NqBjNpv9oFNuvcFnx1YcTbqzxyTnrzD+8s41vxpY3neLSVF\/g\/d1m6DvHvGQkHOBH5WZydCGwrVGzxeLnriAdDQNKK+y9CMSuPpdYf9ZaJYkvsUurs0NpSamhpY9OyzUi12MCIZrDWV0pMI+8tlq5aDkBnLno3wwEMPQlRiHJw4eZKfSfLCaNR9axs\/ExRExfSf60FIHuAimE927oAY1Hmr1dUva0YlI0viJCrMO\/4CqrQojzk1GowwIC5aenKACGhGi85aoZ08AoqfWcB8uiMo3NXFEagVaV6LPh8dNw5BGJmM7t4hHF+gF5UDw6Hhf0XnzgJjNzQ8Bco2vm6foQMHD7Kdy7DhP2V8ENQdPWSXjV3aVmRajbZeufVdqQRg49tv8ZWHmhEN1Z9\/ws8yXJSERiCg8Kr+vt0uA5o6FS4t5Zvf8pCLy8sEkUoU1KBVUVsNuizThj+IlW7weFmGMiEE8u4eAYY3VuC0ulKU4fNlal60YJb44AM+X\/YFeRTCxCHoddCZVpSLCuYmD3\/gN3GiSd3nTx2LxpcOhQ\/nQOVn29BHJoI6KRRayW8EOIBOicuc6nImgoCuIW9iNpZZ2QvIMK1dyauBgM7a6sV1+ILvOZOYKH7mYVwd00A9Oq1T0RpWv4gDTAE1api1toal1RE8iMuiK12xFN3wQFZV4tFZpFOnT2Pri0lMgL6h\/eHYyeNcL7szfe5CNPlBKKVh6ERr7BbpDjtxWYjGN1eh4xgIytRIsDW6Bnwy3li3FqIS4tjl9Q4JgsJC1\/BFRuGiBRxT5E0fh1OFftRNcgq5wPyX93DOYjFYGwCWMr0Lp+44ceIEezziPihM9Hze2suSKECTo6nT3X8PP8ttFeWbNoIqMwZUyGmbycCF\/kChUEBYdCSsW\/+mVNI5dPfdBZoJQ0B3zxh+VlDUaWtqBM24DFwlUkC\/9Emu6Ihzwsu\/W8EDKDN5xr52YB\/US\/2PJ0FAx6pO6A+N1y7adUCcc3yiZm211bzWk7IY16N750rvmL9gPvTo28e+RrqDTLFJeRmuxwWDOnUA1P5wVKxw6tRD2ylJITMRhiaxtpdtXCPVOHDp8mW4rWd3CImMgNQsR6wuo9VsBFVyGIeTNV\/u8slEh3ZuwaREhaMmnaj4cFOHkiBO24yloMQwm6ylcscHUo1v+CQugyTRgmkCDYLCzeovP5dqHLAY9JikJWB9PJS\/\/UfJL4h1HaFT4jKorxbhGs+fgL+6o4dZUdWjBnGEZlq\/xu4r\/IXfxBk4AnKZ9ee+B2ViMCpmKpT+7nmpzg9W3RAY8S5GwMTZh+O1cs8ODD1pdQucYxkBESfCRKru1FFWwOKnH+TyGx2A\/8TthI9x1kpbEDTn+lzJI\/L\/gcFv4iTq+nOnMOINxdQQo97vDmHUn4ouOQP0K3LFRgGiU+LEL3HVqEYzGxgB6sxoqDt0gMvopx6WwGtC6UtLqHlA6JC4SBbtW30dhKxYUKMjqd3\/hVSK0sBFqb2lBePkWHbFRgxAGH7qQCfEkbDqGvroaBCyk6Dqq91ihRNoANbqKvbl1Mb0lvcA3Rt8Erci5ZZrl0CJnWqyE6Bq7y6pxhNkBW2VFaDCJVMYEg+m99+1S6cjeCVOnZGoKUcRyF\/vFBcJeY3fd+AryH3h32Htn9ZBUVER1TCxtmozJ4oalJR522ZuK8rPO7wSby3UoQjjeYvJ\/P57UqmIi7\/8wkEExW9R8XGQlIppqgRyvW3lBlCnR+IvGir\/vk2q8Q4X4jx6QymKOZ7Xc9Pmtz3Gfe3qVejWpxcHkJEJsZA22LGbRiCTbC7QogRwFUyLhtoDnqugDDtxWjrbyjAIGJqIq1QqlG8Rc0t3kIIpbldw8DggLgYWL\/HMiGnAzdrroMRMRp0eC\/VHD4oVbmDiHL1UVSC3SHgYZsjviBrra7bu7NsbohPiISwmCj797FOp1BONl3\/GAYTwMlx3zJFRy+CtCGtdFWgwrydT0b++nCt8ESaMHj+W5zskKgLOnD1rV0RnyCX1P50GAT2iKiUSGnApZkjtFTZ0EuQmaY71K6W1uRPkPr+M57x\/ZDioVSqp1DuITN3pE8h9BFwfGAaNv5yzD0xBG0uaCdmgX\/5bqahz7NixAyLjY6EfJg7VNTVSaceglVDIigNlXBA0YChNUNQc+RpTI\/TZ6CJbhKuorZ4idAaJ+NDhbyA8Nhp69esjlfoG5wVtFkytR4EwNgNKli2E9lZxS5YVrvLTD3kfQ50Sha7S1CF5Im4ymdjWH3n8UanUE7wgSXOrnT6Gc\/qiJ+fys1zOxOnWvG0LqDA6VQ3EXK22shP+HfCmbAypOH\/2JMzT0kH3oLi969zabudUaNryNqgwSKC0xlJp9toxlV28eBF69w+GCXffBa2SCJ0h7+4WPjILlTkDdDkTRKJu3TmISzsNpo2vo+ZjihwfhFOAEvASDyelpUI0m9oAOPm9ZD4S5B2LwifmgICiLsiZyM\/eQi07cYLMqeG15aBB01Ohj7Y1N3GZM2bNncOpUs\/gvnDhwgWp1IHCR2fxzqJ22mik6jvIdCHujNKXc0HAxF47wrFwEGiALegbNm3eBMe\/d00SiUTJ0oUgjBgE2vFZYGvBgfsgTPBKXG5uePE5UJMDGpaE4vdthLLE9C8uwogmBblOA\/djLG\/wybksqpJlT4sSGJ8JVpwCdyWkQREMq54H7fBUUI9MgXZMo\/wJp30SJ8gdFD\/9MKhR\/PmTh0N7c7NDAlK98Y+v4oKEawPqCR3NSOPpFB0SZ2D\/1FfRo7MxTk+B\/JzfQHubuElO5aa1r2EEi7n84ETULauHZDpC58QRcneF82eCdmQGFMyaxM+mt97AiDaJvSMFkYHCL+IEWZK6OZN5J7JgzhRWLlV8MIZOZThA\/zmW4Tdxguy5dPdPBu2EoZgmB0FrWYlfyuUNAREniHPajllKKrSWFNwAvw4ETLwr8asQJ30gnaFf3eF9qDPJqLw50GosvinJ3QxuHePIES1wsirWH\/8W8nCduY6xpPY3Q\/jzA1VyBJQsWQit0rE3tb1B1Q0YXc44zyyOXt7mrz35HeTNnIDxUai4+Y2hRQEaat6UkewvSQACRvaGFxbzbh+B7MnXeVJXocsYF92bY7CNF\/\/FPph2jegolo7pdDmToPrgXq6npbD8nbW4VmPIRFuXI9O5Temry8BSJGkA\/3drBNBljNNM0xCblZfZ56szYzAIScEFJxryp4+HmkP7uJ2dDdIKvmAYTjHjMAxasxN4a0UYmgDG118Ga2UFf8tzK1i\/KcZJpeXDbNrEKJw3A4TMOHZemsFJkD8xG2oP7nH5XsQXbHW1UL4BV+fMaA7\/1JivalgAr9hP+CmGu5GF0xsCZpw9NNofzRah+dIFjG9mgZJmGG2YvlHKQ7ut2bcbbBLDbLN85x1cjz9Cm9kExg1r2CeQ\/WswTKEDef5Iq0YMVUjgcvsbhd+MExlxgOJzi\/IK6J97HFRpEZiSoA2nx\/IMVe75h9iWfj4GV48zaDabpScHKF2S37GYDHwuqkoIRvWnHYtE0KLpVHz0Z\/tBrShO7zQ6g\/+MSwNqRc9b8sIzoEyPQpXEGU6LwTg9GSr\/9pHPIdTX18P2j7dDVGwMp9S0kaS443a+7967F6xeswbKzeXcVqYj99VaU4FZ03N8wqkZNghNKZ73eCs+3mo\/Zu1Yn7yjQ8ZpEPZvmEpLoDh3IajQhumLMtpFIbU2b9\/C9R3h1Knv4a4pk+HOoD68cxadEMebWLyRFR3Jx7AHv\/5vqbV3WKrKkf6TvErQMqjKiAPtuCyo+uyv0N4q5i++NMwbPBnHd3kdlh5J5YxvrGCPS4kQHV7R+UL51nd4k5tABDuiWWGugCXLckHR\/d+Ycdq\/omtkXAxvJU2beS9vpvoCT4B031pcAEWLHsFgPYSzfhVqHsUEtf9zAAcuulraTexMBC6Ms9TEW2irLAfTO3\/gjx\/o2wNiWDkoBEybNvCHaNQukAxh8\/tbUb1v430zmumYpAQIj42CHv16w9o31\/HnVoSOZo0FgNXUoll5CYqemgfXaW99TAao0yIxex0FDScOY33n47IzLndorasB8\/vv8vcRlG2q0X5pho2rXwJLdQW37bxbT+zZuxeicJZDoyJFNad7VPPufXrBkSPSkbafIPryGBrOn4WCh2aCKikMtOhkyRfkz5wI9WdPurRzh4LUgmBFR2He9md0WAP5GEWNgQQdLhhezQVLhdMHAQHMsjOuXLkCcx+aB72C+\/E+caS0XZucngY\/nz\/PbUST8a9\/aubctOHnM6CbOw2UaegER6fx51QFc6dC4\/kfuZ7aOmuowmIogYrPd4r2Qo5jXCYuSwPBsGIZtBqKuRFpQyBq7Q20PUifo5GdR6G6R6CaBw8Ig8VLnwO9Xi+1Chyk1pwMSc8NJ76Fggdn8AqgQV6uxwVB0SP3QdMvP7E2y1BUbt8K+ZOGYWgZg0xn8XGQftlTmDDkS026Dnv+ay\/c3u0OtnPaNewT2h\/+sfuf0Ob2MeONgpinD7Xqjh4A3X0T+USKJxQzwuIFOdAkzT5BwfGytQ0qdu\/kTX46gqJISckp4+O4jDklDDcIWX1P\/fADZGYPgb5hIdATVb5XUF82gZsBmwdfkeHj30D+PaNBnYo8jEJ1x+iv+Jn50CxcFRs7wf4pFIG8deXOD0A7cQioBmMIOnwQn8OULl+Ey5qeCciJxY2ioLAQdn\/xBezatQsEQYC2trYb6E\/0BfJbdT8ex9R3EqiTI0Eg+06JgOIn5kDTxZ+kFvSGK+xendJEeWecTtTMW9\/jHVY6axCG4zUlHMowhLTVyvGy\/wJwbqfN08JH27bBBx99CGd+dKieXyBmaYxSd02XfkZ7vhdnNgyjOZFh3bypUH\/6ODXmNr7G6CWAwYyLCOAt7V+W\/8cGzpYEshcUxPXkAWBYuxJTRqdY23vfLjCWGeG3zy7mMJWOI4LRxm\/r0Q2mzpgOGq1WauULNB5xTPRr1FyF\/Mdmw\/WkEGQYbTgtGgrunwT1R8ToT27XETwZ9wJrbTUY\/\/R7Vn063qRDXVoBjBvXoKf0L5jZf+AriBuUBP0iwviomwKYUBTAHXd29ziTcQVFbaImNueroeixObxW02YzMZyXMwHqDu\/n+kDQKePO7FhrqsGw6kWO0WnJowMnMgX6BJs281nSkrm4w2KxYDz+NcQNTITuPbpDN2Q4LCYSDn\/7rdeTMHJWMsOtZXooeWIuCKlRYp6QHgN5U0dD9ZeYCbaKYXOg8GvGCZyDS7NqKSlGh\/csf5ZDCQPF8SpMGU3vrud6AtuWk9Scba2puYkzNg\/QK9hOZpj+RqF40XxxNwfpCEMwQRqbzh80t0tHRdTeiYzf8JtxGbQJKEd7lgId6JcvRlvrD1pUf3U2xvVjUnFgmKJKf5XAA3Ni2hvEWtmKkWGjHgwrl4EanRVt4CvRvEi45m2UijZwq8767AwBM+4MmbRFXwz6pZiyoufXjEwDIQtzZgwcqnZ\/hhlcM7fpaKC8AYFXS1kpGNe8ggyHg5pyfdp9wdC5AjNBm3Ry1VW4Ocbl2ZR4spQZoHDevXzOS6edqoxYyL8bU8b9e9gWqZksALrIpkObisbfv8QnYbTrSvtt9IFK+bpVXE9gfZDadwVuinEZNBxiQnZrzUVaXF6m4LqKPmA0LTeRoJuNGdORg3YnSCC1Nb35GmgwA6SNDbJjihgNq18BW5N4QH6zOYIvdAnjzqCBypF305ULUDgHBZAUygJQDwqHwkdnQyMGGJXbt6Cjwjx6cDx\/4K5KDIGyta9h8CT+yRN9SnIr0eWM24ETJc9Vw7mToJt1FwuA\/q5RnYXRIGVP6AeUCaFQ+upSx9+B3qIZdsetYxxh9wES6k9\/B\/n3jgd1Yhh\/DleSuxBaK8U\/q6NWXWnDneGWMm4HMiTbKv01UxUGHg2nj0F7m+VXZ1jGr8P4\/zsA\/B+KadZisAxKzwAAAABJRU5ErkJggg==\" \/><strong>GHS07 Uzman\u012bbu<br \/>\nH315<\/strong> Kairina \u0101du.<br \/>\n<strong>H319<\/strong> Izraisa nopietnu acu kairin\u0101jumu.<br \/>\n<strong>Br\u012bdin\u0101jums<br \/>\nH335<\/strong> Var izrais\u012bt elpce\u013cu kairin\u0101jumu.<br \/>\n<strong>H336<\/strong> Var izrais\u012bt miegain\u012bbu vai reibo\u0146us.<br \/>\nDro&scaron;\u012bbas pras\u012bbu apz\u012bm\u0113jumi:<br \/>\nP102 Sarg\u0101t no b\u0113rniem.<br \/>\nP103 Pirms izmanto&scaron;anas izlas\u012bt eti\u0137eti.<br \/>\nP210 Sarg\u0101t no karstuma, karst\u0101m virsm\u0101m, dzirkstel\u0113m, atkl\u0101tas uguns un citiem aizdeg&scaron;an\u0101s avotiem. Nesm\u0113\u0137\u0113t.<br \/>\nP261 Izvair\u012bties ieelpot izgarojumus.<br \/>\nP280 Izmantot aizsargcimdus.<br \/>\nP303+P361+P353 SASKAR\u0112 AR \u0100DU (vai matiem): Nekav\u0113joties novilkt visu pies\u0101r\u0146oto ap\u0123\u0113rbu. Noskalot \u0101du ar \u016bdeni [vai iet du&scaron;\u0101].<br \/>\nP305+P351+P338 SASKAR\u0112 AR AC\u012aM: Uzman\u012bgi izskalot ar \u016bdeni vair\u0101kas min\u016btes. Iz\u0146emt kontaktl\u0113cas, ja t\u0101s ir ievietotas un ja to var vienk\u0101r&scaron;i izdar\u012bt. Turpin\u0101t skalot.<br \/>\nP311 Sazinieties ar SAIND\u0112&Scaron;AN\u0100S INFORM\u0100CIJAS CENTRU\/\u0101rstu.<br \/>\nP405 Glab\u0101t sl\u0113gt\u0101 veid\u0101.<br \/>\nP501 Atbr\u012bvoties no satura\/tvertnes\/ iepakojuma saska\u0146\u0101 ar valsts noteikumiem.<\/p>\n","protected":false},"excerpt":{"rendered":"<p>Lieto&scaron;ana: 1. Uzkl\u0101jiet pl\u0101nu l\u012bmes k\u0101rtu gar m\u0101ksl\u012bgo skropstu pamatni (nekad neuzkl\u0101jiet l\u012bmi tie&scaron;i uz acu plaksti\u0146a). 2. Pagaidiet apm\u0113ram 30 sekundes, l\u012bdz l\u012bme nedaudz sabiez\u0113. Turot skropstu joslu aiz abiem galiem, viegli izlieciet to uz priek&scaron;u un atpaka\u013c, pie&scaron;\u0137irot tai loka formu, lai skropstas viegl\u0101k piel\u0101gotos plaksti\u0146am. 3. Uzlieciet m\u0101ksl\u012bg\u0101s skropstas un piespiediet t\u0101s [&#8230;]\n","protected":false},"featured_media":105268,"template":"","meta":[],"product_cat":[1511],"product_tag":[],"class_list":{"0":"post-32499","1":"product","2":"type-product","3":"status-publish","4":"has-post-thumbnail","6":"product_brand-donegal-sp-zo-o-_pl","7":"product_cat-dirbtines-blakstienos","9":"first","10":"outofstock","11":"taxable","12":"shipping-taxable","13":"product-type-simple"},"_links":{"self":[{"href":"https:\/\/e.kosmolat.eu\/lv\/wp-json\/wp\/v2\/product\/32499","targetHints":{"allow":["GET"]}}],"collection":[{"href":"https:\/\/e.kosmolat.eu\/lv\/wp-json\/wp\/v2\/product"}],"about":[{"href":"https:\/\/e.kosmolat.eu\/lv\/wp-json\/wp\/v2\/types\/product"}],"wp:featuredmedia":[{"embeddable":true,"href":"https:\/\/e.kosmolat.eu\/lv\/wp-json\/wp\/v2\/media\/105268"}],"wp:attachment":[{"href":"https:\/\/e.kosmolat.eu\/lv\/wp-json\/wp\/v2\/media?parent=32499"}],"wp:term":[{"taxonomy":"product_cat","embeddable":true,"href":"https:\/\/e.kosmolat.eu\/lv\/wp-json\/wp\/v2\/product_cat?post=32499"},{"taxonomy":"product_tag","embeddable":true,"href":"https:\/\/e.kosmolat.eu\/lv\/wp-json\/wp\/v2\/product_tag?post=32499"}],"curies":[{"name":"wp","href":"https:\/\/api.w.org\/{rel}","templated":true}]}}