{"id":32491,"date":"2023-12-21T17:13:05","date_gmt":"2023-12-21T17:13:05","guid":{"rendered":"https:\/\/e.kosmolat.eu\/product\/i_zelana-spa-aromatizets-sals-vannai-bambuss-un-savvalas-zale-300-g\/"},"modified":"2025-09-19T15:13:15","modified_gmt":"2025-09-19T15:13:15","slug":"i_zelana-spa-aromatizets-sals-vannai-bambuss-un-savvalas-zale-300-g","status":"publish","type":"product","link":"https:\/\/e.kosmolat.eu\/lv\/product\/i_zelana-spa-aromatizets-sals-vannai-bambuss-un-savvalas-zale-300-g\/","title":{"rendered":"I_&#8221;\u017delana SPA&#8221; Aromatiz\u0113ts s\u0101ls vannai Bambuss un savva\u013cas z\u0101le, 300 g"},"content":{"rendered":"<p>Toniz\u0113jo&scaron;a s\u0101ls vanna. Atbr\u012bvo no noguruma un d\u0101v\u0101 viegluma saj\u016btu visam \u0137ermenim.&nbsp;<\/p>\n<p><strong>Lieto&scaron;ana:<\/strong> Iz&scaron;\u0137\u012bdin\u0101t 100 g (4 \u0113d. kar.) s\u0101ls vann\u0101. Vanno&scaron;an\u0101s ilgums 15 &#8211; 20 min.<br \/>\n&nbsp;<\/p>\n","protected":false},"excerpt":{"rendered":"<p>Toniz\u0113jo&scaron;a s\u0101ls vanna. Atbr\u012bvo no noguruma un d\u0101v\u0101 viegluma saj\u016btu visam \u0137ermenim.&nbsp; Lieto&scaron;ana: Iz&scaron;\u0137\u012bdin\u0101t 100 g (4 \u0113d. kar.) s\u0101ls vann\u0101. Vanno&scaron;an\u0101s ilgums 15 &#8211; 20 min. &nbsp;<\/p>\n","protected":false},"featured_media":78518,"template":"","meta":[],"product_cat":[1611],"product_tag":[],"class_list":{"0":"post-32491","1":"product","2":"type-product","3":"status-publish","4":"has-post-thumbnail","6":"product_brand-aqua-cosmetics_ua","7":"product_cat-1611","9":"first","10":"outofstock","11":"taxable","12":"shipping-taxable","13":"product-type-simple"},"_links":{"self":[{"href":"https:\/\/e.kosmolat.eu\/lv\/wp-json\/wp\/v2\/product\/32491","targetHints":{"allow":["GET"]}}],"collection":[{"href":"https:\/\/e.kosmolat.eu\/lv\/wp-json\/wp\/v2\/product"}],"about":[{"href":"https:\/\/e.kosmolat.eu\/lv\/wp-json\/wp\/v2\/types\/product"}],"wp:featuredmedia":[{"embeddable":true,"href":"https:\/\/e.kosmolat.eu\/lv\/wp-json\/wp\/v2\/media\/78518"}],"wp:attachment":[{"href":"https:\/\/e.kosmolat.eu\/lv\/wp-json\/wp\/v2\/media?parent=32491"}],"wp:term":[{"taxonomy":"product_cat","embeddable":true,"href":"https:\/\/e.kosmolat.eu\/lv\/wp-json\/wp\/v2\/product_cat?post=32491"},{"taxonomy":"product_tag","embeddable":true,"href":"https:\/\/e.kosmolat.eu\/lv\/wp-json\/wp\/v2\/product_tag?post=32491"}],"curies":[{"name":"wp","href":"https:\/\/api.w.org\/{rel}","templated":true}]}}