{"id":32487,"date":"2023-12-21T17:12:46","date_gmt":"2023-12-21T17:12:46","guid":{"rendered":"https:\/\/e.kosmolat.eu\/product\/i_zelana-spa-aromatizets-sals-vannai-medus-ar-pienu-300-g\/"},"modified":"2025-09-19T15:13:04","modified_gmt":"2025-09-19T15:13:04","slug":"i_zelana-spa-aromatizets-sals-vannai-medus-ar-pienu-300-g","status":"publish","type":"product","link":"https:\/\/e.kosmolat.eu\/lv\/product\/i_zelana-spa-aromatizets-sals-vannai-medus-ar-pienu-300-g\/","title":{"rendered":"I_&#8221;\u017delana SPA&#8221; Aromatiz\u0113ts s\u0101ls vannai Medus ar pienu, 300 g"},"content":{"rendered":"<p>S\u0101ls arom\u0101ts nodro&scaron;ina neaizmirstamu labsaj\u016btu.&nbsp;<\/p>\n<p><strong>Lieto&scaron;ana:<\/strong> iz&scaron;\u0137\u012bdin\u0101t 100 g (4 \u0113d. kar.) s\u0101ls vann\u0101. Vanno&scaron;an\u0101s ilgums 15 &#8211; 20 min.<br \/>\n&nbsp;<\/p>\n","protected":false},"excerpt":{"rendered":"<p>S\u0101ls arom\u0101ts nodro&scaron;ina neaizmirstamu labsaj\u016btu.&nbsp; Lieto&scaron;ana: iz&scaron;\u0137\u012bdin\u0101t 100 g (4 \u0113d. kar.) s\u0101ls vann\u0101. Vanno&scaron;an\u0101s ilgums 15 &#8211; 20 min. &nbsp;<\/p>\n","protected":false},"featured_media":78514,"template":"","meta":[],"product_cat":[1610],"product_tag":[],"class_list":{"0":"post-32487","1":"product","2":"type-product","3":"status-publish","4":"has-post-thumbnail","6":"product_brand-aqua-cosmetics_ua","7":"product_cat-vannas-putas-sali-bumbas","9":"first","10":"outofstock","11":"taxable","12":"shipping-taxable","13":"product-type-simple"},"_links":{"self":[{"href":"https:\/\/e.kosmolat.eu\/lv\/wp-json\/wp\/v2\/product\/32487","targetHints":{"allow":["GET"]}}],"collection":[{"href":"https:\/\/e.kosmolat.eu\/lv\/wp-json\/wp\/v2\/product"}],"about":[{"href":"https:\/\/e.kosmolat.eu\/lv\/wp-json\/wp\/v2\/types\/product"}],"wp:featuredmedia":[{"embeddable":true,"href":"https:\/\/e.kosmolat.eu\/lv\/wp-json\/wp\/v2\/media\/78514"}],"wp:attachment":[{"href":"https:\/\/e.kosmolat.eu\/lv\/wp-json\/wp\/v2\/media?parent=32487"}],"wp:term":[{"taxonomy":"product_cat","embeddable":true,"href":"https:\/\/e.kosmolat.eu\/lv\/wp-json\/wp\/v2\/product_cat?post=32487"},{"taxonomy":"product_tag","embeddable":true,"href":"https:\/\/e.kosmolat.eu\/lv\/wp-json\/wp\/v2\/product_tag?post=32487"}],"curies":[{"name":"wp","href":"https:\/\/api.w.org\/{rel}","templated":true}]}}