{"id":32483,"date":"2023-12-21T17:11:33","date_gmt":"2023-12-21T17:11:33","guid":{"rendered":"https:\/\/e.kosmolat.eu\/product\/sals-vannam-ar-eterisku-ellu-piparmetra-500-g\/"},"modified":"2026-04-16T13:21:34","modified_gmt":"2026-04-16T13:21:34","slug":"sals-vannam-ar-eterisku-ellu-piparmetra-500-g","status":"publish","type":"product","link":"https:\/\/e.kosmolat.eu\/lv\/product\/sals-vannam-ar-eterisku-ellu-piparmetra-500-g\/","title":{"rendered":"S\u0101ls vann\u0101m ar \u0113terisku e\u013c\u013cu &#8220;Piparm\u0113tra&#8221;, 500 g"},"content":{"rendered":"<p>Ekolo\u0123iski t\u012brs j\u016bras s\u0101ls ir bag\u0101t\u012bgs dab\u012bgs s\u0101ls un mikroelementu koncentr\u0101ts, kas nepiecie&scaron;ams visu \u0137erme\u0146a org\u0101nu norm\u0101lai darb\u012bbai.Piparm\u0113tra ir labi zin\u0101ma, pateicoties savai uzmundrino&scaron;ai un nomierino&scaron;ai efektu kombin\u0101cijai, kas saist\u012bta ar augsto mentola saturu \u0113teriskaj\u0101 e\u013c\u013c\u0101. Pateicoties tam, piparm\u0113tra rada svaiguma un mo\u017euma saj\u016btu, att\u012brot \u0101du un atjaunojot elast\u012bbu. Tas normaliz\u0113 nervu un asinsrites sist\u0113mas darb\u012bbu. Arom\u0101tisk\u0101 vanna mazina nogurumu, stresu, palielina veiktsp\u0113ju un uzlabo garast\u0101vokli.<\/p>\n<p><strong>Lieto&scaron;ana:<\/strong> viena iepakojuma saturu (500 g) iz&scaron;\u0137\u012bd\u0101t silt\u0101 vannas \u016bden\u012b (37 &ordm;\u0421 &#8211; 40 &ordm;\u0421). Vannoties 15 min\u016btes. Noskalot \u0137erme\u0146a \u0101du ar teko&scaron;u \u016bdeni. Nelietot ziepes. P\u0113c vanno&scaron;an\u0101s atp\u016bsties 20 min\u016btes. Ieteicamais kurss: 8-10 vannas 14-20 dienu laik\u0101.<br \/>\n&nbsp;<\/p>\n","protected":false},"excerpt":{"rendered":"<p>Ekolo\u0123iski t\u012brs j\u016bras s\u0101ls ir bag\u0101t\u012bgs dab\u012bgs s\u0101ls un mikroelementu koncentr\u0101ts, kas nepiecie&scaron;ams visu \u0137erme\u0146a org\u0101nu norm\u0101lai darb\u012bbai.Piparm\u0113tra ir labi zin\u0101ma, pateicoties savai uzmundrino&scaron;ai un nomierino&scaron;ai efektu kombin\u0101cijai, kas saist\u012bta ar augsto mentola saturu \u0113teriskaj\u0101 e\u013c\u013c\u0101. Pateicoties tam, piparm\u0113tra rada svaiguma un mo\u017euma saj\u016btu, att\u012brot \u0101du un atjaunojot elast\u012bbu. Tas normaliz\u0113 nervu un asinsrites sist\u0113mas [&#8230;]\n","protected":false},"featured_media":79342,"template":"","meta":[],"product_cat":[2181],"product_tag":[],"class_list":{"0":"post-32483","1":"product","2":"type-product","3":"status-publish","4":"has-post-thumbnail","6":"product_brand-aqua-cosmetics_ua","7":"product_cat-bez-kategorijas-lt","9":"first","10":"instock","11":"taxable","12":"shipping-taxable","13":"product-type-simple"},"_links":{"self":[{"href":"https:\/\/e.kosmolat.eu\/lv\/wp-json\/wp\/v2\/product\/32483","targetHints":{"allow":["GET"]}}],"collection":[{"href":"https:\/\/e.kosmolat.eu\/lv\/wp-json\/wp\/v2\/product"}],"about":[{"href":"https:\/\/e.kosmolat.eu\/lv\/wp-json\/wp\/v2\/types\/product"}],"wp:featuredmedia":[{"embeddable":true,"href":"https:\/\/e.kosmolat.eu\/lv\/wp-json\/wp\/v2\/media\/79342"}],"wp:attachment":[{"href":"https:\/\/e.kosmolat.eu\/lv\/wp-json\/wp\/v2\/media?parent=32483"}],"wp:term":[{"taxonomy":"product_cat","embeddable":true,"href":"https:\/\/e.kosmolat.eu\/lv\/wp-json\/wp\/v2\/product_cat?post=32483"},{"taxonomy":"product_tag","embeddable":true,"href":"https:\/\/e.kosmolat.eu\/lv\/wp-json\/wp\/v2\/product_tag?post=32483"}],"curies":[{"name":"wp","href":"https:\/\/api.w.org\/{rel}","templated":true}]}}