{"id":32479,"date":"2023-12-21T17:08:35","date_gmt":"2023-12-21T17:08:35","guid":{"rendered":"https:\/\/e.kosmolat.eu\/product\/krems-sunisu-44-g\/"},"modified":"2026-04-13T10:12:38","modified_gmt":"2026-04-13T10:12:38","slug":"krems-sunisu-44-g","status":"publish","type":"product","link":"https:\/\/e.kosmolat.eu\/lv\/product\/krems-sunisu-44-g\/","title":{"rendered":"Kr\u0113ms &#8220;Sun\u012b\u0161u&#8221;, 44 g"},"content":{"rendered":"<p>Sun\u012b&scaron;a ekstrakts nov\u0113r&scaron; jut\u012bgas \u0101das kairin\u0101jumu. Glicer\u012bna un augu e\u013c\u013cu komplekss atjauno \u016bdens-tauku l\u012bdzsvaru, pasarg\u0101 no negat\u012bvas \u0101r\u0113jo faktoru iedarb\u012bbas.<\/p>\n<p><strong>Lieto&scaron;ana:<\/strong> uzkl\u0101t uz t\u012bras \u0101das.<\/p>\n<p><strong>Piesardz\u012bbas pas\u0101kumi: <\/strong>tikai \u0101r\u012bgai lieto&scaron;anai.<\/p>\n<p>Uzglab\u0101t temperat\u016br\u0101 no 0 &deg;C l\u012bdz +25 &deg;C.<br \/>\n&nbsp;<\/p>\n","protected":false},"excerpt":{"rendered":"<p>Sun\u012b&scaron;a ekstrakts nov\u0113r&scaron; jut\u012bgas \u0101das kairin\u0101jumu. Glicer\u012bna un augu e\u013c\u013cu komplekss atjauno \u016bdens-tauku l\u012bdzsvaru, pasarg\u0101 no negat\u012bvas \u0101r\u0113jo faktoru iedarb\u012bbas. Lieto&scaron;ana: uzkl\u0101t uz t\u012bras \u0101das. Piesardz\u012bbas pas\u0101kumi: tikai \u0101r\u012bgai lieto&scaron;anai. Uzglab\u0101t temperat\u016br\u0101 no 0 &deg;C l\u012bdz +25 &deg;C. &nbsp;<\/p>\n","protected":false},"featured_media":79278,"template":"","meta":[],"product_cat":[2181],"product_tag":[],"class_list":{"0":"post-32479","1":"product","2":"type-product","3":"status-publish","4":"has-post-thumbnail","6":"product_brand-fitodoktor_ua","7":"product_cat-bez-kategorijas-lt","9":"first","10":"outofstock","11":"taxable","12":"shipping-taxable","13":"product-type-simple"},"_links":{"self":[{"href":"https:\/\/e.kosmolat.eu\/lv\/wp-json\/wp\/v2\/product\/32479","targetHints":{"allow":["GET"]}}],"collection":[{"href":"https:\/\/e.kosmolat.eu\/lv\/wp-json\/wp\/v2\/product"}],"about":[{"href":"https:\/\/e.kosmolat.eu\/lv\/wp-json\/wp\/v2\/types\/product"}],"wp:featuredmedia":[{"embeddable":true,"href":"https:\/\/e.kosmolat.eu\/lv\/wp-json\/wp\/v2\/media\/79278"}],"wp:attachment":[{"href":"https:\/\/e.kosmolat.eu\/lv\/wp-json\/wp\/v2\/media?parent=32479"}],"wp:term":[{"taxonomy":"product_cat","embeddable":true,"href":"https:\/\/e.kosmolat.eu\/lv\/wp-json\/wp\/v2\/product_cat?post=32479"},{"taxonomy":"product_tag","embeddable":true,"href":"https:\/\/e.kosmolat.eu\/lv\/wp-json\/wp\/v2\/product_tag?post=32479"}],"curies":[{"name":"wp","href":"https:\/\/api.w.org\/{rel}","templated":true}]}}