{"id":32455,"date":"2023-12-21T17:07:05","date_gmt":"2023-12-21T17:07:05","guid":{"rendered":"https:\/\/e.kosmolat.eu\/product\/sampuns-balzams-abols-1-l\/"},"modified":"2026-04-01T06:59:50","modified_gmt":"2026-04-01T06:59:50","slug":"i_sampuns-balzams-abols-1-l","status":"publish","type":"product","link":"https:\/\/e.kosmolat.eu\/lv\/product\/i_sampuns-balzams-abols-1-l\/","title":{"rendered":"I_\u0160amp\u016bns-balzams &#8220;\u0100bols&#8221;, 1 l"},"content":{"rendered":"<p>\u0100bolu ekstrakts satur aug\u013cu vaskus, kuri lieliski aizsarg\u0101 matus no apk\u0101rt\u0113j\u0101s viedes kait\u012bg\u0101s iedarb\u012bbas un aug\u013csk\u0101bes, kas matiem pie\u0161\u0137ir vesel\u012bgu izskatu un mirdzumu. Viegl\u0101s mazg\u0101jo\u0161\u0101s \u0161amp\u016bna-balzama sast\u0101vda\u013cas lieliski att\u012bra matus, saglab\u0101jot dab\u012bgo \u016bdens-tauku apmai\u0146as balansu galvas \u0101d\u0101.<\/p>\n<p>LIETO\u0160ANA: Nelielu daudzumu \u0161amp\u016bna &#8211; balzama uzkl\u0101t uz mitriem matiem, nomazg\u0101t ar \u016bdeni.<\/p>\n<p>UZGLAB\u0100\u0160ANAS TEMPERAT\u016aRA: +5\u00b0C l\u012bdz +25\u00b0C.<\/p>\n","protected":false},"excerpt":{"rendered":"<p>\u0100bolu ekstrakts satur aug\u013cu vaskus, kuri lieliski aizsarg\u0101 matus no apk\u0101rt\u0113j\u0101s viedes kait\u012bg\u0101s iedarb\u012bbas un aug\u013csk\u0101bes, kas matiem pie\u0161\u0137ir vesel\u012bgu izskatu un mirdzumu. Viegl\u0101s mazg\u0101jo\u0161\u0101s \u0161amp\u016bna-balzama sast\u0101vda\u013cas lieliski att\u012bra matus, saglab\u0101jot dab\u012bgo \u016bdens-tauku apmai\u0146as balansu galvas \u0101d\u0101. LIETO\u0160ANA: Nelielu daudzumu \u0161amp\u016bna &#8211; balzama uzkl\u0101t uz mitriem matiem, nomazg\u0101t ar \u016bdeni. UZGLAB\u0100\u0160ANAS TEMPERAT\u016aRA: +5\u00b0C l\u012bdz +25\u00b0C.<\/p>\n","protected":false},"featured_media":79234,"template":"","meta":[],"product_cat":[1252],"product_tag":[],"class_list":{"0":"post-32455","1":"product","2":"type-product","3":"status-publish","4":"has-post-thumbnail","6":"product_brand-fitodoktor_ua","7":"product_cat-1252","9":"first","10":"instock","11":"taxable","12":"shipping-taxable","13":"product-type-simple"},"_links":{"self":[{"href":"https:\/\/e.kosmolat.eu\/lv\/wp-json\/wp\/v2\/product\/32455","targetHints":{"allow":["GET"]}}],"collection":[{"href":"https:\/\/e.kosmolat.eu\/lv\/wp-json\/wp\/v2\/product"}],"about":[{"href":"https:\/\/e.kosmolat.eu\/lv\/wp-json\/wp\/v2\/types\/product"}],"wp:featuredmedia":[{"embeddable":true,"href":"https:\/\/e.kosmolat.eu\/lv\/wp-json\/wp\/v2\/media\/79234"}],"wp:attachment":[{"href":"https:\/\/e.kosmolat.eu\/lv\/wp-json\/wp\/v2\/media?parent=32455"}],"wp:term":[{"taxonomy":"product_cat","embeddable":true,"href":"https:\/\/e.kosmolat.eu\/lv\/wp-json\/wp\/v2\/product_cat?post=32455"},{"taxonomy":"product_tag","embeddable":true,"href":"https:\/\/e.kosmolat.eu\/lv\/wp-json\/wp\/v2\/product_tag?post=32455"}],"curies":[{"name":"wp","href":"https:\/\/api.w.org\/{rel}","templated":true}]}}