{"id":32447,"date":"2023-12-21T17:06:27","date_gmt":"2023-12-21T17:06:27","guid":{"rendered":"https:\/\/e.kosmolat.eu\/product\/sampuns-balzams-liepa-1-l\/"},"modified":"2026-04-22T12:25:23","modified_gmt":"2026-04-22T12:25:23","slug":"sampuns-balzams-liepa-1-l","status":"publish","type":"product","link":"https:\/\/e.kosmolat.eu\/lv\/product\/sampuns-balzams-liepa-1-l\/","title":{"rendered":"\u0160amp\u016bns-balzams &#8220;Liepa&#8221;, 1 l"},"content":{"rendered":"<p>\u0160amp\u016bna-balzama maig\u0101s mazg\u0101jo\u0161\u0101s sast\u0101vda\u013cas lieliski att\u012bra matus. Liepas ekstrakts satur BAV un C un E vitam\u012bnus, kas labv\u0113l\u012bgi ietekm\u0113 galvas \u0101du un matus.<\/p>\n<p>LIETO\u0160ANA: Nelielu daudzumu \u0161amp\u016bna &#8211; balzama uzkl\u0101t uz mitriem matiem, nomazg\u0101t ar \u016bdeni.<\/p>\n<p>UZGLAB\u0100\u0160ANAS TEMPERAT\u016aRA: +5\u00b0C l\u012bdz +25\u00b0C.<\/p>\n","protected":false},"excerpt":{"rendered":"<p>\u0160amp\u016bna-balzama maig\u0101s mazg\u0101jo\u0161\u0101s sast\u0101vda\u013cas lieliski att\u012bra matus. Liepas ekstrakts satur BAV un C un E vitam\u012bnus, kas labv\u0113l\u012bgi ietekm\u0113 galvas \u0101du un matus. LIETO\u0160ANA: Nelielu daudzumu \u0161amp\u016bna &#8211; balzama uzkl\u0101t uz mitriem matiem, nomazg\u0101t ar \u016bdeni. UZGLAB\u0100\u0160ANAS TEMPERAT\u016aRA: +5\u00b0C l\u012bdz +25\u00b0C.<\/p>\n","protected":false},"featured_media":79222,"template":"","meta":[],"product_cat":[1999],"product_tag":[],"class_list":{"0":"post-32447","1":"product","2":"type-product","3":"status-publish","4":"has-post-thumbnail","6":"product_brand-fitodoktor_ua","7":"product_cat-bez-kategorijas","9":"first","10":"instock","11":"taxable","12":"shipping-taxable","13":"product-type-simple"},"_links":{"self":[{"href":"https:\/\/e.kosmolat.eu\/lv\/wp-json\/wp\/v2\/product\/32447","targetHints":{"allow":["GET"]}}],"collection":[{"href":"https:\/\/e.kosmolat.eu\/lv\/wp-json\/wp\/v2\/product"}],"about":[{"href":"https:\/\/e.kosmolat.eu\/lv\/wp-json\/wp\/v2\/types\/product"}],"wp:featuredmedia":[{"embeddable":true,"href":"https:\/\/e.kosmolat.eu\/lv\/wp-json\/wp\/v2\/media\/79222"}],"wp:attachment":[{"href":"https:\/\/e.kosmolat.eu\/lv\/wp-json\/wp\/v2\/media?parent=32447"}],"wp:term":[{"taxonomy":"product_cat","embeddable":true,"href":"https:\/\/e.kosmolat.eu\/lv\/wp-json\/wp\/v2\/product_cat?post=32447"},{"taxonomy":"product_tag","embeddable":true,"href":"https:\/\/e.kosmolat.eu\/lv\/wp-json\/wp\/v2\/product_tag?post=32447"}],"curies":[{"name":"wp","href":"https:\/\/api.w.org\/{rel}","templated":true}]}}