{"id":32439,"date":"2023-12-21T17:05:46","date_gmt":"2023-12-21T17:05:46","guid":{"rendered":"https:\/\/e.kosmolat.eu\/product\/sampuns-balzams-klingerite-1-l\/"},"modified":"2026-04-24T05:55:37","modified_gmt":"2026-04-24T05:55:37","slug":"sampuns-balzams-klingerite-1-l","status":"publish","type":"product","link":"https:\/\/e.kosmolat.eu\/lv\/product\/sampuns-balzams-klingerite-1-l\/","title":{"rendered":"\u0160amp\u016bns-balzams &#8220;Kli\u0146\u0123er\u012bte&#8221;, 1 l"},"content":{"rendered":"<p>Kli\u0146\u0123er\u012btes ekstrakts satur biolo\u0123iski akt\u012bvo vielu kompleksu, C vitam\u012bnu un \u00df-karot\u012bnu, kuriem piem\u012bt labv\u0113l\u012bga iedarb\u012bba uz galvas \u0101du, nov\u0113r\u0161 iekaisumu un \u0101das lob\u012b\u0161anos, atvse\u013co matus. Maig\u0101s mazg\u0101jo\u0161\u0101s sast\u0101vda\u013cas lieliski att\u012bra matus, saglab\u0101 dab\u012bgo galvas \u0101das \u016bdens-tauku apmai\u0146u.<\/p>\n<p>LIETO\u0160ANA: Nelielu daudzumu \u0161amp\u016bna &#8211; balzama uzkl\u0101t uz mitriem matiem, nomazg\u0101t ar \u016bdeni.<\/p>\n<p>UZGLAB\u0100\u0160ANAS TEMPERAT\u016aRA: +5\u00b0C l\u012bdz +25\u00b0C.<\/p>\n","protected":false},"excerpt":{"rendered":"<p>Kli\u0146\u0123er\u012btes ekstrakts satur biolo\u0123iski akt\u012bvo vielu kompleksu, C vitam\u012bnu un \u00df-karot\u012bnu, kuriem piem\u012bt labv\u0113l\u012bga iedarb\u012bba uz galvas \u0101du, nov\u0113r\u0161 iekaisumu un \u0101das lob\u012b\u0161anos, atvse\u013co matus. Maig\u0101s mazg\u0101jo\u0161\u0101s sast\u0101vda\u013cas lieliski att\u012bra matus, saglab\u0101 dab\u012bgo galvas \u0101das \u016bdens-tauku apmai\u0146u. LIETO\u0160ANA: Nelielu daudzumu \u0161amp\u016bna &#8211; balzama uzkl\u0101t uz mitriem matiem, nomazg\u0101t ar \u016bdeni. UZGLAB\u0100\u0160ANAS TEMPERAT\u016aRA: +5\u00b0C l\u012bdz +25\u00b0C.<\/p>\n","protected":false},"featured_media":79214,"template":"","meta":[],"product_cat":[1248],"product_tag":[],"class_list":{"0":"post-32439","1":"product","2":"type-product","3":"status-publish","4":"has-post-thumbnail","6":"product_brand-fitodoktor_ua","7":"product_cat-sampuni","9":"first","10":"instock","11":"taxable","12":"shipping-taxable","13":"product-type-simple"},"_links":{"self":[{"href":"https:\/\/e.kosmolat.eu\/lv\/wp-json\/wp\/v2\/product\/32439","targetHints":{"allow":["GET"]}}],"collection":[{"href":"https:\/\/e.kosmolat.eu\/lv\/wp-json\/wp\/v2\/product"}],"about":[{"href":"https:\/\/e.kosmolat.eu\/lv\/wp-json\/wp\/v2\/types\/product"}],"wp:featuredmedia":[{"embeddable":true,"href":"https:\/\/e.kosmolat.eu\/lv\/wp-json\/wp\/v2\/media\/79214"}],"wp:attachment":[{"href":"https:\/\/e.kosmolat.eu\/lv\/wp-json\/wp\/v2\/media?parent=32439"}],"wp:term":[{"taxonomy":"product_cat","embeddable":true,"href":"https:\/\/e.kosmolat.eu\/lv\/wp-json\/wp\/v2\/product_cat?post=32439"},{"taxonomy":"product_tag","embeddable":true,"href":"https:\/\/e.kosmolat.eu\/lv\/wp-json\/wp\/v2\/product_tag?post=32439"}],"curies":[{"name":"wp","href":"https:\/\/api.w.org\/{rel}","templated":true}]}}