{"id":32435,"date":"2023-12-21T17:05:25","date_gmt":"2023-12-21T17:05:25","guid":{"rendered":"https:\/\/e.kosmolat.eu\/product\/sampuns-balzams-alveja-1-l\/"},"modified":"2026-04-22T12:24:55","modified_gmt":"2026-04-22T12:24:55","slug":"sampuns-balzams-alveja-1-l","status":"publish","type":"product","link":"https:\/\/e.kosmolat.eu\/lv\/product\/sampuns-balzams-alveja-1-l\/","title":{"rendered":"\u0160amp\u016bns-balzams &#8220;Alveja&#8221;, 1 l"},"content":{"rendered":"<p>Alvejas ekstrakts satur biolo\u0123iski akt\u012bvo vielu kompleksu, kam piem\u012bt stimul\u0113jo\u0161a iedarb\u012bba uz matu aug\u0161anu, nov\u0113r\u0161 to \u0161\u0137el\u0161anos un l\u016b\u0161anu. Viegl\u0101s mazg\u0101jo\u0161\u0101s \u0161amp\u016bna-balzama sast\u0101vda\u013cas lieliski att\u012bra matus, saglab\u0101jot dab\u012bgo \u016bdens-tauku apmai\u0146u galvas \u0101d\u0101.<\/p>\n<p>LIETO\u0160ANA: Nelielu daudzumu \u0161amp\u016bna &#8211; balzama uzkl\u0101t uz mitriem matiem, nomazg\u0101t ar \u016bdeni.<\/p>\n<p>UZGLAB\u0100\u0160ANAS TEMPERAT\u016aRA: +5\u00b0C l\u012bdz +25\u00b0C.<\/p>\n","protected":false},"excerpt":{"rendered":"<p>Alvejas ekstrakts satur biolo\u0123iski akt\u012bvo vielu kompleksu, kam piem\u012bt stimul\u0113jo\u0161a iedarb\u012bba uz matu aug\u0161anu, nov\u0113r\u0161 to \u0161\u0137el\u0161anos un l\u016b\u0161anu. Viegl\u0101s mazg\u0101jo\u0161\u0101s \u0161amp\u016bna-balzama sast\u0101vda\u013cas lieliski att\u012bra matus, saglab\u0101jot dab\u012bgo \u016bdens-tauku apmai\u0146u galvas \u0101d\u0101. LIETO\u0160ANA: Nelielu daudzumu \u0161amp\u016bna &#8211; balzama uzkl\u0101t uz mitriem matiem, nomazg\u0101t ar \u016bdeni. UZGLAB\u0100\u0160ANAS TEMPERAT\u016aRA: +5\u00b0C l\u012bdz +25\u00b0C.<\/p>\n","protected":false},"featured_media":79210,"template":"","meta":[],"product_cat":[1999],"product_tag":[],"class_list":{"0":"post-32435","1":"product","2":"type-product","3":"status-publish","4":"has-post-thumbnail","6":"product_brand-fitodoktor_ua","7":"product_cat-bez-kategorijas","9":"first","10":"instock","11":"taxable","12":"shipping-taxable","13":"product-type-simple"},"_links":{"self":[{"href":"https:\/\/e.kosmolat.eu\/lv\/wp-json\/wp\/v2\/product\/32435","targetHints":{"allow":["GET"]}}],"collection":[{"href":"https:\/\/e.kosmolat.eu\/lv\/wp-json\/wp\/v2\/product"}],"about":[{"href":"https:\/\/e.kosmolat.eu\/lv\/wp-json\/wp\/v2\/types\/product"}],"wp:featuredmedia":[{"embeddable":true,"href":"https:\/\/e.kosmolat.eu\/lv\/wp-json\/wp\/v2\/media\/79210"}],"wp:attachment":[{"href":"https:\/\/e.kosmolat.eu\/lv\/wp-json\/wp\/v2\/media?parent=32435"}],"wp:term":[{"taxonomy":"product_cat","embeddable":true,"href":"https:\/\/e.kosmolat.eu\/lv\/wp-json\/wp\/v2\/product_cat?post=32435"},{"taxonomy":"product_tag","embeddable":true,"href":"https:\/\/e.kosmolat.eu\/lv\/wp-json\/wp\/v2\/product_tag?post=32435"}],"curies":[{"name":"wp","href":"https:\/\/api.w.org\/{rel}","templated":true}]}}