{"id":32431,"date":"2023-12-21T17:05:06","date_gmt":"2023-12-21T17:05:06","guid":{"rendered":"https:\/\/e.kosmolat.eu\/product\/effekt-losjons-gurku-113-ml\/"},"modified":"2025-10-28T14:53:39","modified_gmt":"2025-10-28T14:53:39","slug":"effekt-losjons-gurku-113-ml","status":"publish","type":"product","link":"https:\/\/e.kosmolat.eu\/lv\/product\/effekt-losjons-gurku-113-ml\/","title":{"rendered":"Effekt Losjons Gur\u0137u, 113 ml"},"content":{"rendered":"<p>Kosm\u0113tikas l\u012bdzeklis \u0101das kop&scaron;anai.&nbsp;<\/p>\n<p><strong>Lieto&scaron;ana:<\/strong> nelielu losjona daudzumu uzkl\u0101t uz vates diska (spon\u017ea) un att\u012br\u012bt \u0101du.<\/p>\n<p><strong>Piesardz\u012bbas pas\u0101kumi: <\/strong>Nelietot uguns tuvum\u0101. Izvair\u012bties no saskares ar ac\u012bm.<\/p>\n<p>Etilspirta tilpuma da\u013ca, tilp. %, 38,5 &plusmn; 1,0.&nbsp;<\/p>\n<p>Uzglab\u0101t temperat\u016br\u0101 no +5&deg;\u0421 \u0434\u043e +25&deg;\u0421.<br \/>\n&nbsp;<\/p>\n","protected":false},"excerpt":{"rendered":"<p>Kosm\u0113tikas l\u012bdzeklis \u0101das kop&scaron;anai.&nbsp; Lieto&scaron;ana: nelielu losjona daudzumu uzkl\u0101t uz vates diska (spon\u017ea) un att\u012br\u012bt \u0101du. Piesardz\u012bbas pas\u0101kumi: Nelietot uguns tuvum\u0101. Izvair\u012bties no saskares ar ac\u012bm. Etilspirta tilpuma da\u013ca, tilp. %, 38,5 &plusmn; 1,0.&nbsp; Uzglab\u0101t temperat\u016br\u0101 no +5&deg;\u0421 \u0434\u043e +25&deg;\u0421. &nbsp;<\/p>\n","protected":false},"featured_media":79202,"template":"","meta":[],"product_cat":[1318],"product_tag":[],"class_list":{"0":"post-32431","1":"product","2":"type-product","3":"status-publish","4":"has-post-thumbnail","6":"product_brand-effekt_ua","7":"product_cat-1318","9":"first","10":"instock","11":"taxable","12":"shipping-taxable","13":"product-type-simple"},"_links":{"self":[{"href":"https:\/\/e.kosmolat.eu\/lv\/wp-json\/wp\/v2\/product\/32431","targetHints":{"allow":["GET"]}}],"collection":[{"href":"https:\/\/e.kosmolat.eu\/lv\/wp-json\/wp\/v2\/product"}],"about":[{"href":"https:\/\/e.kosmolat.eu\/lv\/wp-json\/wp\/v2\/types\/product"}],"wp:featuredmedia":[{"embeddable":true,"href":"https:\/\/e.kosmolat.eu\/lv\/wp-json\/wp\/v2\/media\/79202"}],"wp:attachment":[{"href":"https:\/\/e.kosmolat.eu\/lv\/wp-json\/wp\/v2\/media?parent=32431"}],"wp:term":[{"taxonomy":"product_cat","embeddable":true,"href":"https:\/\/e.kosmolat.eu\/lv\/wp-json\/wp\/v2\/product_cat?post=32431"},{"taxonomy":"product_tag","embeddable":true,"href":"https:\/\/e.kosmolat.eu\/lv\/wp-json\/wp\/v2\/product_tag?post=32431"}],"curies":[{"name":"wp","href":"https:\/\/api.w.org\/{rel}","templated":true}]}}