{"id":32427,"date":"2023-12-21T17:04:47","date_gmt":"2023-12-21T17:04:47","guid":{"rendered":"https:\/\/e.kosmolat.eu\/product\/krems-gels-recepte-dziedinoss-ar-maklejas-ekstr-60-ml\/"},"modified":"2026-04-04T05:52:16","modified_gmt":"2026-04-04T05:52:16","slug":"krems-gels-recepte-dziedinoss-ar-maklejas-ekstr-60-ml","status":"publish","type":"product","link":"https:\/\/e.kosmolat.eu\/lv\/product\/krems-gels-recepte-dziedinoss-ar-maklejas-ekstr-60-ml\/","title":{"rendered":"Kr\u0113ms-gels &#8220;Recepte&#8221; dziedino\u0161s ar Maklejas ekstr., 60 ml"},"content":{"rendered":"<p>Atjauno \u0101du boj\u0101jumu, skrambu, iekaisumu gad\u012bjumos, stimul\u0113jot \u0101das atjauno&scaron;an\u0101s procesus.<\/p>\n<p><strong>Lieto&scaron;ana: <\/strong>ar viegl\u0101m, mas\u0113jo&scaron;\u0101m kust\u012bb\u0101m uzkl\u0101t kr\u0113mu-gelu uz \u0101das, iemas\u0113jot, l\u012bdz tas piln\u012bb\u0101 uzs\u016bcas.<\/p>\n<p><strong>Piesardz\u012bbas pas\u0101kumi: <\/strong>Tikai \u0101r\u012bgai lieto&scaron;anai!<strong>&nbsp;<\/strong>Izvair\u012bties no l\u012bdzek\u013ca nok\u013c\u016b&scaron;anas ac\u012bs.<\/p>\n<p>Uzglab\u0101t temperat\u016br\u0101 no 0&deg; l\u012bdz +25&deg; C.<\/p>\n","protected":false},"excerpt":{"rendered":"<p>Atjauno \u0101du boj\u0101jumu, skrambu, iekaisumu gad\u012bjumos, stimul\u0113jot \u0101das atjauno&scaron;an\u0101s procesus. Lieto&scaron;ana: ar viegl\u0101m, mas\u0113jo&scaron;\u0101m kust\u012bb\u0101m uzkl\u0101t kr\u0113mu-gelu uz \u0101das, iemas\u0113jot, l\u012bdz tas piln\u012bb\u0101 uzs\u016bcas. Piesardz\u012bbas pas\u0101kumi: Tikai \u0101r\u012bgai lieto&scaron;anai!&nbsp;Izvair\u012bties no l\u012bdzek\u013ca nok\u013c\u016b&scaron;anas ac\u012bs. Uzglab\u0101t temperat\u016br\u0101 no 0&deg; l\u012bdz +25&deg; C.<\/p>\n","protected":false},"featured_media":79186,"template":"","meta":[],"product_cat":[1999],"product_tag":[],"class_list":{"0":"post-32427","1":"product","2":"type-product","3":"status-publish","4":"has-post-thumbnail","6":"product_brand-fitodoktor_ua","7":"product_cat-bez-kategorijas","9":"first","10":"instock","11":"taxable","12":"shipping-taxable","13":"product-type-simple"},"_links":{"self":[{"href":"https:\/\/e.kosmolat.eu\/lv\/wp-json\/wp\/v2\/product\/32427","targetHints":{"allow":["GET"]}}],"collection":[{"href":"https:\/\/e.kosmolat.eu\/lv\/wp-json\/wp\/v2\/product"}],"about":[{"href":"https:\/\/e.kosmolat.eu\/lv\/wp-json\/wp\/v2\/types\/product"}],"wp:featuredmedia":[{"embeddable":true,"href":"https:\/\/e.kosmolat.eu\/lv\/wp-json\/wp\/v2\/media\/79186"}],"wp:attachment":[{"href":"https:\/\/e.kosmolat.eu\/lv\/wp-json\/wp\/v2\/media?parent=32427"}],"wp:term":[{"taxonomy":"product_cat","embeddable":true,"href":"https:\/\/e.kosmolat.eu\/lv\/wp-json\/wp\/v2\/product_cat?post=32427"},{"taxonomy":"product_tag","embeddable":true,"href":"https:\/\/e.kosmolat.eu\/lv\/wp-json\/wp\/v2\/product_tag?post=32427"}],"curies":[{"name":"wp","href":"https:\/\/api.w.org\/{rel}","templated":true}]}}