{"id":32423,"date":"2023-12-21T17:04:27","date_gmt":"2023-12-21T17:04:27","guid":{"rendered":"https:\/\/e.kosmolat.eu\/product\/krems-kaju-pret-adas-plaisinu-44-g\/"},"modified":"2026-04-23T13:27:11","modified_gmt":"2026-04-23T13:27:11","slug":"krems-kaju-pret-adas-plaisinu-44-g","status":"publish","type":"product","link":"https:\/\/e.kosmolat.eu\/lv\/product\/krems-kaju-pret-adas-plaisinu-44-g\/","title":{"rendered":"Kr\u0113ms k\u0101ju pret \u0101das plaisi\u0146u, 44 g"},"content":{"rendered":"<p>L\u012bdzeklis sausai un saplais\u0101ju&scaron;ai k\u0101ju \u0101dai. Vijol\u012btes un propolisa ekstrakti un alanto\u012bns veicina \u0101das atjauno&scaron;an\u0101s procesu. Regul\u0101ri lietojot kr\u0113mu, \u0101da k\u013c\u016bst m\u012bksta, elast\u012bga, labi mitrin\u0101ta.<\/p>\n<p><strong>Lieto&scaron;ana:<\/strong> uzkl\u0101t uz t\u012bras \u0101das.<\/p>\n<p><strong>Piesardz\u012bbas pas\u0101kumi: <\/strong>tikai \u0101r\u012bgai lieto&scaron;anai.<\/p>\n<p>Uzglab\u0101t temperat\u016br\u0101 no 0 &deg;C l\u012bdz +25 &deg;C.<br \/>\n&nbsp;<\/p>\n","protected":false},"excerpt":{"rendered":"<p>L\u012bdzeklis sausai un saplais\u0101ju&scaron;ai k\u0101ju \u0101dai. Vijol\u012btes un propolisa ekstrakti un alanto\u012bns veicina \u0101das atjauno&scaron;an\u0101s procesu. Regul\u0101ri lietojot kr\u0113mu, \u0101da k\u013c\u016bst m\u012bksta, elast\u012bga, labi mitrin\u0101ta. Lieto&scaron;ana: uzkl\u0101t uz t\u012bras \u0101das. Piesardz\u012bbas pas\u0101kumi: tikai \u0101r\u012bgai lieto&scaron;anai. Uzglab\u0101t temperat\u016br\u0101 no 0 &deg;C l\u012bdz +25 &deg;C. &nbsp;<\/p>\n","protected":false},"featured_media":79178,"template":"","meta":[],"product_cat":[1761],"product_tag":[],"class_list":{"0":"post-32423","1":"product","2":"type-product","3":"status-publish","4":"has-post-thumbnail","6":"product_brand-fitodoktor_ua","7":"product_cat-kaju-kopsanas-kosmetika","9":"first","10":"outofstock","11":"taxable","12":"shipping-taxable","13":"product-type-simple"},"_links":{"self":[{"href":"https:\/\/e.kosmolat.eu\/lv\/wp-json\/wp\/v2\/product\/32423","targetHints":{"allow":["GET"]}}],"collection":[{"href":"https:\/\/e.kosmolat.eu\/lv\/wp-json\/wp\/v2\/product"}],"about":[{"href":"https:\/\/e.kosmolat.eu\/lv\/wp-json\/wp\/v2\/types\/product"}],"wp:featuredmedia":[{"embeddable":true,"href":"https:\/\/e.kosmolat.eu\/lv\/wp-json\/wp\/v2\/media\/79178"}],"wp:attachment":[{"href":"https:\/\/e.kosmolat.eu\/lv\/wp-json\/wp\/v2\/media?parent=32423"}],"wp:term":[{"taxonomy":"product_cat","embeddable":true,"href":"https:\/\/e.kosmolat.eu\/lv\/wp-json\/wp\/v2\/product_cat?post=32423"},{"taxonomy":"product_tag","embeddable":true,"href":"https:\/\/e.kosmolat.eu\/lv\/wp-json\/wp\/v2\/product_tag?post=32423"}],"curies":[{"name":"wp","href":"https:\/\/api.w.org\/{rel}","templated":true}]}}