{"id":32415,"date":"2023-12-21T17:03:54","date_gmt":"2023-12-21T17:03:54","guid":{"rendered":"https:\/\/e.kosmolat.eu\/product\/roku-krems-glicerina-persiks-44-g\/"},"modified":"2026-04-01T16:49:47","modified_gmt":"2026-04-01T16:49:47","slug":"roku-krems-glicerina-persiks-44-g","status":"publish","type":"product","link":"https:\/\/e.kosmolat.eu\/lv\/product\/roku-krems-glicerina-persiks-44-g\/","title":{"rendered":"Roku kr\u0113ms &#8220;Glicer\u012bna&#8221; Persiks, 44 g"},"content":{"rendered":"<p>Efekt\u012bvi mitrina roku \u0101du, padara to m\u012bkstu un elast\u012bgu un aizsarg\u0101 no negat\u012bv\u0101s \u0101r\u0113j\u0101s vides ietekmes.<\/p>\n<p><strong>Lieto&scaron;ana: <\/strong>uzkl\u0101t uz t\u012bras \u0101das.<\/p>\n<p><strong>Piesardz\u012bbas pas\u0101kumi: <\/strong>tikai \u0101r\u012bgai lieto&scaron;anai.<\/p>\n<p>Uzglab\u0101t temperat\u016br\u0101 no 0 &deg;C l\u012bdz +25 &deg;C.<br \/>\n&nbsp;<\/p>\n","protected":false},"excerpt":{"rendered":"<p>Efekt\u012bvi mitrina roku \u0101du, padara to m\u012bkstu un elast\u012bgu un aizsarg\u0101 no negat\u012bv\u0101s \u0101r\u0113j\u0101s vides ietekmes. Lieto&scaron;ana: uzkl\u0101t uz t\u012bras \u0101das. Piesardz\u012bbas pas\u0101kumi: tikai \u0101r\u012bgai lieto&scaron;anai. Uzglab\u0101t temperat\u016br\u0101 no 0 &deg;C l\u012bdz +25 &deg;C. &nbsp;<\/p>\n","protected":false},"featured_media":79166,"template":"","meta":[],"product_cat":[1302],"product_tag":[],"class_list":{"0":"post-32415","1":"product","2":"type-product","3":"status-publish","4":"has-post-thumbnail","6":"product_brand-fitodoktor_ua","7":"product_cat-roku-kopsanas-kosmetika","9":"first","10":"instock","11":"taxable","12":"shipping-taxable","13":"product-type-simple"},"_links":{"self":[{"href":"https:\/\/e.kosmolat.eu\/lv\/wp-json\/wp\/v2\/product\/32415","targetHints":{"allow":["GET"]}}],"collection":[{"href":"https:\/\/e.kosmolat.eu\/lv\/wp-json\/wp\/v2\/product"}],"about":[{"href":"https:\/\/e.kosmolat.eu\/lv\/wp-json\/wp\/v2\/types\/product"}],"wp:featuredmedia":[{"embeddable":true,"href":"https:\/\/e.kosmolat.eu\/lv\/wp-json\/wp\/v2\/media\/79166"}],"wp:attachment":[{"href":"https:\/\/e.kosmolat.eu\/lv\/wp-json\/wp\/v2\/media?parent=32415"}],"wp:term":[{"taxonomy":"product_cat","embeddable":true,"href":"https:\/\/e.kosmolat.eu\/lv\/wp-json\/wp\/v2\/product_cat?post=32415"},{"taxonomy":"product_tag","embeddable":true,"href":"https:\/\/e.kosmolat.eu\/lv\/wp-json\/wp\/v2\/product_tag?post=32415"}],"curies":[{"name":"wp","href":"https:\/\/api.w.org\/{rel}","templated":true}]}}