{"id":32403,"date":"2023-12-21T17:03:01","date_gmt":"2023-12-21T17:03:01","guid":{"rendered":"https:\/\/e.kosmolat.eu\/product\/i_krems-velurs-effekts-celmallapa-44-g\/"},"modified":"2025-09-19T15:54:44","modified_gmt":"2025-09-19T15:54:44","slug":"i_krems-velurs-effekts-celmallapa-44-g","status":"publish","type":"product","link":"https:\/\/e.kosmolat.eu\/lv\/product\/i_krems-velurs-effekts-celmallapa-44-g\/","title":{"rendered":"I_!Kr\u0113ms &#8220;Vel\u016brs Effekts&#8221; ce\u013cmallapa, 44 g"},"content":{"rendered":"<p>Kr\u0113ms sausai un saplais\u0101ju&scaron;ai roku \u0101dai. Lanol\u012bna un sojas e\u013c\u013cas komplekss baro \u0101du. Ce\u013ctekas ekstrakts nodro&scaron;ina atjaunojo&scaron;u efektu.<\/p>\n<p><strong>Lieto&scaron;ana: <\/strong>uzkl\u0101t uz t\u012bras \u0101das.<\/p>\n<p><strong>Piesardz\u012bbas pas\u0101kumi:<\/strong> tikai \u0101r\u012bgai lieto&scaron;anai.<\/p>\n<p>Uzglab\u0101t temperat\u016br\u0101 no 0 &deg;C l\u012bdz +25 &deg;C.<br \/>\n&nbsp;<\/p>\n","protected":false},"excerpt":{"rendered":"<p>Kr\u0113ms sausai un saplais\u0101ju&scaron;ai roku \u0101dai. Lanol\u012bna un sojas e\u013c\u013cas komplekss baro \u0101du. Ce\u013ctekas ekstrakts nodro&scaron;ina atjaunojo&scaron;u efektu. Lieto&scaron;ana: uzkl\u0101t uz t\u012bras \u0101das. Piesardz\u012bbas pas\u0101kumi: tikai \u0101r\u012bgai lieto&scaron;anai. Uzglab\u0101t temperat\u016br\u0101 no 0 &deg;C l\u012bdz +25 &deg;C. &nbsp;<\/p>\n","protected":false},"featured_media":79154,"template":"","meta":[],"product_cat":[1302],"product_tag":[],"class_list":{"0":"post-32403","1":"product","2":"type-product","3":"status-publish","4":"has-post-thumbnail","6":"product_brand-fitodoktor_ua","7":"product_cat-roku-kopsanas-kosmetika","9":"first","10":"outofstock","11":"taxable","12":"shipping-taxable","13":"product-type-simple"},"_links":{"self":[{"href":"https:\/\/e.kosmolat.eu\/lv\/wp-json\/wp\/v2\/product\/32403","targetHints":{"allow":["GET"]}}],"collection":[{"href":"https:\/\/e.kosmolat.eu\/lv\/wp-json\/wp\/v2\/product"}],"about":[{"href":"https:\/\/e.kosmolat.eu\/lv\/wp-json\/wp\/v2\/types\/product"}],"wp:featuredmedia":[{"embeddable":true,"href":"https:\/\/e.kosmolat.eu\/lv\/wp-json\/wp\/v2\/media\/79154"}],"wp:attachment":[{"href":"https:\/\/e.kosmolat.eu\/lv\/wp-json\/wp\/v2\/media?parent=32403"}],"wp:term":[{"taxonomy":"product_cat","embeddable":true,"href":"https:\/\/e.kosmolat.eu\/lv\/wp-json\/wp\/v2\/product_cat?post=32403"},{"taxonomy":"product_tag","embeddable":true,"href":"https:\/\/e.kosmolat.eu\/lv\/wp-json\/wp\/v2\/product_tag?post=32403"}],"curies":[{"name":"wp","href":"https:\/\/api.w.org\/{rel}","templated":true}]}}