{"id":32399,"date":"2023-12-21T17:02:42","date_gmt":"2023-12-21T17:02:42","guid":{"rendered":"https:\/\/e.kosmolat.eu\/product\/masazas-krems-balzams-radikulita-70-g\/"},"modified":"2026-04-24T05:33:38","modified_gmt":"2026-04-24T05:33:38","slug":"masazas-krems-balzams-radikulita-70-g","status":"publish","type":"product","link":"https:\/\/e.kosmolat.eu\/lv\/product\/masazas-krems-balzams-radikulita-70-g\/","title":{"rendered":"Mas\u0101\u017eas kr\u0113ms-balz\u0101ms &#8220;Radikul\u012bta&#8221;, 70 g"},"content":{"rendered":"<p>Efekt\u012bvs \u0101r\u012bgs l\u012bdzeklis pret s\u0101p\u0113m mugur\u0101, musku\u013cu iekaisumu, radikul\u012btu, sastiepumiem un izme\u017e\u0123\u012bjumiem. Arnikas, sarkano piparu, prie\u017eu ekstrakti un eikalipta \u0113terisk\u0101 e\u013c\u013ca toniz\u0113 \u0101du, uzlabo taj\u0101 mai\u0146as procusus, mazina t\u016bsku, stimul\u0113 asinsriti. Izmantojot mas\u0101\u017eai, kr\u0113mam piem\u012bt lieliska atsl\u0101bino&scaron;a iedarb\u012bba uz musku\u013caudiem.<\/p>\n<p><strong>Lieto&scaron;ana: <\/strong>Uzkl\u0101t uz attiec\u012bg\u0101s \u0137erme\u0146a da\u013cas un mas\u0113t, l\u012bdz piln\u012bb\u0101 ies\u016bcas.<\/p>\n<p>Uzglab\u0101t temperat\u016br\u0101 no +5 &deg;C l\u012bdz +25 &deg;C.<\/p>\n","protected":false},"excerpt":{"rendered":"<p>Efekt\u012bvs \u0101r\u012bgs l\u012bdzeklis pret s\u0101p\u0113m mugur\u0101, musku\u013cu iekaisumu, radikul\u012btu, sastiepumiem un izme\u017e\u0123\u012bjumiem. Arnikas, sarkano piparu, prie\u017eu ekstrakti un eikalipta \u0113terisk\u0101 e\u013c\u013ca toniz\u0113 \u0101du, uzlabo taj\u0101 mai\u0146as procusus, mazina t\u016bsku, stimul\u0113 asinsriti. Izmantojot mas\u0101\u017eai, kr\u0113mam piem\u012bt lieliska atsl\u0101bino&scaron;a iedarb\u012bba uz musku\u013caudiem. Lieto&scaron;ana: Uzkl\u0101t uz attiec\u012bg\u0101s \u0137erme\u0146a da\u013cas un mas\u0113t, l\u012bdz piln\u012bb\u0101 ies\u016bcas. Uzglab\u0101t temperat\u016br\u0101 no +5 [&#8230;]\n","protected":false},"featured_media":79150,"template":"","meta":[],"product_cat":[1388],"product_tag":[],"class_list":{"0":"post-32399","1":"product","2":"type-product","3":"status-publish","4":"has-post-thumbnail","6":"product_brand-fitodoktor_ua","7":"product_cat-kermena-kremi-pienini-sviesti","9":"first","10":"instock","11":"taxable","12":"shipping-taxable","13":"product-type-simple"},"_links":{"self":[{"href":"https:\/\/e.kosmolat.eu\/lv\/wp-json\/wp\/v2\/product\/32399","targetHints":{"allow":["GET"]}}],"collection":[{"href":"https:\/\/e.kosmolat.eu\/lv\/wp-json\/wp\/v2\/product"}],"about":[{"href":"https:\/\/e.kosmolat.eu\/lv\/wp-json\/wp\/v2\/types\/product"}],"wp:featuredmedia":[{"embeddable":true,"href":"https:\/\/e.kosmolat.eu\/lv\/wp-json\/wp\/v2\/media\/79150"}],"wp:attachment":[{"href":"https:\/\/e.kosmolat.eu\/lv\/wp-json\/wp\/v2\/media?parent=32399"}],"wp:term":[{"taxonomy":"product_cat","embeddable":true,"href":"https:\/\/e.kosmolat.eu\/lv\/wp-json\/wp\/v2\/product_cat?post=32399"},{"taxonomy":"product_tag","embeddable":true,"href":"https:\/\/e.kosmolat.eu\/lv\/wp-json\/wp\/v2\/product_tag?post=32399"}],"curies":[{"name":"wp","href":"https:\/\/api.w.org\/{rel}","templated":true}]}}