{"id":32395,"date":"2023-12-21T17:02:24","date_gmt":"2023-12-21T17:02:24","guid":{"rendered":"https:\/\/e.kosmolat.eu\/product\/vazelins-smarzigs-44-g\/"},"modified":"2026-04-23T06:03:58","modified_gmt":"2026-04-23T06:03:58","slug":"vazelins-smarzigs-44-g","status":"publish","type":"product","link":"https:\/\/e.kosmolat.eu\/lv\/product\/vazelins-smarzigs-44-g\/","title":{"rendered":"Vazel\u012bns smar\u017e\u012bgs, 44 g"},"content":{"rendered":"<p>M\u012bkstina un aizsarg\u0101 roku \u0101du no nelabv\u0113l\u012bg\u0101s atmosf\u0113ras iedarb\u012bbas. Pasarg\u0101 roku \u0101du, veicot saimniec\u012bbas darbus.<\/p>\n<p><strong>Lieto&scaron;ana:<\/strong> uzkl\u0101t uz t\u012bras \u0101das.<\/p>\n<p>Uglab\u0101t temperat\u016br\u0101 no +5 &deg;C l\u012bdz +25 &deg;C.<\/p>\n","protected":false},"excerpt":{"rendered":"<p>M\u012bkstina un aizsarg\u0101 roku \u0101du no nelabv\u0113l\u012bg\u0101s atmosf\u0113ras iedarb\u012bbas. Pasarg\u0101 roku \u0101du, veicot saimniec\u012bbas darbus. Lieto&scaron;ana: uzkl\u0101t uz t\u012bras \u0101das. Uglab\u0101t temperat\u016br\u0101 no +5 &deg;C l\u012bdz +25 &deg;C.<\/p>\n","protected":false},"featured_media":79146,"template":"","meta":[],"product_cat":[1388],"product_tag":[],"class_list":{"0":"post-32395","1":"product","2":"type-product","3":"status-publish","4":"has-post-thumbnail","6":"product_brand-fitodoktor_ua","7":"product_cat-kermena-kremi-pienini-sviesti","9":"first","10":"outofstock","11":"taxable","12":"shipping-taxable","13":"product-type-simple"},"_links":{"self":[{"href":"https:\/\/e.kosmolat.eu\/lv\/wp-json\/wp\/v2\/product\/32395","targetHints":{"allow":["GET"]}}],"collection":[{"href":"https:\/\/e.kosmolat.eu\/lv\/wp-json\/wp\/v2\/product"}],"about":[{"href":"https:\/\/e.kosmolat.eu\/lv\/wp-json\/wp\/v2\/types\/product"}],"wp:featuredmedia":[{"embeddable":true,"href":"https:\/\/e.kosmolat.eu\/lv\/wp-json\/wp\/v2\/media\/79146"}],"wp:attachment":[{"href":"https:\/\/e.kosmolat.eu\/lv\/wp-json\/wp\/v2\/media?parent=32395"}],"wp:term":[{"taxonomy":"product_cat","embeddable":true,"href":"https:\/\/e.kosmolat.eu\/lv\/wp-json\/wp\/v2\/product_cat?post=32395"},{"taxonomy":"product_tag","embeddable":true,"href":"https:\/\/e.kosmolat.eu\/lv\/wp-json\/wp\/v2\/product_tag?post=32395"}],"curies":[{"name":"wp","href":"https:\/\/api.w.org\/{rel}","templated":true}]}}