{"id":32387,"date":"2023-12-21T17:01:49","date_gmt":"2023-12-21T17:01:49","guid":{"rendered":"https:\/\/e.kosmolat.eu\/product\/krems-natre-44-g\/"},"modified":"2026-04-23T06:05:32","modified_gmt":"2026-04-23T06:05:32","slug":"krems-natre-44-g","status":"publish","type":"product","link":"https:\/\/e.kosmolat.eu\/lv\/product\/krems-natre-44-g\/","title":{"rendered":"Kr\u0113ms &#8220;N\u0101tre&#8221;, 44 g"},"content":{"rendered":"<p>N\u0101tres un za\u013c\u0101s t\u0113jas ekstrakti ir vitam\u012bnu C, K, B2, B3, &beta;-karot\u012bna, hlorofila, flavono\u012bdu, fitonc\u012bdu, makro un mikroelementu avoti, kas mobiliz\u0113 organisma aizsargsp\u0113jas, atjauno vielmai\u0146as procesus &scaron;\u016bn\u0101s, sniedz \u0101dai ener\u0123iju.<\/p>\n<p><strong>Lieto&scaron;ana: <\/strong>uzkl\u0101t uz t\u012bras \u0101das.<\/p>\n<p><strong>Piesardz\u012bbas pas\u0101kumi: <\/strong>tikai \u0101r\u012bgai lieto&scaron;anai.<\/p>\n<p>Uzglab\u0101t temperat\u016br\u0101 no 0 &deg;C l\u012bdz +25 &deg;C.<br \/>\n&nbsp;<\/p>\n","protected":false},"excerpt":{"rendered":"<p>N\u0101tres un za\u013c\u0101s t\u0113jas ekstrakti ir vitam\u012bnu C, K, B2, B3, &beta;-karot\u012bna, hlorofila, flavono\u012bdu, fitonc\u012bdu, makro un mikroelementu avoti, kas mobiliz\u0113 organisma aizsargsp\u0113jas, atjauno vielmai\u0146as procesus &scaron;\u016bn\u0101s, sniedz \u0101dai ener\u0123iju. Lieto&scaron;ana: uzkl\u0101t uz t\u012bras \u0101das. Piesardz\u012bbas pas\u0101kumi: tikai \u0101r\u012bgai lieto&scaron;anai. Uzglab\u0101t temperat\u016br\u0101 no 0 &deg;C l\u012bdz +25 &deg;C. &nbsp;<\/p>\n","protected":false},"featured_media":79134,"template":"","meta":[],"product_cat":[1320],"product_tag":[],"class_list":{"0":"post-32387","1":"product","2":"type-product","3":"status-publish","4":"has-post-thumbnail","6":"product_brand-fitodoktor_ua","7":"product_cat-sejas-kremi","9":"first","10":"instock","11":"taxable","12":"shipping-taxable","13":"product-type-simple"},"_links":{"self":[{"href":"https:\/\/e.kosmolat.eu\/lv\/wp-json\/wp\/v2\/product\/32387","targetHints":{"allow":["GET"]}}],"collection":[{"href":"https:\/\/e.kosmolat.eu\/lv\/wp-json\/wp\/v2\/product"}],"about":[{"href":"https:\/\/e.kosmolat.eu\/lv\/wp-json\/wp\/v2\/types\/product"}],"wp:featuredmedia":[{"embeddable":true,"href":"https:\/\/e.kosmolat.eu\/lv\/wp-json\/wp\/v2\/media\/79134"}],"wp:attachment":[{"href":"https:\/\/e.kosmolat.eu\/lv\/wp-json\/wp\/v2\/media?parent=32387"}],"wp:term":[{"taxonomy":"product_cat","embeddable":true,"href":"https:\/\/e.kosmolat.eu\/lv\/wp-json\/wp\/v2\/product_cat?post=32387"},{"taxonomy":"product_tag","embeddable":true,"href":"https:\/\/e.kosmolat.eu\/lv\/wp-json\/wp\/v2\/product_tag?post=32387"}],"curies":[{"name":"wp","href":"https:\/\/api.w.org\/{rel}","templated":true}]}}