{"id":32379,"date":"2023-12-21T17:01:15","date_gmt":"2023-12-21T17:01:15","guid":{"rendered":"https:\/\/e.kosmolat.eu\/product\/krems-mezrozite-44-g\/"},"modified":"2026-04-22T13:35:06","modified_gmt":"2026-04-22T13:35:06","slug":"krems-mezrozite-44-g","status":"publish","type":"product","link":"https:\/\/e.kosmolat.eu\/lv\/product\/krems-mezrozite-44-g\/","title":{"rendered":"Kr\u0113ms &#8220;Me\u017eroz\u012bte&#8221;, 44 g"},"content":{"rendered":"<p>Dienas kr\u0113ms nodro\u0161ina lielisku \u0101das mitrina\u0161anu. Me\u017eroz\u012btes ekstraktam &#8211; A, C un E vitam\u012bnu avotam &#8211; piem\u012bt izteiktas \u0101rstnieciskas \u012bpa\u0161\u012bbas un ir sevi\u0161\u0137i efekt\u012bvs pret kairin\u0101tu un lobo\u0161os \u0101du.<\/p>\n<p>LIETO\u0160ANA: Uzkl\u0101t uz t\u012bras \u0101das.<\/p>\n<p>UZGLAB\u0100\u0160ANAS TEMPERAT\u016aRA: +5\u00b0C l\u012bdz +25\u00b0C.<\/p>\n","protected":false},"excerpt":{"rendered":"<p>Dienas kr\u0113ms nodro\u0161ina lielisku \u0101das mitrina\u0161anu. Me\u017eroz\u012btes ekstraktam &#8211; A, C un E vitam\u012bnu avotam &#8211; piem\u012bt izteiktas \u0101rstnieciskas \u012bpa\u0161\u012bbas un ir sevi\u0161\u0137i efekt\u012bvs pret kairin\u0101tu un lobo\u0161os \u0101du. LIETO\u0160ANA: Uzkl\u0101t uz t\u012bras \u0101das. UZGLAB\u0100\u0160ANAS TEMPERAT\u016aRA: +5\u00b0C l\u012bdz +25\u00b0C.<\/p>\n","protected":false},"featured_media":79114,"template":"","meta":[],"product_cat":[1999],"product_tag":[],"class_list":{"0":"post-32379","1":"product","2":"type-product","3":"status-publish","4":"has-post-thumbnail","6":"product_brand-fitodoktor_ua","7":"product_cat-bez-kategorijas","9":"first","10":"instock","11":"taxable","12":"shipping-taxable","13":"product-type-simple"},"_links":{"self":[{"href":"https:\/\/e.kosmolat.eu\/lv\/wp-json\/wp\/v2\/product\/32379","targetHints":{"allow":["GET"]}}],"collection":[{"href":"https:\/\/e.kosmolat.eu\/lv\/wp-json\/wp\/v2\/product"}],"about":[{"href":"https:\/\/e.kosmolat.eu\/lv\/wp-json\/wp\/v2\/types\/product"}],"wp:featuredmedia":[{"embeddable":true,"href":"https:\/\/e.kosmolat.eu\/lv\/wp-json\/wp\/v2\/media\/79114"}],"wp:attachment":[{"href":"https:\/\/e.kosmolat.eu\/lv\/wp-json\/wp\/v2\/media?parent=32379"}],"wp:term":[{"taxonomy":"product_cat","embeddable":true,"href":"https:\/\/e.kosmolat.eu\/lv\/wp-json\/wp\/v2\/product_cat?post=32379"},{"taxonomy":"product_tag","embeddable":true,"href":"https:\/\/e.kosmolat.eu\/lv\/wp-json\/wp\/v2\/product_tag?post=32379"}],"curies":[{"name":"wp","href":"https:\/\/api.w.org\/{rel}","templated":true}]}}