{"id":32371,"date":"2023-12-21T17:00:38","date_gmt":"2023-12-21T17:00:38","guid":{"rendered":"https:\/\/e.kosmolat.eu\/product\/krems-smiltserksku-44-g\/"},"modified":"2026-04-23T08:16:09","modified_gmt":"2026-04-23T08:16:09","slug":"krems-smiltserksku-44-g","status":"publish","type":"product","link":"https:\/\/e.kosmolat.eu\/lv\/product\/krems-smiltserksku-44-g\/","title":{"rendered":"Kr\u0113ms &#8220;Smilts\u0113rk\u0161\u0137u&#8221;, 44 g"},"content":{"rendered":"<p>Kr\u0113ms ar smilts\u0113rk&scaron;\u0137u un kumel\u012btes ekstraktiem, E un C vitam\u012bniem, atjauno \u0101du, pie&scaron;\u0137ir svaigu un mirdzo&scaron;u izskatu.<\/p>\n<p><strong>Lieto&scaron;ana: <\/strong>uzkl\u0101t uz t\u012bras \u0101das.<\/p>\n<p><strong>Piesardz\u012bbas pas\u0101kumi:<\/strong> tikai \u0101r\u012bgai lieto&scaron;anai.<\/p>\n<p>Uzglab\u0101t temperat\u016br\u0101 no 0 &deg;C l\u012bdz +25 &deg;C.<\/p>\n","protected":false},"excerpt":{"rendered":"<p>Kr\u0113ms ar smilts\u0113rk&scaron;\u0137u un kumel\u012btes ekstraktiem, E un C vitam\u012bniem, atjauno \u0101du, pie&scaron;\u0137ir svaigu un mirdzo&scaron;u izskatu. Lieto&scaron;ana: uzkl\u0101t uz t\u012bras \u0101das. Piesardz\u012bbas pas\u0101kumi: tikai \u0101r\u012bgai lieto&scaron;anai. Uzglab\u0101t temperat\u016br\u0101 no 0 &deg;C l\u012bdz +25 &deg;C.<\/p>\n","protected":false},"featured_media":79098,"template":"","meta":[],"product_cat":[1320],"product_tag":[],"class_list":{"0":"post-32371","1":"product","2":"type-product","3":"status-publish","4":"has-post-thumbnail","6":"product_brand-fitodoktor_ua","7":"product_cat-sejas-kremi","9":"first","10":"outofstock","11":"taxable","12":"shipping-taxable","13":"product-type-simple"},"_links":{"self":[{"href":"https:\/\/e.kosmolat.eu\/lv\/wp-json\/wp\/v2\/product\/32371","targetHints":{"allow":["GET"]}}],"collection":[{"href":"https:\/\/e.kosmolat.eu\/lv\/wp-json\/wp\/v2\/product"}],"about":[{"href":"https:\/\/e.kosmolat.eu\/lv\/wp-json\/wp\/v2\/types\/product"}],"wp:featuredmedia":[{"embeddable":true,"href":"https:\/\/e.kosmolat.eu\/lv\/wp-json\/wp\/v2\/media\/79098"}],"wp:attachment":[{"href":"https:\/\/e.kosmolat.eu\/lv\/wp-json\/wp\/v2\/media?parent=32371"}],"wp:term":[{"taxonomy":"product_cat","embeddable":true,"href":"https:\/\/e.kosmolat.eu\/lv\/wp-json\/wp\/v2\/product_cat?post=32371"},{"taxonomy":"product_tag","embeddable":true,"href":"https:\/\/e.kosmolat.eu\/lv\/wp-json\/wp\/v2\/product_tag?post=32371"}],"curies":[{"name":"wp","href":"https:\/\/api.w.org\/{rel}","templated":true}]}}