{"id":32363,"date":"2023-12-21T17:00:01","date_gmt":"2023-12-21T17:00:01","guid":{"rendered":"https:\/\/e.kosmolat.eu\/product\/krems-leopoljd-75-g\/"},"modified":"2026-04-10T13:57:06","modified_gmt":"2026-04-10T13:57:06","slug":"krems-leopoljd-75-g","status":"publish","type":"product","link":"https:\/\/e.kosmolat.eu\/lv\/product\/krems-leopoljd-75-g\/","title":{"rendered":"Kr\u0113ms &#8220;Leopoljd&#8221;, 75 g"},"content":{"rendered":"<p>Kkumel\u012btes un lavandas \u0113terisko e\u013c\u013cu kombin\u0101cija, kurai piem\u012bt nomierino&scaron;a iedarb\u012bba, nodro&scaron;ina maigu un vieglu mazu\u013ca \u0101das kop&scaron;anu.<\/p>\n<p><strong>Lieto&scaron;ana: <\/strong>uzkl\u0101t uz t\u012bras \u0101das.<\/p>\n<p><strong>Piesardz\u012bbas pas\u0101kumi: <\/strong>tikai \u0101r\u012bgai lieto&scaron;anai.<\/p>\n<p>Uzglab\u0101t temperat\u016br\u0101 no 0 &deg;C l\u012bdz +25 &deg;C.<br \/>\n&nbsp;<\/p>\n","protected":false},"excerpt":{"rendered":"<p>Kkumel\u012btes un lavandas \u0113terisko e\u013c\u013cu kombin\u0101cija, kurai piem\u012bt nomierino&scaron;a iedarb\u012bba, nodro&scaron;ina maigu un vieglu mazu\u013ca \u0101das kop&scaron;anu. Lieto&scaron;ana: uzkl\u0101t uz t\u012bras \u0101das. Piesardz\u012bbas pas\u0101kumi: tikai \u0101r\u012bgai lieto&scaron;anai. Uzglab\u0101t temperat\u016br\u0101 no 0 &deg;C l\u012bdz +25 &deg;C. &nbsp;<\/p>\n","protected":false},"featured_media":79090,"template":"","meta":[],"product_cat":[1364],"product_tag":[],"class_list":{"0":"post-32363","1":"product","2":"type-product","3":"status-publish","4":"has-post-thumbnail","6":"product_brand-fitodoktor_ua","7":"product_cat-1364","9":"first","10":"outofstock","11":"taxable","12":"shipping-taxable","13":"product-type-simple"},"_links":{"self":[{"href":"https:\/\/e.kosmolat.eu\/lv\/wp-json\/wp\/v2\/product\/32363","targetHints":{"allow":["GET"]}}],"collection":[{"href":"https:\/\/e.kosmolat.eu\/lv\/wp-json\/wp\/v2\/product"}],"about":[{"href":"https:\/\/e.kosmolat.eu\/lv\/wp-json\/wp\/v2\/types\/product"}],"wp:featuredmedia":[{"embeddable":true,"href":"https:\/\/e.kosmolat.eu\/lv\/wp-json\/wp\/v2\/media\/79090"}],"wp:attachment":[{"href":"https:\/\/e.kosmolat.eu\/lv\/wp-json\/wp\/v2\/media?parent=32363"}],"wp:term":[{"taxonomy":"product_cat","embeddable":true,"href":"https:\/\/e.kosmolat.eu\/lv\/wp-json\/wp\/v2\/product_cat?post=32363"},{"taxonomy":"product_tag","embeddable":true,"href":"https:\/\/e.kosmolat.eu\/lv\/wp-json\/wp\/v2\/product_tag?post=32363"}],"curies":[{"name":"wp","href":"https:\/\/api.w.org\/{rel}","templated":true}]}}