{"id":32359,"date":"2023-12-21T16:59:43","date_gmt":"2023-12-21T16:59:43","guid":{"rendered":"https:\/\/e.kosmolat.eu\/product\/krems-kot-v-sapogah-75-g\/"},"modified":"2026-04-01T07:01:43","modified_gmt":"2026-04-01T07:01:43","slug":"krems-kot-v-sapogah-75-g","status":"publish","type":"product","link":"https:\/\/e.kosmolat.eu\/lv\/product\/krems-kot-v-sapogah-75-g\/","title":{"rendered":"Kr\u0113ms &#8220;Kot v sapogah&#8221;, 75 g"},"content":{"rendered":"<p>Satur A un E vitam\u012bnus, k\u0101 ar\u012b apriko\u017eu kauli\u0146u e\u013c\u013cu, kas ir F vitam\u012bna avots. Vitam\u012bnu komplekss baro, mitrina un atjaunina \u0101du.<\/p>\n<p><strong>Lieto&scaron;ana:<\/strong> uzkl\u0101t uz t\u012bras \u0101das.<\/p>\n<p><strong>Piesardz\u012bbas pas\u0101kumi:<\/strong> tikai \u0101r\u012bgai lieto&scaron;anai.<\/p>\n<p>Uzglab\u0101t temperat\u016br\u0101 no 0 &deg;C l\u012bdz +25 &deg;C.<br \/>\n&nbsp;<\/p>\n","protected":false},"excerpt":{"rendered":"<p>Satur A un E vitam\u012bnus, k\u0101 ar\u012b apriko\u017eu kauli\u0146u e\u013c\u013cu, kas ir F vitam\u012bna avots. Vitam\u012bnu komplekss baro, mitrina un atjaunina \u0101du. Lieto&scaron;ana: uzkl\u0101t uz t\u012bras \u0101das. Piesardz\u012bbas pas\u0101kumi: tikai \u0101r\u012bgai lieto&scaron;anai. Uzglab\u0101t temperat\u016br\u0101 no 0 &deg;C l\u012bdz +25 &deg;C. &nbsp;<\/p>\n","protected":false},"featured_media":79086,"template":"","meta":[],"product_cat":[1361],"product_tag":[],"class_list":{"0":"post-32359","1":"product","2":"type-product","3":"status-publish","4":"has-post-thumbnail","6":"product_brand-fitodoktor_ua","7":"product_cat-adas-kopsanas-kosmetika","9":"first","10":"instock","11":"taxable","12":"shipping-taxable","13":"product-type-simple"},"_links":{"self":[{"href":"https:\/\/e.kosmolat.eu\/lv\/wp-json\/wp\/v2\/product\/32359","targetHints":{"allow":["GET"]}}],"collection":[{"href":"https:\/\/e.kosmolat.eu\/lv\/wp-json\/wp\/v2\/product"}],"about":[{"href":"https:\/\/e.kosmolat.eu\/lv\/wp-json\/wp\/v2\/types\/product"}],"wp:featuredmedia":[{"embeddable":true,"href":"https:\/\/e.kosmolat.eu\/lv\/wp-json\/wp\/v2\/media\/79086"}],"wp:attachment":[{"href":"https:\/\/e.kosmolat.eu\/lv\/wp-json\/wp\/v2\/media?parent=32359"}],"wp:term":[{"taxonomy":"product_cat","embeddable":true,"href":"https:\/\/e.kosmolat.eu\/lv\/wp-json\/wp\/v2\/product_cat?post=32359"},{"taxonomy":"product_tag","embeddable":true,"href":"https:\/\/e.kosmolat.eu\/lv\/wp-json\/wp\/v2\/product_tag?post=32359"}],"curies":[{"name":"wp","href":"https:\/\/api.w.org\/{rel}","templated":true}]}}