{"id":32347,"date":"2023-12-21T16:58:52","date_gmt":"2023-12-21T16:58:52","guid":{"rendered":"https:\/\/e.kosmolat.eu\/product\/krems-vovocka-44-g\/"},"modified":"2026-04-23T12:17:47","modified_gmt":"2026-04-23T12:17:47","slug":"krems-vovocka-44-g","status":"publish","type":"product","link":"https:\/\/e.kosmolat.eu\/lv\/product\/krems-vovocka-44-g\/","title":{"rendered":"Kr\u0113ms &#8220;Vovo\u010dka&#8221;, 44 g"},"content":{"rendered":"<p>Kli\u0146\u0123er\u012btes ekstrakts nomierina \u0101du, nov\u0113r&scaron; t\u0101s lob\u012b&scaron;anos un kairin\u0101jumu.<\/p>\n<p><strong>Lieto&scaron;ana:<\/strong> uzkl\u0101t uz t\u012bras \u0101das.<\/p>\n<p><strong>Piesardz\u012bbas pas\u0101kumi: <\/strong>tikai \u0101r\u012bgai lieto&scaron;anai.<\/p>\n<p>Uzglab\u0101t temperat\u016br\u0101 no 0 &deg;C l\u012bdz +25 &deg;C.<br \/>\n&nbsp;<\/p>\n","protected":false},"excerpt":{"rendered":"<p>Kli\u0146\u0123er\u012btes ekstrakts nomierina \u0101du, nov\u0113r&scaron; t\u0101s lob\u012b&scaron;anos un kairin\u0101jumu. Lieto&scaron;ana: uzkl\u0101t uz t\u012bras \u0101das. Piesardz\u012bbas pas\u0101kumi: tikai \u0101r\u012bgai lieto&scaron;anai. Uzglab\u0101t temperat\u016br\u0101 no 0 &deg;C l\u012bdz +25 &deg;C. &nbsp;<\/p>\n","protected":false},"featured_media":79074,"template":"","meta":[],"product_cat":[1361],"product_tag":[],"class_list":{"0":"post-32347","1":"product","2":"type-product","3":"status-publish","4":"has-post-thumbnail","6":"product_brand-fitodoktor_ua","7":"product_cat-adas-kopsanas-kosmetika","9":"first","10":"instock","11":"taxable","12":"shipping-taxable","13":"product-type-simple"},"_links":{"self":[{"href":"https:\/\/e.kosmolat.eu\/lv\/wp-json\/wp\/v2\/product\/32347","targetHints":{"allow":["GET"]}}],"collection":[{"href":"https:\/\/e.kosmolat.eu\/lv\/wp-json\/wp\/v2\/product"}],"about":[{"href":"https:\/\/e.kosmolat.eu\/lv\/wp-json\/wp\/v2\/types\/product"}],"wp:featuredmedia":[{"embeddable":true,"href":"https:\/\/e.kosmolat.eu\/lv\/wp-json\/wp\/v2\/media\/79074"}],"wp:attachment":[{"href":"https:\/\/e.kosmolat.eu\/lv\/wp-json\/wp\/v2\/media?parent=32347"}],"wp:term":[{"taxonomy":"product_cat","embeddable":true,"href":"https:\/\/e.kosmolat.eu\/lv\/wp-json\/wp\/v2\/product_cat?post=32347"},{"taxonomy":"product_tag","embeddable":true,"href":"https:\/\/e.kosmolat.eu\/lv\/wp-json\/wp\/v2\/product_tag?post=32347"}],"curies":[{"name":"wp","href":"https:\/\/api.w.org\/{rel}","templated":true}]}}