{"id":32335,"date":"2023-12-21T16:57:53","date_gmt":"2023-12-21T16:57:53","guid":{"rendered":"https:\/\/e.kosmolat.eu\/product\/krems-antoska-44-g\/"},"modified":"2026-04-22T08:54:16","modified_gmt":"2026-04-22T08:54:16","slug":"krems-antoska-44-g","status":"publish","type":"product","link":"https:\/\/e.kosmolat.eu\/lv\/product\/krems-antoska-44-g\/","title":{"rendered":"Kr\u0113ms &#8220;Anto\u0161ka&#8221;, 44 g"},"content":{"rendered":"<p>Kr\u0113ma sast\u0101v\u0101 ietilpst t\u0101di dab\u012bgas izcelsmes produkti k\u0101 augu e\u013c\u013ca, \u016bde\u013cu e\u013c\u013ca, bi&scaron;u vasks un lanol\u012bns, kuri lieliski izl\u012bdzina, m\u012bkstina un aizsarg\u0101 b\u0113rna \u0101du. Kumel\u012btes un sun\u012b&scaron;a ekstraktiem piem\u012bt nomierino&scaron;a iedarb\u012bba.<\/p>\n<p><strong>Lieto&scaron;ana:<\/strong> uzkl\u0101t uz t\u012bras \u0101das.<\/p>\n<p><strong>Piesardz\u012bbas pas\u0101kumi:<\/strong> tikai \u0101r\u012bgai lieto&scaron;anai.<\/p>\n<p>Uzglab\u0101t temperat\u016br\u0101 no 0 &deg;C l\u012bdz +25 &deg;C.<br \/>\n&nbsp;<\/p>\n","protected":false},"excerpt":{"rendered":"<p>Kr\u0113ma sast\u0101v\u0101 ietilpst t\u0101di dab\u012bgas izcelsmes produkti k\u0101 augu e\u013c\u013ca, \u016bde\u013cu e\u013c\u013ca, bi&scaron;u vasks un lanol\u012bns, kuri lieliski izl\u012bdzina, m\u012bkstina un aizsarg\u0101 b\u0113rna \u0101du. Kumel\u012btes un sun\u012b&scaron;a ekstraktiem piem\u012bt nomierino&scaron;a iedarb\u012bba. Lieto&scaron;ana: uzkl\u0101t uz t\u012bras \u0101das. Piesardz\u012bbas pas\u0101kumi: tikai \u0101r\u012bgai lieto&scaron;anai. Uzglab\u0101t temperat\u016br\u0101 no 0 &deg;C l\u012bdz +25 &deg;C. &nbsp;<\/p>\n","protected":false},"featured_media":79058,"template":"","meta":[],"product_cat":[1999],"product_tag":[],"class_list":{"0":"post-32335","1":"product","2":"type-product","3":"status-publish","4":"has-post-thumbnail","6":"product_brand-fitodoktor_ua","7":"product_cat-bez-kategorijas","9":"first","10":"outofstock","11":"taxable","12":"shipping-taxable","13":"product-type-simple"},"_links":{"self":[{"href":"https:\/\/e.kosmolat.eu\/lv\/wp-json\/wp\/v2\/product\/32335","targetHints":{"allow":["GET"]}}],"collection":[{"href":"https:\/\/e.kosmolat.eu\/lv\/wp-json\/wp\/v2\/product"}],"about":[{"href":"https:\/\/e.kosmolat.eu\/lv\/wp-json\/wp\/v2\/types\/product"}],"wp:featuredmedia":[{"embeddable":true,"href":"https:\/\/e.kosmolat.eu\/lv\/wp-json\/wp\/v2\/media\/79058"}],"wp:attachment":[{"href":"https:\/\/e.kosmolat.eu\/lv\/wp-json\/wp\/v2\/media?parent=32335"}],"wp:term":[{"taxonomy":"product_cat","embeddable":true,"href":"https:\/\/e.kosmolat.eu\/lv\/wp-json\/wp\/v2\/product_cat?post=32335"},{"taxonomy":"product_tag","embeddable":true,"href":"https:\/\/e.kosmolat.eu\/lv\/wp-json\/wp\/v2\/product_tag?post=32335"}],"curies":[{"name":"wp","href":"https:\/\/api.w.org\/{rel}","templated":true}]}}