{"id":32331,"date":"2023-12-21T16:57:28","date_gmt":"2023-12-21T16:57:28","guid":{"rendered":"https:\/\/e.kosmolat.eu\/product\/dadzu-sampuns-pret-matu-izkrisanu-200-ml\/"},"modified":"2026-04-23T11:45:57","modified_gmt":"2026-04-23T11:45:57","slug":"dadzu-sampuns-pret-matu-izkrisanu-200-ml","status":"publish","type":"product","link":"https:\/\/e.kosmolat.eu\/lv\/product\/dadzu-sampuns-pret-matu-izkrisanu-200-ml\/","title":{"rendered":"Dad\u017eu \u0161amp\u016bns pret matu izkri\u0161anu, 200 ml"},"content":{"rendered":"<p>Akt\u012bvi baro matu saknes, pastiprina to aug&scaron;anu, stimul\u0113 kerat\u012bna sl\u0101\u0146a atjauno&scaron;anos un stiprin\u0101&scaron;anu, aizsarg\u0101 matu iek&scaron;ieni no boj\u0101&scaron;anas. Att\u012bra galvas \u0101du un sagatavo maksim\u0101lai l\u012bdzek\u013cu uz\u0146em&scaron;anai. P\u0113c &scaron;amp\u016bna lieto&scaron;anas mati k\u013c\u016bst elast\u012bgi, m\u012bksti, apjom\u012bgi un mirdzo&scaron;i<br \/>\nParedz\u0113ts bie\u017eai lieto&scaron;anai. Ar kompleksu Bh intensiv+. Aptur priek&scaron;laic\u012bgas matu izkri&scaron;anas fermentu darb\u012bbu, pastiprina matu saknes un baro t\u0101s, aktiviz\u0113 un pagarina matu aug&scaron;anas procesu, stimul\u0113 &scaron;\u016bnu atjauno&scaron;anos un kerat\u012bna sint\u0113zi, stiprina audus ap matu sakn\u0113m<\/p>\n<p><strong>Lieto&scaron;ana:<\/strong> vienm\u0113r\u012bgi izsm\u0113r\u0113t &scaron;amp\u016bnu uz mitriem matiem, ar mas\u0113jo&scaron;\u0101m kust\u012bb\u0101m saputot, nomazg\u0101t ar \u016bdeni. Nepiecie&scaron;am\u012bbas gad\u012bjum\u0101 proced\u016bru atk\u0101rtot. &Scaron;amp\u016bnu var lietot past\u0101v\u012bgi.&nbsp;<\/p>\n<p>Uzglab\u0101t temperat\u016br\u0101 no +5 l\u012bdz +25&deg;C.<br \/>\n&nbsp;<\/p>\n","protected":false},"excerpt":{"rendered":"<p>Akt\u012bvi baro matu saknes, pastiprina to aug&scaron;anu, stimul\u0113 kerat\u012bna sl\u0101\u0146a atjauno&scaron;anos un stiprin\u0101&scaron;anu, aizsarg\u0101 matu iek&scaron;ieni no boj\u0101&scaron;anas. Att\u012bra galvas \u0101du un sagatavo maksim\u0101lai l\u012bdzek\u013cu uz\u0146em&scaron;anai. P\u0113c &scaron;amp\u016bna lieto&scaron;anas mati k\u013c\u016bst elast\u012bgi, m\u012bksti, apjom\u012bgi un mirdzo&scaron;i Paredz\u0113ts bie\u017eai lieto&scaron;anai. Ar kompleksu Bh intensiv+. Aptur priek&scaron;laic\u012bgas matu izkri&scaron;anas fermentu darb\u012bbu, pastiprina matu saknes un baro t\u0101s, [&#8230;]\n","protected":false},"featured_media":104468,"template":"","meta":[],"product_cat":[1248],"product_tag":[],"class_list":{"0":"post-32331","1":"product","2":"type-product","3":"status-publish","4":"has-post-thumbnail","6":"product_brand-elfa_ua","7":"product_cat-sampuni","9":"first","10":"instock","11":"taxable","12":"shipping-taxable","13":"product-type-simple"},"_links":{"self":[{"href":"https:\/\/e.kosmolat.eu\/lv\/wp-json\/wp\/v2\/product\/32331","targetHints":{"allow":["GET"]}}],"collection":[{"href":"https:\/\/e.kosmolat.eu\/lv\/wp-json\/wp\/v2\/product"}],"about":[{"href":"https:\/\/e.kosmolat.eu\/lv\/wp-json\/wp\/v2\/types\/product"}],"wp:featuredmedia":[{"embeddable":true,"href":"https:\/\/e.kosmolat.eu\/lv\/wp-json\/wp\/v2\/media\/104468"}],"wp:attachment":[{"href":"https:\/\/e.kosmolat.eu\/lv\/wp-json\/wp\/v2\/media?parent=32331"}],"wp:term":[{"taxonomy":"product_cat","embeddable":true,"href":"https:\/\/e.kosmolat.eu\/lv\/wp-json\/wp\/v2\/product_cat?post=32331"},{"taxonomy":"product_tag","embeddable":true,"href":"https:\/\/e.kosmolat.eu\/lv\/wp-json\/wp\/v2\/product_tag?post=32331"}],"curies":[{"name":"wp","href":"https:\/\/api.w.org\/{rel}","templated":true}]}}