{"id":32327,"date":"2023-12-21T16:57:03","date_gmt":"2023-12-21T16:57:03","guid":{"rendered":"https:\/\/e.kosmolat.eu\/product\/dadzu-balzams-maska-atjaunojosa-200-ml\/"},"modified":"2026-04-23T12:18:29","modified_gmt":"2026-04-23T12:18:29","slug":"dadzu-balzams-maska-atjaunojosa-200-ml","status":"publish","type":"product","link":"https:\/\/e.kosmolat.eu\/lv\/product\/dadzu-balzams-maska-atjaunojosa-200-ml\/","title":{"rendered":"Dad\u017eu balzams-maska atjaunojo\u0161a, 200 ml"},"content":{"rendered":"<p>Balzama-maskas akt\u012bvie komponenti papildina un pastiprina dad\u017eu &scaron;amp\u016bna iedarb\u012bbu. Atjauno boj\u0101tus matus no iek&scaron;ienes, piepilda tos ar dz\u012bv\u012bgu sp\u0113ku un mitrumu. Iek\u013c\u016bstot dzi\u013c\u0101k\u0101 matu sl\u0101n\u012b, kerat\u012bna &scaron;\u0137iedr\u0101s pasarg\u0101 matus no turpm\u0101kas boj\u0101&scaron;an\u0101s. Padara tos sp\u012bd\u012bgus, z\u012bdainus un elast\u012bgus. Ar kompleksu Bh intensive +. Baro, aktiviz\u0113 un pagarina matu aug&scaron;anas f\u0101zi, veicina kerat\u012bna sint\u0113zi, virzot &#39;&#39;labos prote\u012bnus&#39;&#39; uz matu garozu. Nodro&scaron;ina nepiecie&scaron;amo ener\u0123iju boj\u0101tiem matiem. Dermatolo\u0123iski test\u0113ts.<\/p>\n<p><strong>Lieto&scaron;ana:<\/strong> p\u0113c matu mazg\u0101&scaron;anas ar dad\u017eu &scaron;amp\u016bnu ar viegl\u0101m, mas\u0113jo&scaron;\u0101m kust\u012bb\u0101m uzkl\u0101t nepiecie&scaron;amo daudzumu balzama-maskas uz matu sakn\u0113m. Vienm\u0113r\u012bgi izsm\u0113r\u0113t vis\u0101 matu garum\u0101. P\u0113c 2 min\u016bt\u0113m nomazg\u0101t ar \u016bdeni. Neizmantot polietil\u0113na cepur\u012bti.&nbsp;<\/p>\n<p>Uzglab\u0101t temperat\u016br\u0101 no +5&deg;\u0421 l\u012bdz +25&deg;C.<\/p>\n","protected":false},"excerpt":{"rendered":"<p>Balzama-maskas akt\u012bvie komponenti papildina un pastiprina dad\u017eu &scaron;amp\u016bna iedarb\u012bbu. Atjauno boj\u0101tus matus no iek&scaron;ienes, piepilda tos ar dz\u012bv\u012bgu sp\u0113ku un mitrumu. Iek\u013c\u016bstot dzi\u013c\u0101k\u0101 matu sl\u0101n\u012b, kerat\u012bna &scaron;\u0137iedr\u0101s pasarg\u0101 matus no turpm\u0101kas boj\u0101&scaron;an\u0101s. Padara tos sp\u012bd\u012bgus, z\u012bdainus un elast\u012bgus. Ar kompleksu Bh intensive +. Baro, aktiviz\u0113 un pagarina matu aug&scaron;anas f\u0101zi, veicina kerat\u012bna sint\u0113zi, virzot &#39;&#39;labos [&#8230;]\n","protected":false},"featured_media":104472,"template":"","meta":[],"product_cat":[1638],"product_tag":[],"class_list":{"0":"post-32327","1":"product","2":"type-product","3":"status-publish","4":"has-post-thumbnail","6":"product_brand-elfa_ua","7":"product_cat-balzami","9":"first","10":"instock","11":"taxable","12":"shipping-taxable","13":"product-type-simple"},"_links":{"self":[{"href":"https:\/\/e.kosmolat.eu\/lv\/wp-json\/wp\/v2\/product\/32327","targetHints":{"allow":["GET"]}}],"collection":[{"href":"https:\/\/e.kosmolat.eu\/lv\/wp-json\/wp\/v2\/product"}],"about":[{"href":"https:\/\/e.kosmolat.eu\/lv\/wp-json\/wp\/v2\/types\/product"}],"wp:featuredmedia":[{"embeddable":true,"href":"https:\/\/e.kosmolat.eu\/lv\/wp-json\/wp\/v2\/media\/104472"}],"wp:attachment":[{"href":"https:\/\/e.kosmolat.eu\/lv\/wp-json\/wp\/v2\/media?parent=32327"}],"wp:term":[{"taxonomy":"product_cat","embeddable":true,"href":"https:\/\/e.kosmolat.eu\/lv\/wp-json\/wp\/v2\/product_cat?post=32327"},{"taxonomy":"product_tag","embeddable":true,"href":"https:\/\/e.kosmolat.eu\/lv\/wp-json\/wp\/v2\/product_tag?post=32327"}],"curies":[{"name":"wp","href":"https:\/\/api.w.org\/{rel}","templated":true}]}}