{"id":32323,"date":"2023-12-21T16:56:34","date_gmt":"2023-12-21T16:56:34","guid":{"rendered":"https:\/\/e.kosmolat.eu\/product\/dadzu-serums-100-ml\/"},"modified":"2026-04-23T13:25:20","modified_gmt":"2026-04-23T13:25:20","slug":"dadzu-serums-100-ml","status":"publish","type":"product","link":"https:\/\/e.kosmolat.eu\/lv\/product\/dadzu-serums-100-ml\/","title":{"rendered":"Dad\u017eu serums, 100 ml"},"content":{"rendered":"<p>Akt\u012bvi komponenti dzi\u013ci iek\u013c\u016bst galvas \u0101d\u0101 un tie\u0161i baro matu saknes, atjaunojot to funkcijas. Regul\u0101ras seruma lieto\u0161anas gad\u012bjum\u0101 tiek nov\u0113rsta matu izkri\u0161ana un stimul\u0113jas jauno matu aug\u0161ana, atjaunojas strukt\u016bra, uzlabojas \u0101r\u0113jais izskats. Mati k\u013c\u016bst biez\u0101ki,ieg\u016bst sp\u012bdumu un vitalit\u0101ti.<\/p>\n<p>Ar kompleksu Bh intensiv+.<br \/>\n Aptur priek\u0161laic\u012bgas matu izkri\u0161anas veicino\u0161u fermentu darb\u012bbu, pastiprina matu sak\u0146u darb\u012bbu, stimul\u0113 asinsriti un baro\u0161anu, aktiviz\u0113 un paildzina matu aug\u0161anas f\u0101zi, stimul\u0113 \u0161\u016bnu atjauno\u0161anos un kerat\u012bna sint\u0113zi, stiprina audus ap matu sakn\u0113m, no\u0146em galvas \u0101das kairin\u0101jumu, niezi, iekaisumu, regul\u0113 tauku dziedzeru sekr\u0113ciju. <\/p>\n<h4>\n<p>Lieto\u0161ana: <\/h4>\n<p>Uzkl\u0101t uz mitriem vai sausiem matiem 3-4 reizes ned\u0113\u013c\u0101, ar viegl\u0101m, mas\u0113jo\u0161\u0101m kust\u012bb\u0101m ieberz\u0113t. Nenomazg\u0101t. P\u0113c uzkl\u0101\u0161anas dr\u012bkst izmantot matu ieveido\u0161anas l\u012bdzek\u013cus, lietot f\u0113nu.<\/p>\n<p>UZGLAB\u0100\u0160ANAS TEMPERAT\u016aRA: no +5 l\u012bdz +25\u00b0C.<\/p>\n","protected":false},"excerpt":{"rendered":"<p>Akt\u012bvi komponenti dzi\u013ci iek\u013c\u016bst galvas \u0101d\u0101 un tie\u0161i baro matu saknes, atjaunojot to funkcijas. Regul\u0101ras seruma lieto\u0161anas gad\u012bjum\u0101 tiek nov\u0113rsta matu izkri\u0161ana un stimul\u0113jas jauno matu aug\u0161ana, atjaunojas strukt\u016bra, uzlabojas \u0101r\u0113jais izskats. Mati k\u013c\u016bst biez\u0101ki,ieg\u016bst sp\u012bdumu un vitalit\u0101ti. Ar kompleksu Bh intensiv+. Aptur priek\u0161laic\u012bgas matu izkri\u0161anas veicino\u0161u fermentu darb\u012bbu, pastiprina matu sak\u0146u darb\u012bbu, stimul\u0113 asinsriti [&#8230;]\n","protected":false},"featured_media":104440,"template":"","meta":[],"product_cat":[1345],"product_tag":[],"class_list":{"0":"post-32323","1":"product","2":"type-product","3":"status-publish","4":"has-post-thumbnail","6":"product_brand-elfa_ua","7":"product_cat-kitos-plauku-prieziuros-priemones","9":"first","10":"instock","11":"taxable","12":"shipping-taxable","13":"product-type-simple"},"_links":{"self":[{"href":"https:\/\/e.kosmolat.eu\/lv\/wp-json\/wp\/v2\/product\/32323","targetHints":{"allow":["GET"]}}],"collection":[{"href":"https:\/\/e.kosmolat.eu\/lv\/wp-json\/wp\/v2\/product"}],"about":[{"href":"https:\/\/e.kosmolat.eu\/lv\/wp-json\/wp\/v2\/types\/product"}],"wp:featuredmedia":[{"embeddable":true,"href":"https:\/\/e.kosmolat.eu\/lv\/wp-json\/wp\/v2\/media\/104440"}],"wp:attachment":[{"href":"https:\/\/e.kosmolat.eu\/lv\/wp-json\/wp\/v2\/media?parent=32323"}],"wp:term":[{"taxonomy":"product_cat","embeddable":true,"href":"https:\/\/e.kosmolat.eu\/lv\/wp-json\/wp\/v2\/product_cat?post=32323"},{"taxonomy":"product_tag","embeddable":true,"href":"https:\/\/e.kosmolat.eu\/lv\/wp-json\/wp\/v2\/product_tag?post=32323"}],"curies":[{"name":"wp","href":"https:\/\/api.w.org\/{rel}","templated":true}]}}